{"id":1501,"date":"2022-01-20T11:07:32","date_gmt":"2022-01-20T10:07:32","guid":{"rendered":"https:\/\/www.dev.fundaciontal.org\/?page_id=1501"},"modified":"2026-02-09T18:15:09","modified_gmt":"2026-02-09T17:15:09","slug":"canal-denuncias","status":"publish","type":"page","link":"https:\/\/www.dev.fundaciontal.org\/es\/portal-de-transparencia\/canal-denuncias\/","title":{"rendered":"Canal denuncias"},"content":{"rendered":"<div class=\"wpb-content-wrapper\"><p>[vc_row full_width=\u00bbstretch_row_content_no_spaces\u00bb bg_type=\u00bbimage\u00bb parallax_style=\u00bbvcpb-vz-jquery\u00bb bg_image_new=\u00bbid^359|url^https:\/\/www.dev.fundaciontal.org\/wp-content\/uploads\/2019\/11\/header-portal-transparencia.jpg|caption^null|alt^null|title^header-portal-transparencia|description^null\u00bb bg_image_repeat=\u00bbno-repeat\u00bb parallax_sense=\u00bb20&#8243; type=\u00bbvc_default\u00bb css=\u00bb.vc_custom_1575117705251{margin-top: -50px !important;}\u00bb][vc_column]<div class=\"ult-spacer spacer-69e4d1c8bbc11\" data-id=\"69e4d1c8bbc11\" data-height=\"350\" data-height-mobile=\"150\" data-height-tab=\"300\" data-height-tab-portrait=\"300\" data-height-mobile-landscape=\"150\" style=\"clear:both;display:block;\"><\/div>[\/vc_column][\/vc_row][vc_row full_width=\u00bbstretch_row\u00bb margin_top=\u00bb40&#8243; margin_bottom=\u00bb20&#8243; el_class=\u00bbrow-bk-light-gray\u00bb css=\u00bb.vc_custom_1575049783720{margin-top: -15px !important;margin-bottom: 20px !important;}\u00bb][vc_column]<div class=\"ult-spacer spacer-69e4d1c8bbc43\" data-id=\"69e4d1c8bbc43\" data-height=\"20\" data-height-mobile=\"20\" data-height-tab=\"20\" data-height-tab-portrait=\"\" data-height-mobile-landscape=\"\" style=\"clear:both;display:block;\"><\/div>[vc_column_text css=\u00bb.vc_custom_1713256209420{margin-bottom: 10px !important;}\u00bb]<\/p>\n<h1 style=\"text-align: center;\">Canal Denuncias<\/h1>\n<p>[\/vc_column_text]<div class=\"hr-thin style-line accent-border-color\" style=\"width: 50px;border-top-width: 2px;\"><\/div>[\/vc_column][\/vc_row][vc_row full_width=\u00bbstretch_row\u00bb][vc_column][vc_row_inner gap=\u00bb35&#8243;][vc_column_inner el_class=\u00bbtransp-col-border\u00bb][vc_column_text]La Fundaci\u00f3n TAL pone a disposici\u00f3n de todas las personas empleadas y colaboradoras externas de la Fundaci\u00f3n el Canal de Denuncias del Sistema Interno de Informaci\u00f3n (SII GVA) de la Generalitat Valenciana para la recepci\u00f3n de denuncias relacionadas con conductas o pr\u00e1cticas que puedan dar lugar a la comisi\u00f3n de alg\u00fan hecho delictivo o que supongan un incumplimiento de la normativa legal vigente o de los principios establecidos en el <em>\u00abProtocolo de Prevenci\u00f3n de Riesgos Penales\u00bb<\/em>, as\u00ed como para la recepci\u00f3n de cualquier duda, queja o sugerencia en materia de Cumplimiento Normativo.<\/p>\n<p>El Canal de Denuncias del Sistema Interno de Informaci\u00f3n (SII GVA) de la Generalitat Valenciana garantiza la m\u00e1xima confidencialidad y el anonimato en los procesos de investigaci\u00f3n de las denuncias recibidas y el tratamiento de las mismas con objetividad, imparcialidad y transparencia.<\/p>\n<p>Las denuncias ser\u00e1n dirigidas a la Inspecci\u00f3n General de Servicios de la Generalitat Valenciana para su tratamiento. Acceda en el siguiente enlace:[\/vc_column_text]<style type=\"text\/css\" data-type=\"the7_shortcodes-inline-css\">#default-btn-f17a7b9dcbecb44d1855c9177ddcf4bd.ico-right-side > i {\n  margin-right: 0px;\n  margin-left: 8px;\n}\n#default-btn-f17a7b9dcbecb44d1855c9177ddcf4bd > i {\n  margin-right: 8px;\n}<\/style><div class=\"btn-align-center\"><a href=\"https:\/\/cjusticia.gva.es\/es\/web\/inspeccion-general-servicios\/sistema-interno-informacion\" class=\"default-btn-shortcode dt-btn dt-btn-m link-hover-off ico-right-side full-width-btn \" target=\"_blank\" id=\"default-btn-f17a7b9dcbecb44d1855c9177ddcf4bd\" rel=\"nofollow\"><span>Sistema Interno de Informaci\u00f3n (Canales Internos de Denuncias)<\/span><i class=\"icomoon-the7-font-the7-link-03\"><\/i><\/a><\/div><div class=\"ult-spacer spacer-69e4d1c8bbd5c\" data-id=\"69e4d1c8bbd5c\" data-height=\"20\" data-height-mobile=\"20\" data-height-tab=\"20\" data-height-tab-portrait=\"\" data-height-mobile-landscape=\"\" style=\"clear:both;display:block;\"><\/div><style type=\"text\/css\" data-type=\"the7_shortcodes-inline-css\">#default-btn-ce6ba40f45dcf6c2fed48a1833c5648a.ico-right-side > i {\n  margin-right: 0px;\n  margin-left: 8px;\n}\n#default-btn-ce6ba40f45dcf6c2fed48a1833c5648a > i {\n  margin-right: 8px;\n}<\/style><div class=\"btn-align-center\"><a href=\"https:\/\/www.dev.fundaciontal.org\/wp-content\/uploads\/docs\/portal-transparencia\/cumplimiento-normativo\/comunicacion-responsable-ente-sii.pdf\" class=\"default-btn-shortcode dt-btn dt-btn-m link-hover-off ico-right-side full-width-btn \" target=\"_blank\" id=\"default-btn-ce6ba40f45dcf6c2fed48a1833c5648a\" rel=\"nofollow\"><span>Comunicaci\u00f3n \/ Informe anual del Responsable del Ente del Sistema Interno de Informaci\u00f3n (SII)<\/span><i class=\"icomoon-the7-font-the7-link-03\"><\/i><\/a><\/div>[\/vc_column_inner][\/vc_row_inner][\/vc_column][\/vc_row][vc_row full_width=\u00bbstretch_row\u00bb][vc_column][vc_row_inner gap=\u00bb35&#8243;][vc_column_inner el_class=\u00bbtransp-col-border\u00bb][vc_column_text css=\u00bb\u00bb]<\/p>\n<h5 style=\"text-align: center;\">Acuerdo singular de adhesi\u00f3n al convenio tipo de colaboraci\u00f3n entre la Generalitat, a trav\u00e9s de la Conselleria de Hacienda, Econom\u00eda y Administraci\u00f3n P\u00fablica y Fundaci\u00f3n Tribunal de Arbitraje Laboral de la Comunitat Valenciana con el fin de formalizar su adhesi\u00f3n y compartir el Sistema Interno de Informaci\u00f3n de la Administraci\u00f3n de la Generalitat (SII-GVA)<\/h5>\n<p>[\/vc_column_text]<style type=\"text\/css\" data-type=\"the7_shortcodes-inline-css\">#default-btn-fbed8da6fdacfddfafad8bbe29eb9013.ico-right-side > i {\n  margin-right: 0px;\n  margin-left: 8px;\n}\n#default-btn-fbed8da6fdacfddfafad8bbe29eb9013 > i {\n  margin-right: 8px;\n}<\/style><div class=\"btn-align-center\"><a href=\"https:\/\/dogv.gva.es\/es\/resultat-dogv?signatura=2024\/7333\" class=\"default-btn-shortcode dt-btn dt-btn-m link-hover-off ico-right-side \" target=\"_blank\" id=\"default-btn-fbed8da6fdacfddfafad8bbe29eb9013\" style=\"width:400px;\" rel=\"nofollow\"><span>Ir a publicaci\u00f3n (DOGV n\u00fam. 9909 de 06.08.2024)<\/span><i class=\"Defaults-download\"><\/i><\/a><\/div>[\/vc_column_inner][\/vc_row_inner][vc_row_inner][vc_column_inner el_class=\u00bbtransp-col-border\u00bb][vc_column_text css=\u00bb\u00bb]<\/p>\n<h5 style=\"text-align: center;\">C\u00f3digo \u00c9tico y de Conducta<\/h5>\n<p>[\/vc_column_text]<style type=\"text\/css\" data-type=\"the7_shortcodes-inline-css\">#default-btn-77c4f819a7d906b6ca58ccded5614b02.ico-right-side > i {\n  margin-right: 0px;\n  margin-left: 8px;\n}\n#default-btn-77c4f819a7d906b6ca58ccded5614b02 > i {\n  margin-right: 8px;\n}<\/style><div class=\"btn-align-center\"><a href=\"https:\/\/www.dev.fundaciontal.org\/wp-content\/uploads\/docs\/portal-transparencia\/info-corporativa\/Codigo_Etico_V1.pdf\" class=\"default-btn-shortcode dt-btn dt-btn-m link-hover-off ico-right-side \" target=\"_blank\" id=\"default-btn-77c4f819a7d906b6ca58ccded5614b02\" style=\"width:400px;\" rel=\"nofollow\"><span>Descargar C\u00f3digo<\/span><i class=\"Defaults-download\"><\/i><\/a><\/div><div class=\"ult-spacer spacer-69e4d1c8bbe83\" data-id=\"69e4d1c8bbe83\" data-height=\"20\" data-height-mobile=\"20\" data-height-tab=\"20\" data-height-tab-portrait=\"\" data-height-mobile-landscape=\"\" style=\"clear:both;display:block;\"><\/div>[vc_column_text css=\u00bb\u00bb]<\/p>\n<h5 style=\"text-align: center;\">Protocolo de prevenci\u00f3n de riesgos penales<\/h5>\n<p>[\/vc_column_text]<style type=\"text\/css\" data-type=\"the7_shortcodes-inline-css\">#default-btn-b26e279891e50acf36edc482638ef801.ico-right-side > i {\n  margin-right: 0px;\n  margin-left: 8px;\n}\n#default-btn-b26e279891e50acf36edc482638ef801 > i {\n  margin-right: 8px;\n}<\/style><div class=\"btn-align-center\"><a href=\"https:\/\/www.dev.fundaciontal.org\/wp-content\/uploads\/docs\/portal-transparencia\/cumplimiento-normativo\/protocolo-prevencion-riesgos-penales.pdf\" class=\"default-btn-shortcode dt-btn dt-btn-m link-hover-off ico-right-side \" target=\"_blank\" id=\"default-btn-b26e279891e50acf36edc482638ef801\" style=\"width:400px;\" rel=\"nofollow\"><span>Descargar Protocolo<\/span><i class=\"Defaults-download\"><\/i><\/a><\/div>[\/vc_column_inner][\/vc_row_inner][\/vc_column][\/vc_row][vc_row][vc_column][vc_column_text]<br \/>\n[\/vc_column_text][\/vc_column][\/vc_row][vc_row css=\u00bb.vc_custom_1676198960064{padding-top: 20px !important;}\u00bb el_class=\u00bbfooter-transparencia\u00bb][vc_column css=\u00bb.vc_custom_1676198386570{padding-top: 0px !important;padding-right: 0px !important;padding-bottom: 0px !important;padding-left: 0px !important;}\u00bb][vc_separator color=\u00bbcustom\u00bb border_width=\u00bb2&#8243; accent_color=\u00bb#dddddd\u00bb][vc_column_text css=\u00bb\u00bb]<em><strong>\u00d3rgano que genera la informaci\u00f3n<\/strong>: Administraci\u00f3n de la Fundaci\u00f3n TAL<br \/>\n<\/em><em><strong>Fecha de \u00faltima actualizaci\u00f3n<\/strong>: 09\/02\/2026.<br \/>\n<\/em><em><strong>Periodicidad<\/strong>: cada vez que se produzca una modificaci\u00f3n.<\/em>[\/vc_column_text][\/vc_column][\/vc_row]<\/p>\n<\/div>","protected":false},"excerpt":{"rendered":"<p>[vc_row full_width=\u00bbstretch_row_content_no_spaces\u00bb bg_type=\u00bbimage\u00bb parallax_style=\u00bbvcpb-vz-jquery\u00bb bg_image_new=\u00bbid^359|url^https:\/\/www.dev.fundaciontal.org\/wp-content\/uploads\/2019\/11\/header-portal-transparencia.jpg|caption^null|alt^null|title^header-portal-transparencia|description^null\u00bb bg_image_repeat=\u00bbno-repeat\u00bb parallax_sense=\u00bb20&#8243; type=\u00bbvc_default\u00bb css=\u00bb.vc_custom_1575117705251{margin-top: -50px !important;}\u00bb][vc_column][\/vc_column][\/vc_row][vc_row full_width=\u00bbstretch_row\u00bb margin_top=\u00bb40&#8243; margin_bottom=\u00bb20&#8243; el_class=\u00bbrow-bk-light-gray\u00bb css=\u00bb.vc_custom_1575049783720{margin-top: -15px !important;margin-bottom: 20px !important;}\u00bb][vc_column][vc_column_text css=\u00bb.vc_custom_1713256209420{margin-bottom: 10px !important;}\u00bb] Canal Denuncias [\/vc_column_text][\/vc_column][\/vc_row][vc_row full_width=\u00bbstretch_row\u00bb][vc_column][vc_row_inner gap=\u00bb35&#8243;][vc_column_inner el_class=\u00bbtransp-col-border\u00bb][vc_column_text]La Fundaci\u00f3n TAL pone a disposici\u00f3n de todas las personas empleadas y colaboradoras externas de la Fundaci\u00f3n el Canal de Denuncias del Sistema Interno de Informaci\u00f3n (SII&hellip;<\/p>\n","protected":false},"author":3,"featured_media":0,"parent":785,"menu_order":0,"comment_status":"closed","ping_status":"closed","template":"","meta":{"footnotes":""},"class_list":["post-1501","page","type-page","status-publish","hentry","description-off"],"yoast_head":"<!-- This site is optimized with the Yoast SEO plugin v26.2 - https:\/\/yoast.com\/wordpress\/plugins\/seo\/ -->\n<title>Canal denuncias - Fundaci\u00f3 TAL<\/title>\n<meta name=\"description\" content=\"Conoce toda la Informaci\u00f3n Corporativa de la Fundaci\u00f3n Tribunal de Arbitraje Laboral de la Comunidad Valenciana dentro del Portal de Transparencia.\" \/>\n<meta name=\"robots\" content=\"index, follow, max-snippet:-1, max-image-preview:large, max-video-preview:-1\" \/>\n<link rel=\"canonical\" href=\"https:\/\/www.dev.fundaciontal.org\/es\/portal-de-transparencia\/canal-denuncias\/\" \/>\n<meta property=\"og:locale\" content=\"es_ES\" \/>\n<meta property=\"og:type\" content=\"article\" \/>\n<meta property=\"og:title\" content=\"Canal denuncias - Fundaci\u00f3 TAL\" \/>\n<meta property=\"og:description\" content=\"Conoce toda la Informaci\u00f3n Corporativa de la Fundaci\u00f3n Tribunal de Arbitraje Laboral de la Comunidad Valenciana dentro del Portal de Transparencia.\" \/>\n<meta property=\"og:url\" content=\"https:\/\/www.dev.fundaciontal.org\/es\/portal-de-transparencia\/canal-denuncias\/\" \/>\n<meta property=\"og:site_name\" content=\"Fundaci\u00f3 TAL\" \/>\n<meta property=\"article:modified_time\" content=\"2026-02-09T17:15:09+00:00\" \/>\n<meta name=\"twitter:card\" content=\"summary_large_image\" \/>\n<meta name=\"twitter:label1\" content=\"Tiempo de lectura\" \/>\n\t<meta name=\"twitter:data1\" content=\"5 minutos\" \/>\n<script type=\"application\/ld+json\" class=\"yoast-schema-graph\">{\"@context\":\"https:\/\/schema.org\",\"@graph\":[{\"@type\":\"WebPage\",\"@id\":\"https:\/\/www.dev.fundaciontal.org\/es\/portal-de-transparencia\/canal-denuncias\/\",\"url\":\"https:\/\/www.dev.fundaciontal.org\/es\/portal-de-transparencia\/canal-denuncias\/\",\"name\":\"Canal denuncias - Fundaci\u00f3 TAL\",\"isPartOf\":{\"@id\":\"https:\/\/www.dev.fundaciontal.org\/#website\"},\"datePublished\":\"2022-01-20T10:07:32+00:00\",\"dateModified\":\"2026-02-09T17:15:09+00:00\",\"description\":\"Conoce toda la Informaci\u00f3n Corporativa de la Fundaci\u00f3n Tribunal de Arbitraje Laboral de la Comunidad Valenciana dentro del Portal de Transparencia.\",\"breadcrumb\":{\"@id\":\"https:\/\/www.dev.fundaciontal.org\/es\/portal-de-transparencia\/canal-denuncias\/#breadcrumb\"},\"inLanguage\":\"es\",\"potentialAction\":[{\"@type\":\"ReadAction\",\"target\":[\"https:\/\/www.dev.fundaciontal.org\/es\/portal-de-transparencia\/canal-denuncias\/\"]}]},{\"@type\":\"BreadcrumbList\",\"@id\":\"https:\/\/www.dev.fundaciontal.org\/es\/portal-de-transparencia\/canal-denuncias\/#breadcrumb\",\"itemListElement\":[{\"@type\":\"ListItem\",\"position\":1,\"name\":\"Portada\",\"item\":\"https:\/\/www.dev.fundaciontal.org\/es\/\"},{\"@type\":\"ListItem\",\"position\":2,\"name\":\"Transparencia\",\"item\":\"https:\/\/www.dev.fundaciontal.org\/es\/portal-de-transparencia\/\"},{\"@type\":\"ListItem\",\"position\":3,\"name\":\"Canal denuncias\"}]},{\"@type\":\"WebSite\",\"@id\":\"https:\/\/www.dev.fundaciontal.org\/#website\",\"url\":\"https:\/\/www.dev.fundaciontal.org\/\",\"name\":\"Fundaci\u00f3 TAL\",\"description\":\"Fundaci\u00f3 Tribunal d&#039;Arbitratge Laboral de la Comunitat Valenciana\",\"publisher\":{\"@id\":\"https:\/\/www.dev.fundaciontal.org\/#organization\"},\"potentialAction\":[{\"@type\":\"SearchAction\",\"target\":{\"@type\":\"EntryPoint\",\"urlTemplate\":\"https:\/\/www.dev.fundaciontal.org\/?s={search_term_string}\"},\"query-input\":{\"@type\":\"PropertyValueSpecification\",\"valueRequired\":true,\"valueName\":\"search_term_string\"}}],\"inLanguage\":\"es\"},{\"@type\":\"Organization\",\"@id\":\"https:\/\/www.dev.fundaciontal.org\/#organization\",\"name\":\"Fundaci\u00f3 Tribunal d'Arbitratge Laboral de la Comunitat Valenciana\",\"url\":\"https:\/\/www.dev.fundaciontal.org\/\",\"logo\":{\"@type\":\"ImageObject\",\"inLanguage\":\"es\",\"@id\":\"https:\/\/www.dev.fundaciontal.org\/#\/schema\/logo\/image\/\",\"url\":\"https:\/\/www.dev.fundaciontal.org\/wp-content\/uploads\/2019\/11\/logo-tal-header-std.png\",\"contentUrl\":\"https:\/\/www.dev.fundaciontal.org\/wp-content\/uploads\/2019\/11\/logo-tal-header-std.png\",\"width\":299,\"height\":70,\"caption\":\"Fundaci\u00f3 Tribunal d'Arbitratge Laboral de la Comunitat Valenciana\"},\"image\":{\"@id\":\"https:\/\/www.dev.fundaciontal.org\/#\/schema\/logo\/image\/\"}}]}<\/script>\n<!-- \/ Yoast SEO plugin. -->","yoast_head_json":{"title":"Canal denuncias - Fundaci\u00f3 TAL","description":"Conoce toda la Informaci\u00f3n Corporativa de la Fundaci\u00f3n Tribunal de Arbitraje Laboral de la Comunidad Valenciana dentro del Portal de Transparencia.","robots":{"index":"index","follow":"follow","max-snippet":"max-snippet:-1","max-image-preview":"max-image-preview:large","max-video-preview":"max-video-preview:-1"},"canonical":"https:\/\/www.dev.fundaciontal.org\/es\/portal-de-transparencia\/canal-denuncias\/","og_locale":"es_ES","og_type":"article","og_title":"Canal denuncias - Fundaci\u00f3 TAL","og_description":"Conoce toda la Informaci\u00f3n Corporativa de la Fundaci\u00f3n Tribunal de Arbitraje Laboral de la Comunidad Valenciana dentro del Portal de Transparencia.","og_url":"https:\/\/www.dev.fundaciontal.org\/es\/portal-de-transparencia\/canal-denuncias\/","og_site_name":"Fundaci\u00f3 TAL","article_modified_time":"2026-02-09T17:15:09+00:00","twitter_card":"summary_large_image","twitter_misc":{"Tiempo de lectura":"5 minutos"},"schema":{"@context":"https:\/\/schema.org","@graph":[{"@type":"WebPage","@id":"https:\/\/www.dev.fundaciontal.org\/es\/portal-de-transparencia\/canal-denuncias\/","url":"https:\/\/www.dev.fundaciontal.org\/es\/portal-de-transparencia\/canal-denuncias\/","name":"Canal denuncias - Fundaci\u00f3 TAL","isPartOf":{"@id":"https:\/\/www.dev.fundaciontal.org\/#website"},"datePublished":"2022-01-20T10:07:32+00:00","dateModified":"2026-02-09T17:15:09+00:00","description":"Conoce toda la Informaci\u00f3n Corporativa de la Fundaci\u00f3n Tribunal de Arbitraje Laboral de la Comunidad Valenciana dentro del Portal de Transparencia.","breadcrumb":{"@id":"https:\/\/www.dev.fundaciontal.org\/es\/portal-de-transparencia\/canal-denuncias\/#breadcrumb"},"inLanguage":"es","potentialAction":[{"@type":"ReadAction","target":["https:\/\/www.dev.fundaciontal.org\/es\/portal-de-transparencia\/canal-denuncias\/"]}]},{"@type":"BreadcrumbList","@id":"https:\/\/www.dev.fundaciontal.org\/es\/portal-de-transparencia\/canal-denuncias\/#breadcrumb","itemListElement":[{"@type":"ListItem","position":1,"name":"Portada","item":"https:\/\/www.dev.fundaciontal.org\/es\/"},{"@type":"ListItem","position":2,"name":"Transparencia","item":"https:\/\/www.dev.fundaciontal.org\/es\/portal-de-transparencia\/"},{"@type":"ListItem","position":3,"name":"Canal denuncias"}]},{"@type":"WebSite","@id":"https:\/\/www.dev.fundaciontal.org\/#website","url":"https:\/\/www.dev.fundaciontal.org\/","name":"Fundaci\u00f3 TAL","description":"Fundaci\u00f3 Tribunal d&#039;Arbitratge Laboral de la Comunitat Valenciana","publisher":{"@id":"https:\/\/www.dev.fundaciontal.org\/#organization"},"potentialAction":[{"@type":"SearchAction","target":{"@type":"EntryPoint","urlTemplate":"https:\/\/www.dev.fundaciontal.org\/?s={search_term_string}"},"query-input":{"@type":"PropertyValueSpecification","valueRequired":true,"valueName":"search_term_string"}}],"inLanguage":"es"},{"@type":"Organization","@id":"https:\/\/www.dev.fundaciontal.org\/#organization","name":"Fundaci\u00f3 Tribunal d'Arbitratge Laboral de la Comunitat Valenciana","url":"https:\/\/www.dev.fundaciontal.org\/","logo":{"@type":"ImageObject","inLanguage":"es","@id":"https:\/\/www.dev.fundaciontal.org\/#\/schema\/logo\/image\/","url":"https:\/\/www.dev.fundaciontal.org\/wp-content\/uploads\/2019\/11\/logo-tal-header-std.png","contentUrl":"https:\/\/www.dev.fundaciontal.org\/wp-content\/uploads\/2019\/11\/logo-tal-header-std.png","width":299,"height":70,"caption":"Fundaci\u00f3 Tribunal d'Arbitratge Laboral de la Comunitat Valenciana"},"image":{"@id":"https:\/\/www.dev.fundaciontal.org\/#\/schema\/logo\/image\/"}}]}},"_links":{"self":[{"href":"https:\/\/www.dev.fundaciontal.org\/es\/wp-json\/wp\/v2\/pages\/1501","targetHints":{"allow":["GET"]}}],"collection":[{"href":"https:\/\/www.dev.fundaciontal.org\/es\/wp-json\/wp\/v2\/pages"}],"about":[{"href":"https:\/\/www.dev.fundaciontal.org\/es\/wp-json\/wp\/v2\/types\/page"}],"author":[{"embeddable":true,"href":"https:\/\/www.dev.fundaciontal.org\/es\/wp-json\/wp\/v2\/users\/3"}],"replies":[{"embeddable":true,"href":"https:\/\/www.dev.fundaciontal.org\/es\/wp-json\/wp\/v2\/comments?post=1501"}],"version-history":[{"count":39,"href":"https:\/\/www.dev.fundaciontal.org\/es\/wp-json\/wp\/v2\/pages\/1501\/revisions"}],"predecessor-version":[{"id":2551,"href":"https:\/\/www.dev.fundaciontal.org\/es\/wp-json\/wp\/v2\/pages\/1501\/revisions\/2551"}],"up":[{"embeddable":true,"href":"https:\/\/www.dev.fundaciontal.org\/es\/wp-json\/wp\/v2\/pages\/785"}],"wp:attachment":[{"href":"https:\/\/www.dev.fundaciontal.org\/es\/wp-json\/wp\/v2\/media?parent=1501"}],"curies":[{"name":"wp","href":"https:\/\/api.w.org\/{rel}","templated":true}]}}