{"id":764,"date":"2019-12-06T07:42:27","date_gmt":"2019-12-06T06:42:27","guid":{"rendered":"https:\/\/sfundaciontal.local\/?page_id=764"},"modified":"2019-12-19T06:46:11","modified_gmt":"2019-12-19T05:46:11","slug":"fundacion-tal","status":"publish","type":"page","link":"https:\/\/www.dev.fundaciontal.org\/es\/","title":{"rendered":"Fundaci\u00f3n TAL"},"content":{"rendered":"<div class=\"wpb-content-wrapper\"><p>[vc_row full_width=\u00bbstretch_row_content_no_spaces\u00bb bg_type=\u00bbimage\u00bb parallax_style=\u00bbvcpb-vz-jquery\u00bb bg_image_new=\u00bbid^345|url^https:\/\/www.dev.fundaciontal.org\/wp-content\/uploads\/2019\/11\/header-home.jpg|caption^null|alt^null|title^header-home|description^null\u00bb bg_image_repeat=\u00bbno-repeat\u00bb parallax_sense=\u00bb20&#8243; type=\u00bbvc_default\u00bb css=\u00bb.vc_custom_1574173128009{margin-top: -50px !important;}\u00bb][vc_column]<div class=\"ult-spacer spacer-69e4bb4a025da\" data-id=\"69e4bb4a025da\" data-height=\"450\" data-height-mobile=\"150\" data-height-tab=\"300\" data-height-tab-portrait=\"300\" data-height-mobile-landscape=\"150\" style=\"clear:both;display:block;\"><\/div>[\/vc_column][\/vc_row][vc_row margin_top=\u00bb40&#8243; margin_bottom=\u00bb20&#8243;][vc_column]<div class=\"ult-spacer spacer-69e4bb4a0260b\" data-id=\"69e4bb4a0260b\" data-height=\"40\" data-height-mobile=\"40\" data-height-tab=\"40\" data-height-tab-portrait=\"\" data-height-mobile-landscape=\"\" style=\"clear:both;display:block;\"><\/div>[vc_column_text css=\u00bb.vc_custom_1576082248126{margin-bottom: 10px !important;}\u00bb]<\/p>\n<h1 style=\"text-align: center;\">FUNDACI\u00d3N TRIBUNAL DE ARBITRAJE LABORAL DE LA COMUNITAT VALENCIANA<\/h1>\n<p>[\/vc_column_text]<div class=\"hr-thin style-line accent-border-color\" style=\"width: 80px;border-top-width: 2px;\"><\/div><div class=\"ult-spacer spacer-69e4bb4a02662\" data-id=\"69e4bb4a02662\" data-height=\"30\" data-height-mobile=\"30\" data-height-tab=\"30\" data-height-tab-portrait=\"\" data-height-mobile-landscape=\"\" style=\"clear:both;display:block;\"><\/div>[\/vc_column][\/vc_row][vc_row][vc_column][vc_column_text]La Fundaci\u00f3n TAL es la entidad que otorga personalidad jur\u00eddica y soporte administrativo al sistema de soluci\u00f3n aut\u00f3noma de conflictos laborales en la Comunitat Valenciana. Este sistema es un mecanismo propio de soluci\u00f3n de conflictos laborales del que se han dotado los agentes sociales y econ\u00f3micos de la Comunitat Valenciana a trav\u00e9s de la negociaci\u00f3n colectiva. Su finalidad es la soluci\u00f3n acordada de los conflictos colectivos laborales mediante los procedimientos de mediaci\u00f3n y arbitraje, evitando a las partes afectadas largos procesos de costosa y compleja resoluci\u00f3n.<\/p>\n<p>[\/vc_column_text][vc_row_inner equal_height=\u00bbyes\u00bb gap=\u00bb20&#8243; css=\u00bb.vc_custom_1574012388181{margin-bottom: 20px !important;}\u00bb][vc_column_inner el_class=\u00bbcol-home-banner-link\u00bb width=\u00bb1\/3&#8243;][vc_single_image image=\u00bb700&#8243; img_size=\u00bbfull\u00bb alignment=\u00bbcenter\u00bb onclick=\u00bbcustom_link\u00bb lazy_loading=\u00bbtrue\u00bb link=\u00bb\/es\/fundacion-tal\/preguntas-frecuentes\/\u00bb][vc_column_text css=\u00bb.vc_custom_1575629498986{margin-bottom: 15px !important;}\u00bb el_class=\u00bbtitle-no-transform\u00bb]<\/p>\n<h5 style=\"text-align: center;\"><a href=\"https:\/\/www.dev.fundaciontal.org\/es\/fundacion-tal\/preguntas-frecuentes\/\">Preguntas frecuentes<\/a><\/h5>\n<p>[\/vc_column_text][\/vc_column_inner][vc_column_inner el_class=\u00bbcol-home-banner-link\u00bb width=\u00bb1\/3&#8243;][vc_single_image image=\u00bb702&#8243; img_size=\u00bbfull\u00bb alignment=\u00bbcenter\u00bb onclick=\u00bbcustom_link\u00bb lazy_loading=\u00bbtrue\u00bb link=\u00bb\/es\/fundacion-tal\/mediacion\/\u00bb][vc_column_text css=\u00bb.vc_custom_1575629515649{margin-bottom: 15px !important;}\u00bb el_class=\u00bbtitle-no-transform\u00bb]<\/p>\n<h5 style=\"text-align: center;\"><a href=\"https:\/\/www.dev.fundaciontal.org\/es\/fundacion-tal\/mediacion\/\">Mediaci\u00f3n<\/a><\/h5>\n<p>[\/vc_column_text][\/vc_column_inner][vc_column_inner el_class=\u00bbcol-home-banner-link\u00bb width=\u00bb1\/3&#8243;][vc_single_image image=\u00bb701&#8243; img_size=\u00bbfull\u00bb alignment=\u00bbcenter\u00bb onclick=\u00bbcustom_link\u00bb lazy_loading=\u00bbtrue\u00bb link=\u00bb\/es\/fundacion-tal\/arbitraje\/\u00bb][vc_column_text css=\u00bb.vc_custom_1575629535649{margin-bottom: 15px !important;}\u00bb el_class=\u00bbtitle-no-transform\u00bb]<\/p>\n<h5 style=\"text-align: center;\"><a href=\"https:\/\/www.dev.fundaciontal.org\/es\/fundacion-tal\/arbitraje\/\">Arbitraje<\/a><\/h5>\n<p>[\/vc_column_text][\/vc_column_inner][\/vc_row_inner][vc_row_inner equal_height=\u00bbyes\u00bb gap=\u00bb20&#8243; css=\u00bb.vc_custom_1574012388181{margin-bottom: 20px !important;}\u00bb][vc_column_inner el_class=\u00bbcol-home-banner-link\u00bb width=\u00bb1\/3&#8243;][vc_single_image image=\u00bb375&#8243; img_size=\u00bbfull\u00bb alignment=\u00bbcenter\u00bb onclick=\u00bbcustom_link\u00bb lazy_loading=\u00bbtrue\u00bb link=\u00bb\/es\/fundacion-tal\/comision-tecnica\/\u00bb][vc_column_text css=\u00bb.vc_custom_1575629554122{margin-bottom: 15px !important;}\u00bb el_class=\u00bbtitle-no-transform\u00bb]<\/p>\n<h5 style=\"text-align: center;\"><a href=\"https:\/\/www.dev.fundaciontal.org\/es\/fundacion-tal\/comision-tecnica\/\">Comisi\u00f3n t\u00e9cnica<\/a><\/h5>\n<p>[\/vc_column_text][\/vc_column_inner][vc_column_inner el_class=\u00bbcol-home-banner-link\u00bb width=\u00bb1\/3&#8243;][vc_single_image image=\u00bb377&#8243; img_size=\u00bbfull\u00bb alignment=\u00bbcenter\u00bb onclick=\u00bbcustom_link\u00bb lazy_loading=\u00bbtrue\u00bb link=\u00bb\/es\/fundacion-tal\/comite-seguimiento-asac-cv\/\u00bb][vc_column_text css=\u00bb.vc_custom_1575629570211{margin-bottom: 15px !important;}\u00bb el_class=\u00bbtitle-no-transform\u00bb]<\/p>\n<h5 style=\"text-align: center;\"><a href=\"https:\/\/www.dev.fundaciontal.org\/es\/fundacion-tal\/comite-seguimiento-asac-cv\/\">Comit\u00e9 Seguimiento ASAC-CV<\/a><\/h5>\n<p>[\/vc_column_text][\/vc_column_inner][vc_column_inner el_class=\u00bbcol-home-banner-link\u00bb width=\u00bb1\/3&#8243;][vc_single_image image=\u00bb376&#8243; img_size=\u00bbfull\u00bb alignment=\u00bbcenter\u00bb onclick=\u00bbcustom_link\u00bb lazy_loading=\u00bbtrue\u00bb link=\u00bb\/es\/fundacion-tal\/patronato\/\u00bb][vc_column_text css=\u00bb.vc_custom_1575629581281{margin-bottom: 15px !important;}\u00bb el_class=\u00bbtitle-no-transform\u00bb]<\/p>\n<h5 style=\"text-align: center;\"><a href=\"https:\/\/www.dev.fundaciontal.org\/es\/fundacion-tal\/patronato\/\">Patronato<\/a><\/h5>\n<p>[\/vc_column_text][\/vc_column_inner][\/vc_row_inner]<div class=\"ult-spacer spacer-69e4bb4a02680\" data-id=\"69e4bb4a02680\" data-height=\"40\" data-height-mobile=\"40\" data-height-tab=\"40\" data-height-tab-portrait=\"\" data-height-mobile-landscape=\"\" style=\"clear:both;display:block;\"><\/div>[\/vc_column][\/vc_row][vc_row full_width=\u00bbstretch_row\u00bb margin_top=\u00bb40&#8243; margin_bottom=\u00bb20&#8243; el_class=\u00bbrow-bk-light-gray\u00bb][vc_column]<div class=\"ult-spacer spacer-69e4bb4a0269b\" data-id=\"69e4bb4a0269b\" data-height=\"60\" data-height-mobile=\"60\" data-height-tab=\"60\" data-height-tab-portrait=\"\" data-height-mobile-landscape=\"\" style=\"clear:both;display:block;\"><\/div>[vc_column_text css=\u00bb.vc_custom_1576733122088{margin-bottom: 10px !important;}\u00bb]<\/p>\n<h2 style=\"text-align: center;\">NORMATIVA, DESCARGA DE MODELOS Y ESTAD\u00cdSTICAS<\/h2>\n<p>[\/vc_column_text]<div class=\"hr-thin style-line accent-border-color\" style=\"width: 80px;border-top-width: 2px;\"><\/div><div class=\"ult-spacer spacer-69e4bb4a026d2\" data-id=\"69e4bb4a026d2\" data-height=\"20\" data-height-mobile=\"20\" data-height-tab=\"20\" data-height-tab-portrait=\"\" data-height-mobile-landscape=\"\" style=\"clear:both;display:block;\"><\/div>[vc_column_text]<\/p>\n<p style=\"text-align: center;\">Para m\u00e1s informaci\u00f3n relativa a normativa, descarga de modelos de documentaci\u00f3n y estad\u00edsticas puedes visitar la siguientes p\u00e1ginas:<\/p>\n<p>[\/vc_column_text][vc_row_inner equal_height=\u00bbyes\u00bb gap=\u00bb20&#8243; css=\u00bb.vc_custom_1574012388181{margin-bottom: 20px !important;}\u00bb][vc_column_inner el_class=\u00bbcol-home-banner-link\u00bb width=\u00bb1\/3&#8243;][vc_single_image image=\u00bb378&#8243; img_size=\u00bbfull\u00bb alignment=\u00bbcenter\u00bb onclick=\u00bbcustom_link\u00bb lazy_loading=\u00bbtrue\u00bb link=\u00bb\/es\/normativa\/\u00bb][vc_column_text css=\u00bb.vc_custom_1575629645891{margin-bottom: 15px !important;}\u00bb el_class=\u00bbtitle-no-transform\u00bb]<\/p>\n<h5 style=\"text-align: center;\"><a href=\"https:\/\/www.dev.fundaciontal.org\/es\/normativa\/\">Normativa<\/a><\/h5>\n<p>[\/vc_column_text][\/vc_column_inner][vc_column_inner el_class=\u00bbcol-home-banner-link\u00bb width=\u00bb1\/3&#8243;][vc_single_image image=\u00bb379&#8243; img_size=\u00bbfull\u00bb alignment=\u00bbcenter\u00bb onclick=\u00bbcustom_link\u00bb lazy_loading=\u00bbtrue\u00bb link=\u00bb\/es\/descarga-de-modelos\/\u00bb][vc_column_text css=\u00bb.vc_custom_1576733191489{margin-bottom: 15px !important;}\u00bb el_class=\u00bbtitle-no-transform\u00bb]<\/p>\n<h5 style=\"text-align: center;\"><a href=\"https:\/\/www.dev.fundaciontal.org\/es\/descarga-de-modelos\/\">Descarga de Modelos<\/a><\/h5>\n<p>[\/vc_column_text][\/vc_column_inner][vc_column_inner el_class=\u00bbcol-home-banner-link\u00bb width=\u00bb1\/3&#8243;][vc_single_image image=\u00bb380&#8243; img_size=\u00bbfull\u00bb alignment=\u00bbcenter\u00bb onclick=\u00bbcustom_link\u00bb lazy_loading=\u00bbtrue\u00bb link=\u00bb\/es\/estadisticas\/\u00bb][vc_column_text css=\u00bb.vc_custom_1575629675875{margin-bottom: 15px !important;}\u00bb el_class=\u00bbtitle-no-transform\u00bb]<\/p>\n<h5 style=\"text-align: center;\"><a href=\"https:\/\/www.dev.fundaciontal.org\/es\/estadisticas\/\">Estad\u00edsticas<\/a><\/h5>\n<p>[\/vc_column_text][\/vc_column_inner][\/vc_row_inner]<div class=\"ult-spacer spacer-69e4bb4a026eb\" data-id=\"69e4bb4a026eb\" data-height=\"40\" data-height-mobile=\"40\" data-height-tab=\"40\" data-height-tab-portrait=\"\" data-height-mobile-landscape=\"\" style=\"clear:both;display:block;\"><\/div>[\/vc_column][\/vc_row][vc_row full_width=\u00bbstretch_row\u00bb margin_top=\u00bb40&#8243; margin_bottom=\u00bb20&#8243; css=\u00bb.vc_custom_1576419053499{margin-bottom: -50px !important;}\u00bb][vc_column]<div class=\"ult-spacer spacer-69e4bb4a02704\" data-id=\"69e4bb4a02704\" data-height=\"60\" data-height-mobile=\"60\" data-height-tab=\"60\" data-height-tab-portrait=\"\" data-height-mobile-landscape=\"\" style=\"clear:both;display:block;\"><\/div>[vc_column_text css=\u00bb.vc_custom_1576419067653{margin-bottom: 10px !important;}\u00bb]<\/p>\n<h2 style=\"text-align: center;\">AVISOS, CALENDARIO DE PROCEDIMIENTOS Y CONTACTO<\/h2>\n<p>[\/vc_column_text]<div class=\"hr-thin style-line accent-border-color\" style=\"width: 80px;border-top-width: 2px;\"><\/div><div class=\"ult-spacer spacer-69e4bb4a02737\" data-id=\"69e4bb4a02737\" data-height=\"20\" data-height-mobile=\"20\" data-height-tab=\"20\" data-height-tab-portrait=\"\" data-height-mobile-landscape=\"\" style=\"clear:both;display:block;\"><\/div>[vc_column_text]<\/p>\n<p style=\"text-align: center;\">Conoce los avisos de \u00faltima hora y el calendario de procedimientos visitando la p\u00e1gina de Avisos y Calendario.<br \/>\nPara cualquier duda o consulta, o para enviar solicitudes de actuaciones visita la p\u00e1gina de Contacto.<\/p>\n<p>[\/vc_column_text][vc_row_inner equal_height=\u00bbyes\u00bb gap=\u00bb20&#8243; css=\u00bb.vc_custom_1574012388181{margin-bottom: 20px !important;}\u00bb][vc_column_inner width=\u00bb1\/6&#8243;][\/vc_column_inner][vc_column_inner el_class=\u00bbcol-home-banner-link\u00bb width=\u00bb1\/3&#8243;][vc_single_image image=\u00bb1011&#8243; img_size=\u00bbfull\u00bb alignment=\u00bbcenter\u00bb onclick=\u00bbcustom_link\u00bb lazy_loading=\u00bbtrue\u00bb link=\u00bb\/es\/avisos-y-calendario-de-procedimientos\/\u00bb][vc_column_text css=\u00bb.vc_custom_1576419232501{margin-bottom: 15px !important;}\u00bb el_class=\u00bbtitle-no-transform\u00bb]<\/p>\n<h5 style=\"text-align: center;\"><a href=\"https:\/\/www.dev.fundaciontal.org\/es\/avisos-y-calendario-de-procedimientos\/\">Avisos y Calendario<\/a><\/h5>\n<p>[\/vc_column_text][\/vc_column_inner][vc_column_inner el_class=\u00bbcol-home-banner-link\u00bb width=\u00bb1\/3&#8243;][vc_single_image image=\u00bb1013&#8243; img_size=\u00bbfull\u00bb alignment=\u00bbcenter\u00bb onclick=\u00bbcustom_link\u00bb lazy_loading=\u00bbtrue\u00bb link=\u00bb\/es\/contacto\/\u00bb][vc_column_text css=\u00bb.vc_custom_1576419250710{margin-bottom: 15px !important;}\u00bb el_class=\u00bbtitle-no-transform\u00bb]<\/p>\n<h5 style=\"text-align: center;\"><a href=\"https:\/\/www.dev.fundaciontal.org\/es\/contacto\/\">Contacto<\/a><\/h5>\n<p>[\/vc_column_text][\/vc_column_inner][vc_column_inner width=\u00bb1\/6&#8243;][\/vc_column_inner][\/vc_row_inner]<div class=\"ult-spacer spacer-69e4bb4a02750\" data-id=\"69e4bb4a02750\" data-height=\"40\" data-height-mobile=\"40\" data-height-tab=\"40\" data-height-tab-portrait=\"\" data-height-mobile-landscape=\"\" style=\"clear:both;display:block;\"><\/div>[\/vc_column][\/vc_row]<\/p>\n<\/div>","protected":false},"excerpt":{"rendered":"<p>[vc_row full_width=\u00bbstretch_row_content_no_spaces\u00bb bg_type=\u00bbimage\u00bb parallax_style=\u00bbvcpb-vz-jquery\u00bb bg_image_new=\u00bbid^345|url^https:\/\/www.dev.fundaciontal.org\/wp-content\/uploads\/2019\/11\/header-home.jpg|caption^null|alt^null|title^header-home|description^null\u00bb bg_image_repeat=\u00bbno-repeat\u00bb parallax_sense=\u00bb20&#8243; type=\u00bbvc_default\u00bb css=\u00bb.vc_custom_1574173128009{margin-top: -50px !important;}\u00bb][vc_column][\/vc_column][\/vc_row][vc_row margin_top=\u00bb40&#8243; margin_bottom=\u00bb20&#8243;][vc_column][vc_column_text css=\u00bb.vc_custom_1576082248126{margin-bottom: 10px !important;}\u00bb] FUNDACI\u00d3N TRIBUNAL DE ARBITRAJE LABORAL DE LA COMUNITAT VALENCIANA [\/vc_column_text][\/vc_column][\/vc_row][vc_row][vc_column][vc_column_text]La Fundaci\u00f3n TAL es la entidad que otorga personalidad jur\u00eddica y soporte administrativo al sistema de soluci\u00f3n aut\u00f3noma de conflictos laborales en la Comunitat Valenciana. Este sistema es un mecanismo&hellip;<\/p>\n","protected":false},"author":2,"featured_media":0,"parent":0,"menu_order":0,"comment_status":"closed","ping_status":"closed","template":"","meta":{"footnotes":""},"class_list":["post-764","page","type-page","status-publish","hentry","description-off"],"yoast_head":"<!-- This site is optimized with the Yoast SEO plugin v26.2 - https:\/\/yoast.com\/wordpress\/plugins\/seo\/ -->\n<title>Fundaci\u00f3n Tribunal de Arbitraje Laboral de la Comunidad Valenciana<\/title>\n<meta name=\"description\" content=\"La Fundaci\u00f3n TAL es la entidad que otorga personalidad jur\u00eddica y soporte administrativo al sistema de soluci\u00f3n aut\u00f3noma de conflictos laborales en la Comunitat Valenciana.\" \/>\n<meta name=\"robots\" content=\"index, follow, max-snippet:-1, max-image-preview:large, max-video-preview:-1\" \/>\n<link rel=\"canonical\" href=\"https:\/\/www.dev.fundaciontal.org\/es\/\" \/>\n<meta property=\"og:locale\" content=\"es_ES\" \/>\n<meta property=\"og:type\" content=\"article\" \/>\n<meta property=\"og:title\" content=\"Fundaci\u00f3n Tribunal de Arbitraje Laboral de la Comunidad Valenciana\" \/>\n<meta property=\"og:description\" content=\"La Fundaci\u00f3n TAL es la entidad que otorga personalidad jur\u00eddica y soporte administrativo al sistema de soluci\u00f3n aut\u00f3noma de conflictos laborales en la Comunitat Valenciana.\" \/>\n<meta property=\"og:url\" content=\"https:\/\/www.dev.fundaciontal.org\/es\/\" \/>\n<meta property=\"og:site_name\" content=\"Fundaci\u00f3 TAL\" \/>\n<meta property=\"article:modified_time\" content=\"2019-12-19T05:46:11+00:00\" \/>\n<meta name=\"twitter:card\" content=\"summary_large_image\" \/>\n<meta name=\"twitter:label1\" content=\"Tiempo de lectura\" \/>\n\t<meta name=\"twitter:data1\" content=\"5 minutos\" \/>\n<script type=\"application\/ld+json\" class=\"yoast-schema-graph\">{\"@context\":\"https:\/\/schema.org\",\"@graph\":[{\"@type\":\"WebPage\",\"@id\":\"https:\/\/www.dev.fundaciontal.org\/es\/\",\"url\":\"https:\/\/www.dev.fundaciontal.org\/es\/\",\"name\":\"Fundaci\u00f3n Tribunal de Arbitraje Laboral de la Comunidad Valenciana\",\"isPartOf\":{\"@id\":\"https:\/\/www.dev.fundaciontal.org\/#website\"},\"datePublished\":\"2019-12-06T06:42:27+00:00\",\"dateModified\":\"2019-12-19T05:46:11+00:00\",\"description\":\"La Fundaci\u00f3n TAL es la entidad que otorga personalidad jur\u00eddica y soporte administrativo al sistema de soluci\u00f3n aut\u00f3noma de conflictos laborales en la Comunitat Valenciana.\",\"breadcrumb\":{\"@id\":\"https:\/\/www.dev.fundaciontal.org\/es\/#breadcrumb\"},\"inLanguage\":\"es\",\"potentialAction\":[{\"@type\":\"ReadAction\",\"target\":[\"https:\/\/www.dev.fundaciontal.org\/es\/\"]}]},{\"@type\":\"BreadcrumbList\",\"@id\":\"https:\/\/www.dev.fundaciontal.org\/es\/#breadcrumb\",\"itemListElement\":[{\"@type\":\"ListItem\",\"position\":1,\"name\":\"Portada\",\"item\":\"https:\/\/www.dev.fundaciontal.org\/es\/\"},{\"@type\":\"ListItem\",\"position\":2,\"name\":\"Fundaci\u00f3n TAL\"}]},{\"@type\":\"WebSite\",\"@id\":\"https:\/\/www.dev.fundaciontal.org\/#website\",\"url\":\"https:\/\/www.dev.fundaciontal.org\/\",\"name\":\"Fundaci\u00f3 TAL\",\"description\":\"Fundaci\u00f3 Tribunal d&#039;Arbitratge Laboral de la Comunitat Valenciana\",\"publisher\":{\"@id\":\"https:\/\/www.dev.fundaciontal.org\/#organization\"},\"potentialAction\":[{\"@type\":\"SearchAction\",\"target\":{\"@type\":\"EntryPoint\",\"urlTemplate\":\"https:\/\/www.dev.fundaciontal.org\/?s={search_term_string}\"},\"query-input\":{\"@type\":\"PropertyValueSpecification\",\"valueRequired\":true,\"valueName\":\"search_term_string\"}}],\"inLanguage\":\"es\"},{\"@type\":\"Organization\",\"@id\":\"https:\/\/www.dev.fundaciontal.org\/#organization\",\"name\":\"Fundaci\u00f3 Tribunal d'Arbitratge Laboral de la Comunitat Valenciana\",\"url\":\"https:\/\/www.dev.fundaciontal.org\/\",\"logo\":{\"@type\":\"ImageObject\",\"inLanguage\":\"es\",\"@id\":\"https:\/\/www.dev.fundaciontal.org\/#\/schema\/logo\/image\/\",\"url\":\"https:\/\/www.dev.fundaciontal.org\/wp-content\/uploads\/2019\/11\/logo-tal-header-std.png\",\"contentUrl\":\"https:\/\/www.dev.fundaciontal.org\/wp-content\/uploads\/2019\/11\/logo-tal-header-std.png\",\"width\":299,\"height\":70,\"caption\":\"Fundaci\u00f3 Tribunal d'Arbitratge Laboral de la Comunitat Valenciana\"},\"image\":{\"@id\":\"https:\/\/www.dev.fundaciontal.org\/#\/schema\/logo\/image\/\"}}]}<\/script>\n<!-- \/ Yoast SEO plugin. -->","yoast_head_json":{"title":"Fundaci\u00f3n Tribunal de Arbitraje Laboral de la Comunidad Valenciana","description":"La Fundaci\u00f3n TAL es la entidad que otorga personalidad jur\u00eddica y soporte administrativo al sistema de soluci\u00f3n aut\u00f3noma de conflictos laborales en la Comunitat Valenciana.","robots":{"index":"index","follow":"follow","max-snippet":"max-snippet:-1","max-image-preview":"max-image-preview:large","max-video-preview":"max-video-preview:-1"},"canonical":"https:\/\/www.dev.fundaciontal.org\/es\/","og_locale":"es_ES","og_type":"article","og_title":"Fundaci\u00f3n Tribunal de Arbitraje Laboral de la Comunidad Valenciana","og_description":"La Fundaci\u00f3n TAL es la entidad que otorga personalidad jur\u00eddica y soporte administrativo al sistema de soluci\u00f3n aut\u00f3noma de conflictos laborales en la Comunitat Valenciana.","og_url":"https:\/\/www.dev.fundaciontal.org\/es\/","og_site_name":"Fundaci\u00f3 TAL","article_modified_time":"2019-12-19T05:46:11+00:00","twitter_card":"summary_large_image","twitter_misc":{"Tiempo de lectura":"5 minutos"},"schema":{"@context":"https:\/\/schema.org","@graph":[{"@type":"WebPage","@id":"https:\/\/www.dev.fundaciontal.org\/es\/","url":"https:\/\/www.dev.fundaciontal.org\/es\/","name":"Fundaci\u00f3n Tribunal de Arbitraje Laboral de la Comunidad Valenciana","isPartOf":{"@id":"https:\/\/www.dev.fundaciontal.org\/#website"},"datePublished":"2019-12-06T06:42:27+00:00","dateModified":"2019-12-19T05:46:11+00:00","description":"La Fundaci\u00f3n TAL es la entidad que otorga personalidad jur\u00eddica y soporte administrativo al sistema de soluci\u00f3n aut\u00f3noma de conflictos laborales en la Comunitat Valenciana.","breadcrumb":{"@id":"https:\/\/www.dev.fundaciontal.org\/es\/#breadcrumb"},"inLanguage":"es","potentialAction":[{"@type":"ReadAction","target":["https:\/\/www.dev.fundaciontal.org\/es\/"]}]},{"@type":"BreadcrumbList","@id":"https:\/\/www.dev.fundaciontal.org\/es\/#breadcrumb","itemListElement":[{"@type":"ListItem","position":1,"name":"Portada","item":"https:\/\/www.dev.fundaciontal.org\/es\/"},{"@type":"ListItem","position":2,"name":"Fundaci\u00f3n TAL"}]},{"@type":"WebSite","@id":"https:\/\/www.dev.fundaciontal.org\/#website","url":"https:\/\/www.dev.fundaciontal.org\/","name":"Fundaci\u00f3 TAL","description":"Fundaci\u00f3 Tribunal d&#039;Arbitratge Laboral de la Comunitat Valenciana","publisher":{"@id":"https:\/\/www.dev.fundaciontal.org\/#organization"},"potentialAction":[{"@type":"SearchAction","target":{"@type":"EntryPoint","urlTemplate":"https:\/\/www.dev.fundaciontal.org\/?s={search_term_string}"},"query-input":{"@type":"PropertyValueSpecification","valueRequired":true,"valueName":"search_term_string"}}],"inLanguage":"es"},{"@type":"Organization","@id":"https:\/\/www.dev.fundaciontal.org\/#organization","name":"Fundaci\u00f3 Tribunal d'Arbitratge Laboral de la Comunitat Valenciana","url":"https:\/\/www.dev.fundaciontal.org\/","logo":{"@type":"ImageObject","inLanguage":"es","@id":"https:\/\/www.dev.fundaciontal.org\/#\/schema\/logo\/image\/","url":"https:\/\/www.dev.fundaciontal.org\/wp-content\/uploads\/2019\/11\/logo-tal-header-std.png","contentUrl":"https:\/\/www.dev.fundaciontal.org\/wp-content\/uploads\/2019\/11\/logo-tal-header-std.png","width":299,"height":70,"caption":"Fundaci\u00f3 Tribunal d'Arbitratge Laboral de la Comunitat Valenciana"},"image":{"@id":"https:\/\/www.dev.fundaciontal.org\/#\/schema\/logo\/image\/"}}]}},"_links":{"self":[{"href":"https:\/\/www.dev.fundaciontal.org\/es\/wp-json\/wp\/v2\/pages\/764","targetHints":{"allow":["GET"]}}],"collection":[{"href":"https:\/\/www.dev.fundaciontal.org\/es\/wp-json\/wp\/v2\/pages"}],"about":[{"href":"https:\/\/www.dev.fundaciontal.org\/es\/wp-json\/wp\/v2\/types\/page"}],"author":[{"embeddable":true,"href":"https:\/\/www.dev.fundaciontal.org\/es\/wp-json\/wp\/v2\/users\/2"}],"replies":[{"embeddable":true,"href":"https:\/\/www.dev.fundaciontal.org\/es\/wp-json\/wp\/v2\/comments?post=764"}],"version-history":[{"count":0,"href":"https:\/\/www.dev.fundaciontal.org\/es\/wp-json\/wp\/v2\/pages\/764\/revisions"}],"wp:attachment":[{"href":"https:\/\/www.dev.fundaciontal.org\/es\/wp-json\/wp\/v2\/media?parent=764"}],"curies":[{"name":"wp","href":"https:\/\/api.w.org\/{rel}","templated":true}]}}