{"id":767,"date":"2019-12-06T07:46:50","date_gmt":"2019-12-06T06:46:50","guid":{"rendered":"https:\/\/sfundaciontal.local\/?page_id=767"},"modified":"2023-04-14T09:11:58","modified_gmt":"2023-04-14T07:11:58","slug":"contacto","status":"publish","type":"page","link":"https:\/\/www.dev.fundaciontal.org\/es\/contacto\/","title":{"rendered":"Contacto"},"content":{"rendered":"<div class=\"wpb-content-wrapper\"><p>[vc_row full_width=\u00bbstretch_row_content_no_spaces\u00bb bg_type=\u00bbimage\u00bb parallax_style=\u00bbvcpb-vz-jquery\u00bb bg_image_new=\u00bbid^360|url^https:\/\/www.dev.fundaciontal.org\/wp-content\/uploads\/2019\/11\/header-contacto.jpg|caption^null|alt^null|title^header-contacto|description^null\u00bb bg_image_repeat=\u00bbno-repeat\u00bb parallax_sense=\u00bb20&#8243; type=\u00bbvc_default\u00bb css=\u00bb.vc_custom_1574174807869{margin-top: -50px !important;}\u00bb][vc_column]<div class=\"ult-spacer spacer-69e4d1a980d68\" data-id=\"69e4d1a980d68\" data-height=\"350\" data-height-mobile=\"150\" data-height-tab=\"300\" data-height-tab-portrait=\"300\" data-height-mobile-landscape=\"150\" style=\"clear:both;display:block;\"><\/div>[\/vc_column][\/vc_row][vc_row margin_top=\u00bb40&#8243; margin_bottom=\u00bb20&#8243;][vc_column]<div class=\"ult-spacer spacer-69e4d1a980da3\" data-id=\"69e4d1a980da3\" data-height=\"40\" data-height-mobile=\"40\" data-height-tab=\"40\" data-height-tab-portrait=\"\" data-height-mobile-landscape=\"\" style=\"clear:both;display:block;\"><\/div>[vc_column_text css=\u00bb.vc_custom_1575628201368{margin-bottom: 10px !important;}\u00bb]<\/p>\n<h1 style=\"text-align: center;\">Contacto<\/h1>\n<p>[\/vc_column_text]<div class=\"hr-thin style-line accent-border-color\" style=\"width: 50px;border-top-width: 2px;\"><\/div><div class=\"ult-spacer spacer-69e4d1a980e15\" data-id=\"69e4d1a980e15\" data-height=\"30\" data-height-mobile=\"30\" data-height-tab=\"30\" data-height-tab-portrait=\"\" data-height-mobile-landscape=\"\" style=\"clear:both;display:block;\"><\/div>[\/vc_column][\/vc_row][vc_row][vc_column][vc_column_text]<\/p>\n<h2 style=\"text-align: center;\">Advertencia importante<\/h2>\n<p style=\"text-align: center;\">Registro: Por cuestiones organizativas la documentaci\u00f3n a registrar tendr\u00e1 que presentarse de manera telem\u00e1tica mediante el formulario de \u00abSolicitud de actuaciones\u00bb de esta web.<\/p>\n<p style=\"text-align: center;\">Para evitar problemas con la comunicaci\u00f3n electr\u00f3nica y prevenir el tratamiento como SPAM, es conveniente que en su gestor de correo electr\u00f3nico agregue el dominio @dev.fundaciontal.org a la lista de remitentes seguros.<\/p>\n<p>[\/vc_column_text]<div class=\"ult-spacer spacer-69e4d1a980e43\" data-id=\"69e4d1a980e43\" data-height=\"30\" data-height-mobile=\"30\" data-height-tab=\"30\" data-height-tab-portrait=\"\" data-height-mobile-landscape=\"\" style=\"clear:both;display:block;\"><\/div>[\/vc_column][\/vc_row][vc_row full_width=\u00bbstretch_row\u00bb el_class=\u00bbrow-bk-light-gray\u00bb][vc_column]<div class=\"ult-spacer spacer-69e4d1a980e71\" data-id=\"69e4d1a980e71\" data-height=\"50\" data-height-mobile=\"50\" data-height-tab=\"50\" data-height-tab-portrait=\"\" data-height-mobile-landscape=\"\" style=\"clear:both;display:block;\"><\/div>[vc_column_text]<\/p>\n<h2 style=\"text-align: center;\">SOLICITUD DE ACTUACIONES<\/h2>\n<p>[\/vc_column_text]<div class=\"hr-thin style-line accent-border-color\" style=\"width: 50px;border-top-width: 2px;\"><\/div>[vc_empty_space height=\u00bb20px\u00bb][vc_column_text]Rem\u00edtanos su solicitud de conciliaci\u00f3n-mediaci\u00f3n o arbitraje mediante el siguiente formulario. Introduzca sus datos de contacto. En la casilla \u00abTexto\u00bb indique los comentarios que estime oportuno sobre el env\u00edo que realiza. No olvide adjuntar los ficheros con el escrito de solicitud de actuaciones y dem\u00e1s documentaci\u00f3n que estime conveniente.<\/p>\n<p>En el apartado <strong><a href=\"https:\/\/www.dev.fundaciontal.org\/es\/descarga-de-modelos\/\" target=\"_blank\" rel=\"noopener noreferrer\">Descarga de Modelos<\/a><\/strong> de esta web dispone de modelos en texto editable de solicitud de conciliaci\u00f3n-mediaci\u00f3n y arbitraje con la informaci\u00f3n necesaria para iniciar el correspondiente procedimiento. Si los ficheros que desea adjuntar exceden de 5 MB, puede realizar varios env\u00edos. En este caso, advi\u00e9rtalo as\u00ed en el apartado \u00abTexto\u00bb.[\/vc_column_text][vc_empty_space height=\u00bb15px\u00bb][vc_row_inner][vc_column_inner offset=\u00bbvc_col-lg-offset-3 vc_col-lg-6&#8243;]\n<div class=\"wpcf7 no-js\" id=\"wpcf7-f913-o1\" lang=\"es-ES\" dir=\"ltr\" data-wpcf7-id=\"913\">\n<div class=\"screen-reader-response\"><p role=\"status\" aria-live=\"polite\" aria-atomic=\"true\"><\/p> <ul><\/ul><\/div>\n<form action=\"\/es\/wp-json\/wp\/v2\/pages\/767#wpcf7-f913-o1\" method=\"post\" class=\"wpcf7-form init\" aria-label=\"Formulario de contacto\" novalidate=\"novalidate\" data-status=\"init\">\n<fieldset class=\"hidden-fields-container\"><input type=\"hidden\" name=\"_wpcf7\" value=\"913\" \/><input type=\"hidden\" name=\"_wpcf7_version\" value=\"6.1.5\" \/><input type=\"hidden\" name=\"_wpcf7_locale\" value=\"es_ES\" \/><input type=\"hidden\" name=\"_wpcf7_unit_tag\" value=\"wpcf7-f913-o1\" \/><input type=\"hidden\" name=\"_wpcf7_container_post\" value=\"0\" \/><input type=\"hidden\" name=\"_wpcf7_posted_data_hash\" value=\"\" \/><input type=\"hidden\" name=\"_wpcf7cf_hidden_group_fields\" value=\"[]\" \/><input type=\"hidden\" name=\"_wpcf7cf_hidden_groups\" value=\"[]\" \/><input type=\"hidden\" name=\"_wpcf7cf_visible_groups\" value=\"[]\" \/><input type=\"hidden\" name=\"_wpcf7cf_repeaters\" value=\"[]\" \/><input type=\"hidden\" name=\"_wpcf7cf_steps\" value=\"{}\" \/><input type=\"hidden\" name=\"_wpcf7cf_options\" value=\"{&quot;form_id&quot;:913,&quot;conditions&quot;:[{&quot;then_field&quot;:&quot;group-upload-files&quot;,&quot;and_rules&quot;:[{&quot;if_field&quot;:&quot;menu-adjuntar-ficheros&quot;,&quot;operator&quot;:&quot;equals&quot;,&quot;if_value&quot;:&quot;S\\u00ed&quot;}]}],&quot;settings&quot;:{&quot;animation&quot;:&quot;yes&quot;,&quot;animation_intime&quot;:200,&quot;animation_outtime&quot;:200,&quot;conditions_ui&quot;:&quot;normal&quot;,&quot;notice_dismissed&quot;:false,&quot;notice_dismissed_rollback-cf7-5.8&quot;:true,&quot;notice_dismissed_rollback-cf7-5.8.2&quot;:true,&quot;notice_dismissed_rollback-cf7-5.8.3&quot;:true,&quot;notice_dismissed_rollback-cf7-5.8.5&quot;:true}}\" \/><input type=\"hidden\" name=\"_wpcf7_recaptcha_response\" value=\"\" \/>\n<\/fieldset>\n<p>NOMBRE Y APELLIDOS *<br \/>\n<span class=\"wpcf7-form-control-wrap\" data-name=\"your-name\"><input size=\"40\" maxlength=\"400\" class=\"wpcf7-form-control wpcf7-text wpcf7-validates-as-required\" aria-required=\"true\" aria-invalid=\"false\" value=\"\" type=\"text\" name=\"your-name\" \/><\/span>\n<\/p>\n<p>EMAIL *<br \/>\n<span class=\"wpcf7-form-control-wrap\" data-name=\"your-email\"><input size=\"40\" maxlength=\"400\" class=\"wpcf7-form-control wpcf7-email wpcf7-validates-as-required wpcf7-text wpcf7-validates-as-email\" aria-required=\"true\" aria-invalid=\"false\" value=\"\" type=\"email\" name=\"your-email\" \/><\/span>\n<\/p>\n<p>TEL\u00c9FONO *<br \/>\n<span class=\"wpcf7-form-control-wrap\" data-name=\"your-phone\"><input size=\"40\" maxlength=\"400\" class=\"wpcf7-form-control wpcf7-tel wpcf7-validates-as-required wpcf7-text wpcf7-validates-as-tel\" aria-required=\"true\" aria-invalid=\"false\" value=\"\" type=\"tel\" name=\"your-phone\" \/><\/span>\n<\/p>\n<p>OBJETO DE LA SOLICITUD *<br \/>\n<span class=\"wpcf7-form-control-wrap\" data-name=\"objeto_solicitud\"><select class=\"wpcf7-form-control wpcf7-select wpcf7-validates-as-required\" aria-required=\"true\" aria-invalid=\"false\" name=\"objeto_solicitud\"><option value=\"Solicitud de Mediaci\u00f3n\">Solicitud de Mediaci\u00f3n<\/option><option value=\"Solicitud de Protocolizaci\u00f3n de Acuerdo\">Solicitud de Protocolizaci\u00f3n de Acuerdo<\/option><option value=\"Solicitud de Arbitraje\">Solicitud de Arbitraje<\/option><option value=\"Env\u00edo de documentaci\u00f3n relacionada con un expediente en curso\">Env\u00edo de documentaci\u00f3n relacionada con un expediente en curso<\/option><option value=\"Otras consultas informativas generales\">Otras consultas informativas generales<\/option><\/select><\/span>\n<\/p>\n<p>TEXTO *<br \/>\n<span class=\"wpcf7-form-control-wrap\" data-name=\"your-message\"><textarea cols=\"40\" rows=\"6\" maxlength=\"2000\" class=\"wpcf7-form-control wpcf7-textarea wpcf7-validates-as-required\" aria-required=\"true\" aria-invalid=\"false\" name=\"your-message\"><\/textarea><\/span>\n<\/p>\n<p>FICHEROS *<br \/>\n\u00bfDesea adjuntar alg\u00fan fichero?<br \/>\n<span class=\"wpcf7-form-control-wrap\" data-name=\"menu-adjuntar-ficheros\"><select class=\"wpcf7-form-control wpcf7-select wpcf7-validates-as-required\" aria-required=\"true\" aria-invalid=\"false\" name=\"menu-adjuntar-ficheros\"><option value=\"\">(Seleccione una opci\u00f3n)<\/option><option value=\"S\u00ed\">S\u00ed<\/option><option value=\"No\">No<\/option><\/select><\/span>\n<\/p>\n<div data-id=\"group-upload-files\" data-orig_data_id=\"group-upload-files\"  class=\"\" data-class=\"wpcf7cf_group\">\n\t<p>Seleccione los ficheros a adjuntar (obligatorio al menos un fichero v\u00e1lido). Solo se permiten ficheros en formato PDF y el tama\u00f1o m\u00e1ximo es de 5 MB (si no se cumplen estas caracter\u00edsticas no ser\u00e1n adjuntados).\n\t<\/p>\n\t<p><span class=\"wpcf7-form-control-wrap\" data-name=\"upload-files\"><input size=\"40\" class=\"wpcf7-form-control wpcf7-drag-n-drop-file d-none form-upload-files\" aria-required=\"true\" aria-invalid=\"false\" type=\"file\" multiple=\"multiple\" data-name=\"upload-files\" data-type=\"pdf\" data-limit=\"5242880\" data-max=\"5\" data-id=\"913\" data-version=\"free version 1.3.9.5\" accept=\".pdf\" \/><\/span>\n\t<\/p>\n<\/div>\n<div id=\"terminos-condiciones\">\n\t<p class=\"nota-campos-obligatorios\">Nota: los campos marcados con * son obligatorios.\n\t<\/p>\n<hr \/>\n\t<p class=\"acceptance\"><span class=\"accept-option\"><span class=\"wpcf7-form-control-wrap\" data-name=\"acceptance-terminos\"><span class=\"wpcf7-form-control wpcf7-acceptance\"><span class=\"wpcf7-list-item\"><input type=\"checkbox\" name=\"acceptance-terminos\" value=\"1\" aria-invalid=\"false\" \/><\/span><\/span><\/span> Acepto los t\u00e9rminos y condiciones de la <\/span><a class=\"accept-option\" href=\"https:\/\/www.dev.fundaciontal.org\/es\/politica-de-privacidad\/\" target=\"_blank\" rel=\"nofollow\">Pol\u00edtica de privacidad<\/a>\n\t<\/p>\n\t<p style=\"text-align:center\"><input class=\"wpcf7-form-control wpcf7-submit has-spinner\" type=\"submit\" value=\"Enviar Solicitud\" \/>\n\t<\/p>\n<\/div><div class=\"wpcf7-response-output\" aria-hidden=\"true\"><\/div>\n<\/form>\n<\/div>\n[\/vc_column_inner][\/vc_row_inner][vc_empty_space height=\u00bb40px\u00bb][vc_column_text el_class=\u00bbinfo-form-extra\u00bb]DATOS PERSONALES: En cumplimiento de la normativa vigente en materia de protecci\u00f3n de datos le informamos que el responsable de sus datos personales es FUNDACI\u00d3N TRIBUNAL DE ARBITRAJE LABORAL DE LA COMUNITAT VALENCIANA, y los utilizar\u00e1 para la gesti\u00f3n de los procedimientos de conciliaci\u00f3n-mediaci\u00f3n y\/o arbitraje en los que usted es parte o interesado\/a. Sus datos no ser\u00e1n cedidos a terceros, salvo por obligaciones legales. Puede solicitar informaci\u00f3n adicional sobre Protecci\u00f3n de Datos as\u00ed como ejercer sus derechos en la siguiente direcci\u00f3n: C\/ Amadeo de Saboya, n\u00ba2, planta baja, 46010 Valencia.<\/p>\n<p>M\u00e1s informaci\u00f3n sobre nuestra pol\u00edtica de privacidad <strong><a href=\"https:\/\/www.dev.fundaciontal.org\/es\/politica-de-privacidad\/\" target=\"_blank\" rel=\"noopener noreferrer\">aqu\u00ed<\/a><\/strong>.[\/vc_column_text]<div class=\"ult-spacer spacer-69e4d1a982466\" data-id=\"69e4d1a982466\" data-height=\"60\" data-height-mobile=\"60\" data-height-tab=\"60\" data-height-tab-portrait=\"\" data-height-mobile-landscape=\"\" style=\"clear:both;display:block;\"><\/div>[\/vc_column][\/vc_row][vc_row][vc_column]<div class=\"ult-spacer spacer-69e4d1a982487\" data-id=\"69e4d1a982487\" data-height=\"50\" data-height-mobile=\"50\" data-height-tab=\"50\" data-height-tab-portrait=\"\" data-height-mobile-landscape=\"\" style=\"clear:both;display:block;\"><\/div>[vc_column_text]<\/p>\n<h2 style=\"text-align: center;\">Oficinas y Registro<\/h2>\n<p>[\/vc_column_text]<div class=\"hr-thin style-line accent-border-color\" style=\"width: 50px;border-top-width: 2px;\"><\/div>[vc_empty_space height=\u00bb20px\u00bb][vc_row_inner equal_height=\u00bbyes\u00bb gap=\u00bb20&#8243;][vc_column_inner el_class=\u00bbtransp-col-border\u00bb width=\u00bb1\/3&#8243;][vc_column_text]<\/p>\n<h4 style=\"text-align: center;\">VALENCIA<\/h4>\n<p style=\"text-align: center;\">C\/ Amadeo de Saboya, 2, Planta baja<br \/>\n46010 Val\u00e8ncia<br \/>\n<a href=\"https:\/\/www.google.es\/maps\/place\/Carrer+d'Amadeu+de+Savoia,+2,+46010+Val%C3%A8ncia,+Valencia\/@39.4740621,-0.3642471,19z\/data=!3m1!4b1!4m5!3m4!1s0xd6048bae8884511:0x5edaf6d09a8a0470!8m2!3d39.4740611!4d-0.3636986?hl=es\" target=\"_blank\" rel=\"noopener noreferrer\">[Mapa de situaci\u00f3n]<\/a><\/p>\n<p style=\"text-align: center;\">Tel. 961 922 444<\/p>\n<p>[\/vc_column_text][\/vc_column_inner][vc_column_inner el_class=\u00bbtransp-col-border custom-padding-15&#8243; width=\u00bb1\/3&#8243; css=\u00bb.vc_custom_1576046843799{padding-top: 15px !important;padding-right: 15px !important;padding-bottom: 15px !important;padding-left: 15px !important;}\u00bb][vc_column_text]<\/p>\n<h4 style=\"text-align: center;\">CASTELL\u00d3N<\/h4>\n<p style=\"text-align: center;\">Tel. 961 922 444<\/p>\n<p>[\/vc_column_text][\/vc_column_inner][vc_column_inner el_class=\u00bbtransp-col-border custom-padding-15&#8243; width=\u00bb1\/3&#8243; css=\u00bb.vc_custom_1576046761495{padding-top: 15px !important;padding-right: 15px !important;padding-bottom: 15px !important;padding-left: 15px !important;}\u00bb][vc_column_text]<\/p>\n<h4 style=\"text-align: center;\">ALICANTE<\/h4>\n<p style=\"text-align: center;\">Tel. 965 145 189<\/p>\n<p>[\/vc_column_text][\/vc_column_inner][\/vc_row_inner][vc_empty_space][vc_column_text el_id=\u00bbseccion-horario\u00bb]<\/p>\n<h2 style=\"text-align: center;\">Horario de atenci\u00f3n al p\u00fablico<\/h2>\n<p style=\"text-align: center;\"><strong>Lunes a viernes de 9.00 h. a 14.00 h.<\/strong><\/p>\n<p style=\"text-align: center;\"><strong>D\u00edas h\u00e1biles y vacaciones:<\/strong> A los efectos del c\u00f3mputo de plazos de los procedimientos establecidos en el ASAC-CV,<br \/>\nse declaran inh\u00e1biles los s\u00e1bados, domingos y festivos.<\/p>\n<p>[\/vc_column_text][\/vc_column][\/vc_row]<\/p>\n<\/div>","protected":false},"excerpt":{"rendered":"<p>[vc_row full_width=\u00bbstretch_row_content_no_spaces\u00bb bg_type=\u00bbimage\u00bb parallax_style=\u00bbvcpb-vz-jquery\u00bb bg_image_new=\u00bbid^360|url^https:\/\/www.dev.fundaciontal.org\/wp-content\/uploads\/2019\/11\/header-contacto.jpg|caption^null|alt^null|title^header-contacto|description^null\u00bb bg_image_repeat=\u00bbno-repeat\u00bb parallax_sense=\u00bb20&#8243; type=\u00bbvc_default\u00bb css=\u00bb.vc_custom_1574174807869{margin-top: -50px !important;}\u00bb][vc_column][\/vc_column][\/vc_row][vc_row margin_top=\u00bb40&#8243; margin_bottom=\u00bb20&#8243;][vc_column][vc_column_text css=\u00bb.vc_custom_1575628201368{margin-bottom: 10px !important;}\u00bb] Contacto [\/vc_column_text][\/vc_column][\/vc_row][vc_row][vc_column][vc_column_text] Advertencia importante Registro: Por cuestiones organizativas la documentaci\u00f3n a registrar tendr\u00e1 que presentarse de manera telem\u00e1tica mediante el formulario de \u00abSolicitud de actuaciones\u00bb de esta web. Para evitar problemas con la comunicaci\u00f3n electr\u00f3nica y prevenir el tratamiento&hellip;<\/p>\n","protected":false},"author":2,"featured_media":0,"parent":0,"menu_order":0,"comment_status":"closed","ping_status":"closed","template":"","meta":{"footnotes":""},"class_list":["post-767","page","type-page","status-publish","hentry","description-off"],"yoast_head":"<!-- This site is optimized with the Yoast SEO plugin v26.2 - https:\/\/yoast.com\/wordpress\/plugins\/seo\/ -->\n<title>Contacto - Fundaci\u00f3 TAL<\/title>\n<meta name=\"description\" content=\"Para realizar cualquier consulta puede contactar con la Fundaci\u00f3n TAL mediante la siguiente p\u00e1gina de contacto.\" \/>\n<meta name=\"robots\" content=\"index, follow, max-snippet:-1, max-image-preview:large, max-video-preview:-1\" \/>\n<link rel=\"canonical\" href=\"https:\/\/www.dev.fundaciontal.org\/es\/contacto\/\" \/>\n<meta property=\"og:locale\" content=\"es_ES\" \/>\n<meta property=\"og:type\" content=\"article\" \/>\n<meta property=\"og:title\" content=\"Contacto - Fundaci\u00f3 TAL\" \/>\n<meta property=\"og:description\" content=\"Para realizar cualquier consulta puede contactar con la Fundaci\u00f3n TAL mediante la siguiente p\u00e1gina de contacto.\" \/>\n<meta property=\"og:url\" content=\"https:\/\/www.dev.fundaciontal.org\/es\/contacto\/\" \/>\n<meta property=\"og:site_name\" content=\"Fundaci\u00f3 TAL\" \/>\n<meta property=\"article:modified_time\" content=\"2023-04-14T07:11:58+00:00\" \/>\n<meta name=\"twitter:card\" content=\"summary_large_image\" \/>\n<meta name=\"twitter:label1\" content=\"Tiempo de lectura\" \/>\n\t<meta name=\"twitter:data1\" content=\"4 minutos\" \/>\n<script type=\"application\/ld+json\" class=\"yoast-schema-graph\">{\"@context\":\"https:\/\/schema.org\",\"@graph\":[{\"@type\":\"WebPage\",\"@id\":\"https:\/\/www.dev.fundaciontal.org\/es\/contacto\/\",\"url\":\"https:\/\/www.dev.fundaciontal.org\/es\/contacto\/\",\"name\":\"Contacto - Fundaci\u00f3 TAL\",\"isPartOf\":{\"@id\":\"https:\/\/www.dev.fundaciontal.org\/#website\"},\"datePublished\":\"2019-12-06T06:46:50+00:00\",\"dateModified\":\"2023-04-14T07:11:58+00:00\",\"description\":\"Para realizar cualquier consulta puede contactar con la Fundaci\u00f3n TAL mediante la siguiente p\u00e1gina de contacto.\",\"breadcrumb\":{\"@id\":\"https:\/\/www.dev.fundaciontal.org\/es\/contacto\/#breadcrumb\"},\"inLanguage\":\"es\",\"potentialAction\":[{\"@type\":\"ReadAction\",\"target\":[\"https:\/\/www.dev.fundaciontal.org\/es\/contacto\/\"]}]},{\"@type\":\"BreadcrumbList\",\"@id\":\"https:\/\/www.dev.fundaciontal.org\/es\/contacto\/#breadcrumb\",\"itemListElement\":[{\"@type\":\"ListItem\",\"position\":1,\"name\":\"Portada\",\"item\":\"https:\/\/www.dev.fundaciontal.org\/es\/\"},{\"@type\":\"ListItem\",\"position\":2,\"name\":\"Contacto\"}]},{\"@type\":\"WebSite\",\"@id\":\"https:\/\/www.dev.fundaciontal.org\/#website\",\"url\":\"https:\/\/www.dev.fundaciontal.org\/\",\"name\":\"Fundaci\u00f3 TAL\",\"description\":\"Fundaci\u00f3 Tribunal d&#039;Arbitratge Laboral de la Comunitat Valenciana\",\"publisher\":{\"@id\":\"https:\/\/www.dev.fundaciontal.org\/#organization\"},\"potentialAction\":[{\"@type\":\"SearchAction\",\"target\":{\"@type\":\"EntryPoint\",\"urlTemplate\":\"https:\/\/www.dev.fundaciontal.org\/?s={search_term_string}\"},\"query-input\":{\"@type\":\"PropertyValueSpecification\",\"valueRequired\":true,\"valueName\":\"search_term_string\"}}],\"inLanguage\":\"es\"},{\"@type\":\"Organization\",\"@id\":\"https:\/\/www.dev.fundaciontal.org\/#organization\",\"name\":\"Fundaci\u00f3 Tribunal d'Arbitratge Laboral de la Comunitat Valenciana\",\"url\":\"https:\/\/www.dev.fundaciontal.org\/\",\"logo\":{\"@type\":\"ImageObject\",\"inLanguage\":\"es\",\"@id\":\"https:\/\/www.dev.fundaciontal.org\/#\/schema\/logo\/image\/\",\"url\":\"https:\/\/www.dev.fundaciontal.org\/wp-content\/uploads\/2019\/11\/logo-tal-header-std.png\",\"contentUrl\":\"https:\/\/www.dev.fundaciontal.org\/wp-content\/uploads\/2019\/11\/logo-tal-header-std.png\",\"width\":299,\"height\":70,\"caption\":\"Fundaci\u00f3 Tribunal d'Arbitratge Laboral de la Comunitat Valenciana\"},\"image\":{\"@id\":\"https:\/\/www.dev.fundaciontal.org\/#\/schema\/logo\/image\/\"}}]}<\/script>\n<!-- \/ Yoast SEO plugin. -->","yoast_head_json":{"title":"Contacto - Fundaci\u00f3 TAL","description":"Para realizar cualquier consulta puede contactar con la Fundaci\u00f3n TAL mediante la siguiente p\u00e1gina de contacto.","robots":{"index":"index","follow":"follow","max-snippet":"max-snippet:-1","max-image-preview":"max-image-preview:large","max-video-preview":"max-video-preview:-1"},"canonical":"https:\/\/www.dev.fundaciontal.org\/es\/contacto\/","og_locale":"es_ES","og_type":"article","og_title":"Contacto - Fundaci\u00f3 TAL","og_description":"Para realizar cualquier consulta puede contactar con la Fundaci\u00f3n TAL mediante la siguiente p\u00e1gina de contacto.","og_url":"https:\/\/www.dev.fundaciontal.org\/es\/contacto\/","og_site_name":"Fundaci\u00f3 TAL","article_modified_time":"2023-04-14T07:11:58+00:00","twitter_card":"summary_large_image","twitter_misc":{"Tiempo de lectura":"4 minutos"},"schema":{"@context":"https:\/\/schema.org","@graph":[{"@type":"WebPage","@id":"https:\/\/www.dev.fundaciontal.org\/es\/contacto\/","url":"https:\/\/www.dev.fundaciontal.org\/es\/contacto\/","name":"Contacto - Fundaci\u00f3 TAL","isPartOf":{"@id":"https:\/\/www.dev.fundaciontal.org\/#website"},"datePublished":"2019-12-06T06:46:50+00:00","dateModified":"2023-04-14T07:11:58+00:00","description":"Para realizar cualquier consulta puede contactar con la Fundaci\u00f3n TAL mediante la siguiente p\u00e1gina de contacto.","breadcrumb":{"@id":"https:\/\/www.dev.fundaciontal.org\/es\/contacto\/#breadcrumb"},"inLanguage":"es","potentialAction":[{"@type":"ReadAction","target":["https:\/\/www.dev.fundaciontal.org\/es\/contacto\/"]}]},{"@type":"BreadcrumbList","@id":"https:\/\/www.dev.fundaciontal.org\/es\/contacto\/#breadcrumb","itemListElement":[{"@type":"ListItem","position":1,"name":"Portada","item":"https:\/\/www.dev.fundaciontal.org\/es\/"},{"@type":"ListItem","position":2,"name":"Contacto"}]},{"@type":"WebSite","@id":"https:\/\/www.dev.fundaciontal.org\/#website","url":"https:\/\/www.dev.fundaciontal.org\/","name":"Fundaci\u00f3 TAL","description":"Fundaci\u00f3 Tribunal d&#039;Arbitratge Laboral de la Comunitat Valenciana","publisher":{"@id":"https:\/\/www.dev.fundaciontal.org\/#organization"},"potentialAction":[{"@type":"SearchAction","target":{"@type":"EntryPoint","urlTemplate":"https:\/\/www.dev.fundaciontal.org\/?s={search_term_string}"},"query-input":{"@type":"PropertyValueSpecification","valueRequired":true,"valueName":"search_term_string"}}],"inLanguage":"es"},{"@type":"Organization","@id":"https:\/\/www.dev.fundaciontal.org\/#organization","name":"Fundaci\u00f3 Tribunal d'Arbitratge Laboral de la Comunitat Valenciana","url":"https:\/\/www.dev.fundaciontal.org\/","logo":{"@type":"ImageObject","inLanguage":"es","@id":"https:\/\/www.dev.fundaciontal.org\/#\/schema\/logo\/image\/","url":"https:\/\/www.dev.fundaciontal.org\/wp-content\/uploads\/2019\/11\/logo-tal-header-std.png","contentUrl":"https:\/\/www.dev.fundaciontal.org\/wp-content\/uploads\/2019\/11\/logo-tal-header-std.png","width":299,"height":70,"caption":"Fundaci\u00f3 Tribunal d'Arbitratge Laboral de la Comunitat Valenciana"},"image":{"@id":"https:\/\/www.dev.fundaciontal.org\/#\/schema\/logo\/image\/"}}]}},"_links":{"self":[{"href":"https:\/\/www.dev.fundaciontal.org\/es\/wp-json\/wp\/v2\/pages\/767","targetHints":{"allow":["GET"]}}],"collection":[{"href":"https:\/\/www.dev.fundaciontal.org\/es\/wp-json\/wp\/v2\/pages"}],"about":[{"href":"https:\/\/www.dev.fundaciontal.org\/es\/wp-json\/wp\/v2\/types\/page"}],"author":[{"embeddable":true,"href":"https:\/\/www.dev.fundaciontal.org\/es\/wp-json\/wp\/v2\/users\/2"}],"replies":[{"embeddable":true,"href":"https:\/\/www.dev.fundaciontal.org\/es\/wp-json\/wp\/v2\/comments?post=767"}],"version-history":[{"count":6,"href":"https:\/\/www.dev.fundaciontal.org\/es\/wp-json\/wp\/v2\/pages\/767\/revisions"}],"predecessor-version":[{"id":1869,"href":"https:\/\/www.dev.fundaciontal.org\/es\/wp-json\/wp\/v2\/pages\/767\/revisions\/1869"}],"wp:attachment":[{"href":"https:\/\/www.dev.fundaciontal.org\/es\/wp-json\/wp\/v2\/media?parent=767"}],"curies":[{"name":"wp","href":"https:\/\/api.w.org\/{rel}","templated":true}]}}