{"id":772,"date":"2019-01-06T09:14:32","date_gmt":"2019-01-06T08:14:32","guid":{"rendered":"https:\/\/sfundaciontal.local\/?page_id=772"},"modified":"2025-01-23T14:46:32","modified_gmt":"2025-01-23T13:46:32","slug":"descarga-de-modelos","status":"publish","type":"page","link":"https:\/\/www.dev.fundaciontal.org\/es\/descarga-de-modelos\/","title":{"rendered":"Descarga de Modelos"},"content":{"rendered":"<div class=\"wpb-content-wrapper\"><p>[vc_row full_width=\u00bbstretch_row_content_no_spaces\u00bb bg_type=\u00bbimage\u00bb parallax_style=\u00bbvcpb-vz-jquery\u00bb bg_image_new=\u00bbid^355|url^https:\/\/www.dev.fundaciontal.org\/wp-content\/uploads\/2019\/11\/header-documentacion.jpg|caption^null|alt^null|title^header-documentacion|description^null\u00bb bg_image_repeat=\u00bbno-repeat\u00bb parallax_sense=\u00bb20&#8243; type=\u00bbvc_default\u00bb css=\u00bb.vc_custom_1574173294839{margin-top: -50px !important;}\u00bb][vc_column]<div class=\"ult-spacer spacer-69e4cc8872772\" data-id=\"69e4cc8872772\" data-height=\"350\" data-height-mobile=\"150\" data-height-tab=\"300\" data-height-tab-portrait=\"300\" data-height-mobile-landscape=\"150\" style=\"clear:both;display:block;\"><\/div>[\/vc_column][\/vc_row][vc_row margin_top=\u00bb40&#8243; margin_bottom=\u00bb20&#8243;][vc_column]<div class=\"ult-spacer spacer-69e4cc88727a0\" data-id=\"69e4cc88727a0\" data-height=\"40\" data-height-mobile=\"40\" data-height-tab=\"40\" data-height-tab-portrait=\"\" data-height-mobile-landscape=\"\" style=\"clear:both;display:block;\"><\/div>[vc_column_text css=\u00bb.vc_custom_1576732812239{margin-bottom: 10px !important;}\u00bb]<\/p>\n<h1 style=\"text-align: center;\">Descarga de Modelos<\/h1>\n<p>[\/vc_column_text]<div class=\"hr-thin style-line accent-border-color\" style=\"width: 50px;border-top-width: 2px;\"><\/div>[\/vc_column][\/vc_row][vc_row equal_height=\u00bbyes\u00bb][vc_column][vc_column_text css=\u00bb.vc_custom_1737639976877{margin-bottom: 10px !important;}\u00bb]<\/p>\n<p style=\"text-align: center;\">(Los modelos est\u00e1n configurados para ser rellenados como un formulario, saltando de campo a campo con el tabulador o pinchando con el rat\u00f3n. Se puede modificar el modelo suspendiendo la protecci\u00f3n del documento en el editor de texto: Pesta\u00f1a Revisar \u2192 Proteger \u2192 Restringir edici\u00f3n \u2192 Suspender la protecci\u00f3n)<\/p>\n<p>&nbsp;<\/p>\n<p>[\/vc_column_text][vc_row_inner equal_height=\u00bbyes\u00bb gap=\u00bb35&#8243;][vc_column_inner el_class=\u00bbtransp-col-border\u00bb width=\u00bb1\/2&#8243;][vc_column_text]<\/p>\n<p style=\"text-align: center;\"><strong>Solicitud de mediaci\u00f3n en general<\/strong><br \/>\nDocumento en castellano<\/p>\n<p>[\/vc_column_text]<style type=\"text\/css\" data-type=\"the7_shortcodes-inline-css\">#default-btn-44ba49a9aedab9f39861268a14705921.ico-right-side > i {\n  margin-right: 0px;\n  margin-left: 8px;\n}\n#default-btn-44ba49a9aedab9f39861268a14705921 > i {\n  margin-right: 8px;\n}<\/style><div class=\"btn-align-center\"><a href=\"\/wp-content\/uploads\/docs\/fundacion-tal\/modelos\/Solicitud-de-mediacion-en-general.docx\" class=\"default-btn-shortcode dt-btn dt-btn-m link-hover-off ico-right-side \" target=\"_blank\" id=\"default-btn-44ba49a9aedab9f39861268a14705921\" style=\"width:200px;\" rel=\"nofollow\"><span>Descargar<\/span><i class=\"Defaults-download\"><\/i><\/a><\/div>[\/vc_column_inner][vc_column_inner el_class=\u00bbtransp-col-border\u00bb width=\u00bb1\/2&#8243;][vc_column_text]<\/p>\n<p style=\"text-align: center;\"><strong>Solicitud de mediaci\u00f3n a consecuencia de huelga<\/strong><br \/>\nDocumento en castellano<\/p>\n<p>[\/vc_column_text]<style type=\"text\/css\" data-type=\"the7_shortcodes-inline-css\">#default-btn-87834d6f02a90150cf9f16242bf23fc9.ico-right-side > i {\n  margin-right: 0px;\n  margin-left: 8px;\n}\n#default-btn-87834d6f02a90150cf9f16242bf23fc9 > i {\n  margin-right: 8px;\n}<\/style><div class=\"btn-align-center\"><a href=\"\/wp-content\/uploads\/docs\/fundacion-tal\/modelos\/Solicitud-de-mediacion-por-huelga.docx\" class=\"default-btn-shortcode dt-btn dt-btn-m link-hover-off ico-right-side \" target=\"_blank\" id=\"default-btn-87834d6f02a90150cf9f16242bf23fc9\" style=\"width:200px;\" rel=\"nofollow\"><span>Descargar<\/span><i class=\"Defaults-download\"><\/i><\/a><\/div>[\/vc_column_inner][\/vc_row_inner][vc_row_inner equal_height=\u00bbyes\u00bb gap=\u00bb35&#8243;][vc_column_inner el_class=\u00bbtransp-col-border\u00bb width=\u00bb1\/2&#8243;][vc_column_text]<\/p>\n<p style=\"text-align: center;\"><strong>Solicitud de mediaci\u00f3n por inaplicaci\u00f3n del convenio colectivo<br \/>\n<\/strong>Documento en castellano<\/p>\n<p>[\/vc_column_text]<style type=\"text\/css\" data-type=\"the7_shortcodes-inline-css\">#default-btn-41378d322b6d10384fcba6efc55016ef.ico-right-side > i {\n  margin-right: 0px;\n  margin-left: 8px;\n}\n#default-btn-41378d322b6d10384fcba6efc55016ef > i {\n  margin-right: 8px;\n}<\/style><div class=\"btn-align-center\"><a href=\"\/wp-content\/uploads\/docs\/fundacion-tal\/modelos\/Solicitud-de-mediacion-descuelgue.docx\" class=\"default-btn-shortcode dt-btn dt-btn-m link-hover-off ico-right-side \" target=\"_blank\" id=\"default-btn-41378d322b6d10384fcba6efc55016ef\" style=\"width:200px;\" rel=\"nofollow\"><span>Descargar<\/span><i class=\"Defaults-download\"><\/i><\/a><\/div>[\/vc_column_inner][vc_column_inner el_class=\u00bbtransp-col-border\u00bb width=\u00bb1\/2&#8243;][vc_column_text]<\/p>\n<p style=\"text-align: center;\"><strong>Convenio arbitral<\/strong><br \/>\nDocumento en castellano<\/p>\n<p>[\/vc_column_text]<style type=\"text\/css\" data-type=\"the7_shortcodes-inline-css\">#default-btn-e9a84b2081c4a4a0e408d64c0eac5525.ico-right-side > i {\n  margin-right: 0px;\n  margin-left: 8px;\n}\n#default-btn-e9a84b2081c4a4a0e408d64c0eac5525 > i {\n  margin-right: 8px;\n}<\/style><div class=\"btn-align-center\"><a href=\"\/wp-content\/uploads\/docs\/fundacion-tal\/modelos\/Convenio-arbitral.docx\" class=\"default-btn-shortcode dt-btn dt-btn-m link-hover-off ico-right-side \" target=\"_blank\" id=\"default-btn-e9a84b2081c4a4a0e408d64c0eac5525\" style=\"width:200px;\" rel=\"nofollow\"><span>Descargar<\/span><i class=\"Defaults-download\"><\/i><\/a><\/div>[\/vc_column_inner][\/vc_row_inner][vc_row_inner equal_height=\u00bbyes\u00bb gap=\u00bb35&#8243;][vc_column_inner el_class=\u00bbtransp-col-border\u00bb width=\u00bb1\/2&#8243;][vc_column_text]<\/p>\n<p style=\"text-align: center;\"><strong>Solicitud de protocolizaci\u00f3n de acuerdo<br \/>\n<\/strong>Documento en Castellano<\/p>\n<p>[\/vc_column_text]<style type=\"text\/css\" data-type=\"the7_shortcodes-inline-css\">#default-btn-e3e5291bf0bb2c0fd2d8947d2e9ceb10.ico-right-side > i {\n  margin-right: 0px;\n  margin-left: 8px;\n}\n#default-btn-e3e5291bf0bb2c0fd2d8947d2e9ceb10 > i {\n  margin-right: 8px;\n}<\/style><div class=\"btn-align-center\"><a href=\"https:\/\/www.dev.fundaciontal.org\/wp-content\/uploads\/docs\/fundacion-tal\/modelos\/Solicitud-de-protocolizacion-acuerdo.docx\" class=\"default-btn-shortcode dt-btn dt-btn-m link-hover-off ico-right-side \" target=\"_blank\" id=\"default-btn-e3e5291bf0bb2c0fd2d8947d2e9ceb10\" style=\"width:200px;\" rel=\"nofollow\"><span>Descargar<\/span><i class=\"Defaults-download\"><\/i><\/a><\/div>[\/vc_column_inner][vc_column_inner el_class=\u00bbtransp-col-border\u00bb width=\u00bb1\/2&#8243;][vc_column_text]<\/p>\n<p style=\"text-align: center;\"><strong>Pol\u00edtica de privacidad<br \/>\n<\/strong>Usuarios<\/p>\n<p>[\/vc_column_text]<style type=\"text\/css\" data-type=\"the7_shortcodes-inline-css\">#default-btn-34411c8ca1a823cbbb69362957358b23.ico-right-side > i {\n  margin-right: 0px;\n  margin-left: 8px;\n}\n#default-btn-34411c8ca1a823cbbb69362957358b23 > i {\n  margin-right: 8px;\n}<\/style><div class=\"btn-align-center\"><a href=\"\/wp-content\/uploads\/docs\/fundacion-tal\/modelos\/Politica-de-privacidad-Usuarios.pdf\" class=\"default-btn-shortcode dt-btn dt-btn-m link-hover-off ico-right-side \" target=\"_blank\" id=\"default-btn-34411c8ca1a823cbbb69362957358b23\" style=\"width:200px;\" rel=\"nofollow\"><span>Descargar<\/span><i class=\"Defaults-download\"><\/i><\/a><\/div>[\/vc_column_inner][\/vc_row_inner]<div class=\"ult-spacer spacer-69e4cc8872a80\" data-id=\"69e4cc8872a80\" data-height=\"20\" data-height-mobile=\"20\" data-height-tab=\"20\" data-height-tab-portrait=\"\" data-height-mobile-landscape=\"\" style=\"clear:both;display:block;\"><\/div>[\/vc_column][\/vc_row]<\/p>\n<\/div>","protected":false},"excerpt":{"rendered":"<p>[vc_row full_width=\u00bbstretch_row_content_no_spaces\u00bb bg_type=\u00bbimage\u00bb parallax_style=\u00bbvcpb-vz-jquery\u00bb bg_image_new=\u00bbid^355|url^https:\/\/www.dev.fundaciontal.org\/wp-content\/uploads\/2019\/11\/header-documentacion.jpg|caption^null|alt^null|title^header-documentacion|description^null\u00bb bg_image_repeat=\u00bbno-repeat\u00bb parallax_sense=\u00bb20&#8243; type=\u00bbvc_default\u00bb css=\u00bb.vc_custom_1574173294839{margin-top: -50px !important;}\u00bb][vc_column][\/vc_column][\/vc_row][vc_row margin_top=\u00bb40&#8243; margin_bottom=\u00bb20&#8243;][vc_column][vc_column_text css=\u00bb.vc_custom_1576732812239{margin-bottom: 10px !important;}\u00bb] Descarga de Modelos [\/vc_column_text][\/vc_column][\/vc_row][vc_row equal_height=\u00bbyes\u00bb][vc_column][vc_column_text css=\u00bb.vc_custom_1737639976877{margin-bottom: 10px !important;}\u00bb] (Los modelos est\u00e1n configurados para ser rellenados como un formulario, saltando de campo a campo con el tabulador o pinchando con el rat\u00f3n. Se puede modificar el modelo suspendiendo la protecci\u00f3n&hellip;<\/p>\n","protected":false},"author":2,"featured_media":0,"parent":0,"menu_order":0,"comment_status":"closed","ping_status":"closed","template":"","meta":{"footnotes":""},"class_list":["post-772","page","type-page","status-publish","hentry","description-off"],"yoast_head":"<!-- This site is optimized with the Yoast SEO plugin v26.2 - https:\/\/yoast.com\/wordpress\/plugins\/seo\/ -->\n<title>Descarga de Modelos - Fundaci\u00f3 TAL<\/title>\n<meta name=\"description\" content=\"Para m\u00e1s informaci\u00f3n sobre la documentaci\u00f3n relativa a solicitudes de mediaci\u00f3n o convenios arbitrales visita la siguiente p\u00e1gina.\" \/>\n<meta name=\"robots\" content=\"index, follow, max-snippet:-1, max-image-preview:large, max-video-preview:-1\" \/>\n<link rel=\"canonical\" href=\"https:\/\/www.dev.fundaciontal.org\/es\/descarga-de-modelos\/\" \/>\n<meta property=\"og:locale\" content=\"es_ES\" \/>\n<meta property=\"og:type\" content=\"article\" \/>\n<meta property=\"og:title\" content=\"Descarga de Modelos - Fundaci\u00f3 TAL\" \/>\n<meta property=\"og:description\" content=\"Para m\u00e1s informaci\u00f3n sobre la documentaci\u00f3n relativa a solicitudes de mediaci\u00f3n o convenios arbitrales visita la siguiente p\u00e1gina.\" \/>\n<meta property=\"og:url\" content=\"https:\/\/www.dev.fundaciontal.org\/es\/descarga-de-modelos\/\" \/>\n<meta property=\"og:site_name\" content=\"Fundaci\u00f3 TAL\" \/>\n<meta property=\"article:modified_time\" content=\"2025-01-23T13:46:32+00:00\" \/>\n<meta name=\"twitter:card\" content=\"summary_large_image\" \/>\n<meta name=\"twitter:label1\" content=\"Tiempo de lectura\" \/>\n\t<meta name=\"twitter:data1\" content=\"3 minutos\" \/>\n<script type=\"application\/ld+json\" class=\"yoast-schema-graph\">{\"@context\":\"https:\/\/schema.org\",\"@graph\":[{\"@type\":\"WebPage\",\"@id\":\"https:\/\/www.dev.fundaciontal.org\/es\/descarga-de-modelos\/\",\"url\":\"https:\/\/www.dev.fundaciontal.org\/es\/descarga-de-modelos\/\",\"name\":\"Descarga de Modelos - Fundaci\u00f3 TAL\",\"isPartOf\":{\"@id\":\"https:\/\/www.dev.fundaciontal.org\/#website\"},\"datePublished\":\"2019-01-06T08:14:32+00:00\",\"dateModified\":\"2025-01-23T13:46:32+00:00\",\"description\":\"Para m\u00e1s informaci\u00f3n sobre la documentaci\u00f3n relativa a solicitudes de mediaci\u00f3n o convenios arbitrales visita la siguiente p\u00e1gina.\",\"breadcrumb\":{\"@id\":\"https:\/\/www.dev.fundaciontal.org\/es\/descarga-de-modelos\/#breadcrumb\"},\"inLanguage\":\"es\",\"potentialAction\":[{\"@type\":\"ReadAction\",\"target\":[\"https:\/\/www.dev.fundaciontal.org\/es\/descarga-de-modelos\/\"]}]},{\"@type\":\"BreadcrumbList\",\"@id\":\"https:\/\/www.dev.fundaciontal.org\/es\/descarga-de-modelos\/#breadcrumb\",\"itemListElement\":[{\"@type\":\"ListItem\",\"position\":1,\"name\":\"Portada\",\"item\":\"https:\/\/www.dev.fundaciontal.org\/es\/\"},{\"@type\":\"ListItem\",\"position\":2,\"name\":\"Descarga de Modelos\"}]},{\"@type\":\"WebSite\",\"@id\":\"https:\/\/www.dev.fundaciontal.org\/#website\",\"url\":\"https:\/\/www.dev.fundaciontal.org\/\",\"name\":\"Fundaci\u00f3 TAL\",\"description\":\"Fundaci\u00f3 Tribunal d&#039;Arbitratge Laboral de la Comunitat Valenciana\",\"publisher\":{\"@id\":\"https:\/\/www.dev.fundaciontal.org\/#organization\"},\"potentialAction\":[{\"@type\":\"SearchAction\",\"target\":{\"@type\":\"EntryPoint\",\"urlTemplate\":\"https:\/\/www.dev.fundaciontal.org\/?s={search_term_string}\"},\"query-input\":{\"@type\":\"PropertyValueSpecification\",\"valueRequired\":true,\"valueName\":\"search_term_string\"}}],\"inLanguage\":\"es\"},{\"@type\":\"Organization\",\"@id\":\"https:\/\/www.dev.fundaciontal.org\/#organization\",\"name\":\"Fundaci\u00f3 Tribunal d'Arbitratge Laboral de la Comunitat Valenciana\",\"url\":\"https:\/\/www.dev.fundaciontal.org\/\",\"logo\":{\"@type\":\"ImageObject\",\"inLanguage\":\"es\",\"@id\":\"https:\/\/www.dev.fundaciontal.org\/#\/schema\/logo\/image\/\",\"url\":\"https:\/\/www.dev.fundaciontal.org\/wp-content\/uploads\/2019\/11\/logo-tal-header-std.png\",\"contentUrl\":\"https:\/\/www.dev.fundaciontal.org\/wp-content\/uploads\/2019\/11\/logo-tal-header-std.png\",\"width\":299,\"height\":70,\"caption\":\"Fundaci\u00f3 Tribunal d'Arbitratge Laboral de la Comunitat Valenciana\"},\"image\":{\"@id\":\"https:\/\/www.dev.fundaciontal.org\/#\/schema\/logo\/image\/\"}}]}<\/script>\n<!-- \/ Yoast SEO plugin. -->","yoast_head_json":{"title":"Descarga de Modelos - Fundaci\u00f3 TAL","description":"Para m\u00e1s informaci\u00f3n sobre la documentaci\u00f3n relativa a solicitudes de mediaci\u00f3n o convenios arbitrales visita la siguiente p\u00e1gina.","robots":{"index":"index","follow":"follow","max-snippet":"max-snippet:-1","max-image-preview":"max-image-preview:large","max-video-preview":"max-video-preview:-1"},"canonical":"https:\/\/www.dev.fundaciontal.org\/es\/descarga-de-modelos\/","og_locale":"es_ES","og_type":"article","og_title":"Descarga de Modelos - Fundaci\u00f3 TAL","og_description":"Para m\u00e1s informaci\u00f3n sobre la documentaci\u00f3n relativa a solicitudes de mediaci\u00f3n o convenios arbitrales visita la siguiente p\u00e1gina.","og_url":"https:\/\/www.dev.fundaciontal.org\/es\/descarga-de-modelos\/","og_site_name":"Fundaci\u00f3 TAL","article_modified_time":"2025-01-23T13:46:32+00:00","twitter_card":"summary_large_image","twitter_misc":{"Tiempo de lectura":"3 minutos"},"schema":{"@context":"https:\/\/schema.org","@graph":[{"@type":"WebPage","@id":"https:\/\/www.dev.fundaciontal.org\/es\/descarga-de-modelos\/","url":"https:\/\/www.dev.fundaciontal.org\/es\/descarga-de-modelos\/","name":"Descarga de Modelos - Fundaci\u00f3 TAL","isPartOf":{"@id":"https:\/\/www.dev.fundaciontal.org\/#website"},"datePublished":"2019-01-06T08:14:32+00:00","dateModified":"2025-01-23T13:46:32+00:00","description":"Para m\u00e1s informaci\u00f3n sobre la documentaci\u00f3n relativa a solicitudes de mediaci\u00f3n o convenios arbitrales visita la siguiente p\u00e1gina.","breadcrumb":{"@id":"https:\/\/www.dev.fundaciontal.org\/es\/descarga-de-modelos\/#breadcrumb"},"inLanguage":"es","potentialAction":[{"@type":"ReadAction","target":["https:\/\/www.dev.fundaciontal.org\/es\/descarga-de-modelos\/"]}]},{"@type":"BreadcrumbList","@id":"https:\/\/www.dev.fundaciontal.org\/es\/descarga-de-modelos\/#breadcrumb","itemListElement":[{"@type":"ListItem","position":1,"name":"Portada","item":"https:\/\/www.dev.fundaciontal.org\/es\/"},{"@type":"ListItem","position":2,"name":"Descarga de Modelos"}]},{"@type":"WebSite","@id":"https:\/\/www.dev.fundaciontal.org\/#website","url":"https:\/\/www.dev.fundaciontal.org\/","name":"Fundaci\u00f3 TAL","description":"Fundaci\u00f3 Tribunal d&#039;Arbitratge Laboral de la Comunitat Valenciana","publisher":{"@id":"https:\/\/www.dev.fundaciontal.org\/#organization"},"potentialAction":[{"@type":"SearchAction","target":{"@type":"EntryPoint","urlTemplate":"https:\/\/www.dev.fundaciontal.org\/?s={search_term_string}"},"query-input":{"@type":"PropertyValueSpecification","valueRequired":true,"valueName":"search_term_string"}}],"inLanguage":"es"},{"@type":"Organization","@id":"https:\/\/www.dev.fundaciontal.org\/#organization","name":"Fundaci\u00f3 Tribunal d'Arbitratge Laboral de la Comunitat Valenciana","url":"https:\/\/www.dev.fundaciontal.org\/","logo":{"@type":"ImageObject","inLanguage":"es","@id":"https:\/\/www.dev.fundaciontal.org\/#\/schema\/logo\/image\/","url":"https:\/\/www.dev.fundaciontal.org\/wp-content\/uploads\/2019\/11\/logo-tal-header-std.png","contentUrl":"https:\/\/www.dev.fundaciontal.org\/wp-content\/uploads\/2019\/11\/logo-tal-header-std.png","width":299,"height":70,"caption":"Fundaci\u00f3 Tribunal d'Arbitratge Laboral de la Comunitat Valenciana"},"image":{"@id":"https:\/\/www.dev.fundaciontal.org\/#\/schema\/logo\/image\/"}}]}},"_links":{"self":[{"href":"https:\/\/www.dev.fundaciontal.org\/es\/wp-json\/wp\/v2\/pages\/772","targetHints":{"allow":["GET"]}}],"collection":[{"href":"https:\/\/www.dev.fundaciontal.org\/es\/wp-json\/wp\/v2\/pages"}],"about":[{"href":"https:\/\/www.dev.fundaciontal.org\/es\/wp-json\/wp\/v2\/types\/page"}],"author":[{"embeddable":true,"href":"https:\/\/www.dev.fundaciontal.org\/es\/wp-json\/wp\/v2\/users\/2"}],"replies":[{"embeddable":true,"href":"https:\/\/www.dev.fundaciontal.org\/es\/wp-json\/wp\/v2\/comments?post=772"}],"version-history":[{"count":4,"href":"https:\/\/www.dev.fundaciontal.org\/es\/wp-json\/wp\/v2\/pages\/772\/revisions"}],"predecessor-version":[{"id":2327,"href":"https:\/\/www.dev.fundaciontal.org\/es\/wp-json\/wp\/v2\/pages\/772\/revisions\/2327"}],"wp:attachment":[{"href":"https:\/\/www.dev.fundaciontal.org\/es\/wp-json\/wp\/v2\/media?parent=772"}],"curies":[{"name":"wp","href":"https:\/\/api.w.org\/{rel}","templated":true}]}}