{"id":774,"date":"2019-12-06T08:37:08","date_gmt":"2019-12-06T07:37:08","guid":{"rendered":"https:\/\/sfundaciontal.local\/?page_id=774"},"modified":"2025-12-02T08:06:35","modified_gmt":"2025-12-02T07:06:35","slug":"arbitraje","status":"publish","type":"page","link":"https:\/\/www.dev.fundaciontal.org\/es\/fundacion-tal\/arbitraje\/","title":{"rendered":"Arbitraje"},"content":{"rendered":"<div class=\"wpb-content-wrapper\"><p>[vc_row full_width=\u00bbstretch_row_content_no_spaces\u00bb bg_type=\u00bbimage\u00bb parallax_style=\u00bbvcpb-vz-jquery\u00bb bg_image_new=\u00bbid^348|url^https:\/\/www.dev.fundaciontal.org\/wp-content\/uploads\/2019\/11\/header-arbitraje.jpg|caption^null|alt^null|title^header-arbitraje|description^null\u00bb bg_image_repeat=\u00bbno-repeat\u00bb parallax_sense=\u00bb20&#8243; type=\u00bbvc_default\u00bb css=\u00bb.vc_custom_1574173144248{margin-top: -50px !important;}\u00bb][vc_column]<div class=\"ult-spacer spacer-69e4d1a1974ba\" data-id=\"69e4d1a1974ba\" data-height=\"350\" data-height-mobile=\"150\" data-height-tab=\"300\" data-height-tab-portrait=\"300\" data-height-mobile-landscape=\"150\" style=\"clear:both;display:block;\"><\/div>[\/vc_column][\/vc_row][vc_row margin_top=\u00bb40&#8243; margin_bottom=\u00bb20&#8243;][vc_column]<div class=\"ult-spacer spacer-69e4d1a1974ec\" data-id=\"69e4d1a1974ec\" data-height=\"40\" data-height-mobile=\"40\" data-height-tab=\"40\" data-height-tab-portrait=\"\" data-height-mobile-landscape=\"\" style=\"clear:both;display:block;\"><\/div>[vc_column_text css=\u00bb.vc_custom_1575617839759{margin-bottom: 10px !important;}\u00bb]<\/p>\n<h1 style=\"text-align: center;\">Arbitraje<\/h1>\n<p>[\/vc_column_text]<div class=\"hr-thin style-line accent-border-color\" style=\"width: 50px;border-top-width: 2px;\"><\/div><div class=\"ult-spacer spacer-69e4d1a197544\" data-id=\"69e4d1a197544\" data-height=\"30\" data-height-mobile=\"30\" data-height-tab=\"30\" data-height-tab-portrait=\"\" data-height-mobile-landscape=\"\" style=\"clear:both;display:block;\"><\/div>[\/vc_column][\/vc_row][vc_row][vc_column][vc_column_text]<\/p>\n<h4>\u00bfEn qu\u00e9 consiste?<\/h4>\n<p>Es un procedimiento de soluci\u00f3n extrajudicial de conflictos mediante el cual las partes, voluntariamente y de mutuo acuerdo, someten su controversia a una tercera persona (en n\u00famero de una o tres, por ellas elegidas) que decide y pone fin al conflicto, dictando un LAUDO ARBITRAL (de equidad o de derecho) que ser\u00e1 de obligado cumplimiento y se equipara en cuanto a ejecuci\u00f3n a las sentencias firmes seg\u00fan art\u00edculo 68 de la Ley Reguladora de la Jurisdicci\u00f3n Social.[\/vc_column_text][vc_empty_space height=\u00bb20px\u00bb][vc_column_text]<\/p>\n<h4>El Cuerpo Arbitral<\/h4>\n<p>Est\u00e1 compuesto por una lista cerrada de profesionales del derecho de reconocido prestigio en el \u00e1mbito de las relaciones laborales.[\/vc_column_text][vc_empty_space height=\u00bb20px\u00bb][vc_column_text]<\/p>\n<h4>El procedimiento<\/h4>\n<p>En el arbitraje no existen ni vencedores ni vencidos, pues equivale a un acuerdo entre las partes delegando su contenido y resultado en una tercera persona previamente pactada por ellas. Es caracter\u00edstica la rapidez y agilidad del procedimiento, puesto que el laudo arbitral, si nada indican los interesados, deber\u00e1 dictarse en el plazo de 10 d\u00edas desde la aceptaci\u00f3n del \u00e1rbitro; prorrogable, excepcionalmente, a un m\u00e1ximo de 25 d\u00edas h\u00e1biles.<\/p>\n<p>Finalmente, cabe destacar la flexibilidad del procedimiento. Con pleno respeto a los principios de igualdad procesal, audiencia, contradicci\u00f3n e imparcialidad, las partes pueden intervenir, aclarar cualquier punto del conflicto y aportar todo tipo de pruebas sin la rigidez de un proceso judicial.[\/vc_column_text][vc_empty_space height=\u00bb20px\u00bb][\/vc_column][\/vc_row][vc_row full_width=\u00bbstretch_row\u00bb margin_top=\u00bb40&#8243; margin_bottom=\u00bb20&#8243; el_class=\u00bbrow-bk-light-gray\u00bb][vc_column]<div class=\"ult-spacer spacer-69e4d1a197560\" data-id=\"69e4d1a197560\" data-height=\"40\" data-height-mobile=\"40\" data-height-tab=\"40\" data-height-tab-portrait=\"\" data-height-mobile-landscape=\"\" style=\"clear:both;display:block;\"><\/div>[vc_column_text css=\u00bb.vc_custom_1593690215811{margin-bottom: 10px !important;}\u00bb]<\/p>\n<h2 style=\"text-align: center;\">Cuerpo Arbitral<\/h2>\n<p>[\/vc_column_text]<div class=\"hr-thin style-line accent-border-color\" style=\"width: 50px;border-top-width: 2px;\"><\/div><div class=\"ult-spacer spacer-69e4d1a197598\" data-id=\"69e4d1a197598\" data-height=\"30\" data-height-mobile=\"30\" data-height-tab=\"30\" data-height-tab-portrait=\"\" data-height-mobile-landscape=\"\" style=\"clear:both;display:block;\"><\/div>[vc_row_inner][vc_column_inner width=\u00bb1\/3&#8243;][vc_column_text css=\u00bb\u00bb]<\/p>\n<p style=\"text-align: center;\">Amparo Esteve Segarra<\/p>\n<p style=\"text-align: center;\">Gemma Fabregat Monfort<\/p>\n<p style=\"text-align: center;\">Jos\u00e9 Mar\u00eda Goerlich Peset<\/p>\n<p style=\"text-align: center;\">Mar\u00eda Eugenia G\u00f3mez de la Flor Garc\u00eda<\/p>\n<p style=\"text-align: center;\">Jos\u00e9 Mart\u00ednez Esparza<\/p>\n<p style=\"text-align: center;\">Ana Mej\u00edas Garc\u00eda<\/p>\n<p style=\"text-align: center;\">Isabel Merenciano Gil<\/p>\n<p>[\/vc_column_text][\/vc_column_inner][vc_column_inner width=\u00bb1\/3&#8243;][vc_column_text css=\u00bb\u00bb]<\/p>\n<p style=\"text-align: center;\">Javier Molina Vega<\/p>\n<p style=\"text-align: center;\">David Montoya Medina<\/p>\n<p style=\"text-align: center;\">Gabriel A. Moratalla M\u00e1s<\/p>\n<p style=\"text-align: center;\">Salvador Navarro Mart\u00edn<\/p>\n<p style=\"text-align: center;\">Manuel Nogueira Izquierdo<\/p>\n<p style=\"text-align: center;\">Jos\u00e9 Luis Noguera Calatayud<\/p>\n<p>[\/vc_column_text][\/vc_column_inner][vc_column_inner width=\u00bb1\/3&#8243;][vc_column_text css=\u00bb\u00bb]<\/p>\n<p style=\"text-align: center;\">Eusebio Ortiz Font<\/p>\n<p style=\"text-align: center;\">Silvia Parra N\u00fa\u00f1ez<\/p>\n<p style=\"text-align: center;\">Juan Manuel Ram\u00edrez Mart\u00ednez<\/p>\n<p style=\"text-align: center;\">Tom\u00e1s Sala Franco<\/p>\n<p style=\"text-align: center;\">Nancy Sirvent Hern\u00e1ndez<\/p>\n<p style=\"text-align: center;\">Jos\u00e9 Miguel Tud\u00f3n Valls<\/p>\n<p>[\/vc_column_text][\/vc_column_inner][\/vc_row_inner]<div class=\"ult-spacer spacer-69e4d1a1975b2\" data-id=\"69e4d1a1975b2\" data-height=\"40\" data-height-mobile=\"40\" data-height-tab=\"40\" data-height-tab-portrait=\"\" data-height-mobile-landscape=\"\" style=\"clear:both;display:block;\"><\/div>[\/vc_column][\/vc_row][vc_row margin_top=\u00bb40&#8243; margin_bottom=\u00bb20&#8243; css=\u00bb.vc_custom_1576042411797{margin-bottom: -50px !important;}\u00bb][vc_column]<div class=\"ult-spacer spacer-69e4d1a1975cb\" data-id=\"69e4d1a1975cb\" data-height=\"40\" data-height-mobile=\"40\" data-height-tab=\"40\" data-height-tab-portrait=\"\" data-height-mobile-landscape=\"\" style=\"clear:both;display:block;\"><\/div>[vc_column_text css=\u00bb.vc_custom_1576042447524{margin-bottom: 10px !important;}\u00bb]<\/p>\n<h2 style=\"text-align: center;\">Ventajas del arbitraje<\/h2>\n<p>[\/vc_column_text]<div class=\"hr-thin style-line accent-border-color\" style=\"width: 100px;border-top-width: 2px;\"><\/div><div class=\"ult-spacer spacer-69e4d1a1975ff\" data-id=\"69e4d1a1975ff\" data-height=\"30\" data-height-mobile=\"30\" data-height-tab=\"30\" data-height-tab-portrait=\"\" data-height-mobile-landscape=\"\" style=\"clear:both;display:block;\"><\/div>[\/vc_column][\/vc_row][vc_row][vc_column][vc_column_text el_class=\u00bbcontenido-lista\u00bb]<\/p>\n<ul>\n<li><strong> Ausencia de formalismos<\/strong><\/li>\n<\/ul>\n<p>Las partes implicadas en el proceso conflictivo participan de forma activa en la resoluci\u00f3n del mismo. Durante la vista ante quien ejerce la funci\u00f3n arbitral, se admite la aportaci\u00f3n de documentos, pruebas y todas las r\u00e9plicas y d\u00faplicas que las partes estimen necesario, siempre dentro de un orden de intervenciones que, sobre la marcha, va moderando el \u00e1rbitro. Ahora bien, siempre est\u00e1n presentes los principios de igualdad, defensa, buena fe, contradicci\u00f3n, oralidad y gratuidad.<\/p>\n<ul>\n<li><strong>Agilidad<\/strong><\/li>\n<\/ul>\n<p>El procedimiento puede ser tan r\u00e1pido como las partes quieran. Ellas establecen el plazo en el cual debe dictarse el laudo. De no haberse determinado el plazo, el laudo se dictar\u00e1 como norma general en 10 d\u00edas desde la aceptaci\u00f3n del \u00e1rbitro y, excepcionalmente, en el plazo de 25 d\u00edas si las circunstancias as\u00ed lo aconsejan.<\/p>\n<ul>\n<li><strong>Eficacia legal<\/strong><\/li>\n<\/ul>\n<p>La ley equipara los laudos firmes a las sentencias firmes en cuanto a su ejecutividad. El sometimiento a arbitraje suspende el plazo de caducidad e interrumpe el de prescripci\u00f3n de acciones.<\/p>\n<ul>\n<li><strong>Gratuidad<\/strong><\/li>\n<li><strong>Especializaci\u00f3n y cualificaci\u00f3n<\/strong><\/li>\n<\/ul>\n<p>Las personas que componen el Cuerpo Arbitral son profesionales de reconocido prestigio y cualificaci\u00f3n elegidas de entre los mejores especialistas en derecho del trabajo y las relaciones laborales.<\/p>\n<ul>\n<li><strong>Independencia e imparcialidad<\/strong><\/li>\n<li><strong>Elecci\u00f3n del \u00e1rbitro<\/strong><\/li>\n<\/ul>\n<p>Las partes eligen libremente al \u00e1rbitro o \u00e1rbitros (en n\u00famero de tres) encargados de resolver la cuesti\u00f3n planteada de entre los que componen el Cuerpo Arbitral del Tribunal, profesionales del derecho de reconocido prestigio en el \u00e1mbito de las relaciones laborales.<\/p>\n<ul>\n<li><strong>Dedicaci\u00f3n<\/strong><\/li>\n<\/ul>\n<p>Ello es as\u00ed, tanto en lo referente al estudio y resoluci\u00f3n de la cuesti\u00f3n planteada, por cuanto los \u00e1rbitros no tienen que compartir su tiempo con la resoluci\u00f3n de decenas de cuestiones litigiosas; como en lo concerniente a la calidad de las resoluciones que emiten, dada su especializaci\u00f3n.<\/p>\n<ul>\n<li><strong>Confidencialidad<\/strong><\/li>\n<\/ul>\n<p>La informaci\u00f3n es tratada con discreci\u00f3n y de una manera confidencial.<\/p>\n<ul>\n<li><strong>Soluci\u00f3n m\u00e1s amigable<\/strong><\/li>\n<\/ul>\n<p>Porque el sometimiento de las partes voluntariamente al arbitraje, implica de por s\u00ed un acuerdo y que no haya una parte demandante y otra demandada. Por lo que la falta de confrontaci\u00f3n litigiosa, con independencia del contenido del laudo, facilita una recuperaci\u00f3n del adecuado clima laboral. En ocasiones, las partes llegan a alcanzar acuerdos definitivos incluso antes del laudo arbitral.[\/vc_column_text][vc_empty_space height=\u00bb20px\u00bb][\/vc_column][\/vc_row]<\/p>\n<\/div>","protected":false},"excerpt":{"rendered":"<p>[vc_row full_width=\u00bbstretch_row_content_no_spaces\u00bb bg_type=\u00bbimage\u00bb parallax_style=\u00bbvcpb-vz-jquery\u00bb bg_image_new=\u00bbid^348|url^https:\/\/www.dev.fundaciontal.org\/wp-content\/uploads\/2019\/11\/header-arbitraje.jpg|caption^null|alt^null|title^header-arbitraje|description^null\u00bb bg_image_repeat=\u00bbno-repeat\u00bb parallax_sense=\u00bb20&#8243; type=\u00bbvc_default\u00bb css=\u00bb.vc_custom_1574173144248{margin-top: -50px !important;}\u00bb][vc_column][\/vc_column][\/vc_row][vc_row margin_top=\u00bb40&#8243; margin_bottom=\u00bb20&#8243;][vc_column][vc_column_text css=\u00bb.vc_custom_1575617839759{margin-bottom: 10px !important;}\u00bb] Arbitraje [\/vc_column_text][\/vc_column][\/vc_row][vc_row][vc_column][vc_column_text] \u00bfEn qu\u00e9 consiste? Es un procedimiento de soluci\u00f3n extrajudicial de conflictos mediante el cual las partes, voluntariamente y de mutuo acuerdo, someten su controversia a una tercera persona (en n\u00famero de una o tres, por ellas elegidas)&hellip;<\/p>\n","protected":false},"author":2,"featured_media":0,"parent":764,"menu_order":0,"comment_status":"closed","ping_status":"closed","template":"","meta":{"footnotes":""},"class_list":["post-774","page","type-page","status-publish","hentry","description-off"],"yoast_head":"<!-- This site is optimized with the Yoast SEO plugin v26.2 - https:\/\/yoast.com\/wordpress\/plugins\/seo\/ -->\n<title>Arbitraje - Fundaci\u00f3 TAL<\/title>\n<meta name=\"description\" content=\"Es un procedimiento de soluci\u00f3n extrajudicial de conflictos. Las partes someten su controversia, detr\u00e1s de la mediaci\u00f3n, a un tercero que decide y pone fin al conflicto.\" \/>\n<meta name=\"robots\" content=\"index, follow, max-snippet:-1, max-image-preview:large, max-video-preview:-1\" \/>\n<link rel=\"canonical\" href=\"https:\/\/www.dev.fundaciontal.org\/es\/fundacion-tal\/arbitraje\/\" \/>\n<meta property=\"og:locale\" content=\"es_ES\" \/>\n<meta property=\"og:type\" content=\"article\" \/>\n<meta property=\"og:title\" content=\"Arbitraje - Fundaci\u00f3 TAL\" \/>\n<meta property=\"og:description\" content=\"Es un procedimiento de soluci\u00f3n extrajudicial de conflictos. Las partes someten su controversia, detr\u00e1s de la mediaci\u00f3n, a un tercero que decide y pone fin al conflicto.\" \/>\n<meta property=\"og:url\" content=\"https:\/\/www.dev.fundaciontal.org\/es\/fundacion-tal\/arbitraje\/\" \/>\n<meta property=\"og:site_name\" content=\"Fundaci\u00f3 TAL\" \/>\n<meta property=\"article:modified_time\" content=\"2025-12-02T07:06:35+00:00\" \/>\n<meta name=\"twitter:card\" content=\"summary_large_image\" \/>\n<meta name=\"twitter:label1\" content=\"Tiempo de lectura\" \/>\n\t<meta name=\"twitter:data1\" content=\"4 minutos\" \/>\n<script type=\"application\/ld+json\" class=\"yoast-schema-graph\">{\"@context\":\"https:\/\/schema.org\",\"@graph\":[{\"@type\":\"WebPage\",\"@id\":\"https:\/\/www.dev.fundaciontal.org\/es\/fundacion-tal\/arbitraje\/\",\"url\":\"https:\/\/www.dev.fundaciontal.org\/es\/fundacion-tal\/arbitraje\/\",\"name\":\"Arbitraje - Fundaci\u00f3 TAL\",\"isPartOf\":{\"@id\":\"https:\/\/www.dev.fundaciontal.org\/#website\"},\"datePublished\":\"2019-12-06T07:37:08+00:00\",\"dateModified\":\"2025-12-02T07:06:35+00:00\",\"description\":\"Es un procedimiento de soluci\u00f3n extrajudicial de conflictos. Las partes someten su controversia, detr\u00e1s de la mediaci\u00f3n, a un tercero que decide y pone fin al conflicto.\",\"breadcrumb\":{\"@id\":\"https:\/\/www.dev.fundaciontal.org\/es\/fundacion-tal\/arbitraje\/#breadcrumb\"},\"inLanguage\":\"es\",\"potentialAction\":[{\"@type\":\"ReadAction\",\"target\":[\"https:\/\/www.dev.fundaciontal.org\/es\/fundacion-tal\/arbitraje\/\"]}]},{\"@type\":\"BreadcrumbList\",\"@id\":\"https:\/\/www.dev.fundaciontal.org\/es\/fundacion-tal\/arbitraje\/#breadcrumb\",\"itemListElement\":[{\"@type\":\"ListItem\",\"position\":1,\"name\":\"Portada\",\"item\":\"https:\/\/www.dev.fundaciontal.org\/es\/\"},{\"@type\":\"ListItem\",\"position\":2,\"name\":\"Fundaci\u00f3n TAL\",\"item\":\"https:\/\/www.dev.fundaciontal.org\/es\/\"},{\"@type\":\"ListItem\",\"position\":3,\"name\":\"Arbitraje\"}]},{\"@type\":\"WebSite\",\"@id\":\"https:\/\/www.dev.fundaciontal.org\/#website\",\"url\":\"https:\/\/www.dev.fundaciontal.org\/\",\"name\":\"Fundaci\u00f3 TAL\",\"description\":\"Fundaci\u00f3 Tribunal d&#039;Arbitratge Laboral de la Comunitat Valenciana\",\"publisher\":{\"@id\":\"https:\/\/www.dev.fundaciontal.org\/#organization\"},\"potentialAction\":[{\"@type\":\"SearchAction\",\"target\":{\"@type\":\"EntryPoint\",\"urlTemplate\":\"https:\/\/www.dev.fundaciontal.org\/?s={search_term_string}\"},\"query-input\":{\"@type\":\"PropertyValueSpecification\",\"valueRequired\":true,\"valueName\":\"search_term_string\"}}],\"inLanguage\":\"es\"},{\"@type\":\"Organization\",\"@id\":\"https:\/\/www.dev.fundaciontal.org\/#organization\",\"name\":\"Fundaci\u00f3 Tribunal d'Arbitratge Laboral de la Comunitat Valenciana\",\"url\":\"https:\/\/www.dev.fundaciontal.org\/\",\"logo\":{\"@type\":\"ImageObject\",\"inLanguage\":\"es\",\"@id\":\"https:\/\/www.dev.fundaciontal.org\/#\/schema\/logo\/image\/\",\"url\":\"https:\/\/www.dev.fundaciontal.org\/wp-content\/uploads\/2019\/11\/logo-tal-header-std.png\",\"contentUrl\":\"https:\/\/www.dev.fundaciontal.org\/wp-content\/uploads\/2019\/11\/logo-tal-header-std.png\",\"width\":299,\"height\":70,\"caption\":\"Fundaci\u00f3 Tribunal d'Arbitratge Laboral de la Comunitat Valenciana\"},\"image\":{\"@id\":\"https:\/\/www.dev.fundaciontal.org\/#\/schema\/logo\/image\/\"}}]}<\/script>\n<!-- \/ Yoast SEO plugin. -->","yoast_head_json":{"title":"Arbitraje - Fundaci\u00f3 TAL","description":"Es un procedimiento de soluci\u00f3n extrajudicial de conflictos. Las partes someten su controversia, detr\u00e1s de la mediaci\u00f3n, a un tercero que decide y pone fin al conflicto.","robots":{"index":"index","follow":"follow","max-snippet":"max-snippet:-1","max-image-preview":"max-image-preview:large","max-video-preview":"max-video-preview:-1"},"canonical":"https:\/\/www.dev.fundaciontal.org\/es\/fundacion-tal\/arbitraje\/","og_locale":"es_ES","og_type":"article","og_title":"Arbitraje - Fundaci\u00f3 TAL","og_description":"Es un procedimiento de soluci\u00f3n extrajudicial de conflictos. Las partes someten su controversia, detr\u00e1s de la mediaci\u00f3n, a un tercero que decide y pone fin al conflicto.","og_url":"https:\/\/www.dev.fundaciontal.org\/es\/fundacion-tal\/arbitraje\/","og_site_name":"Fundaci\u00f3 TAL","article_modified_time":"2025-12-02T07:06:35+00:00","twitter_card":"summary_large_image","twitter_misc":{"Tiempo de lectura":"4 minutos"},"schema":{"@context":"https:\/\/schema.org","@graph":[{"@type":"WebPage","@id":"https:\/\/www.dev.fundaciontal.org\/es\/fundacion-tal\/arbitraje\/","url":"https:\/\/www.dev.fundaciontal.org\/es\/fundacion-tal\/arbitraje\/","name":"Arbitraje - Fundaci\u00f3 TAL","isPartOf":{"@id":"https:\/\/www.dev.fundaciontal.org\/#website"},"datePublished":"2019-12-06T07:37:08+00:00","dateModified":"2025-12-02T07:06:35+00:00","description":"Es un procedimiento de soluci\u00f3n extrajudicial de conflictos. Las partes someten su controversia, detr\u00e1s de la mediaci\u00f3n, a un tercero que decide y pone fin al conflicto.","breadcrumb":{"@id":"https:\/\/www.dev.fundaciontal.org\/es\/fundacion-tal\/arbitraje\/#breadcrumb"},"inLanguage":"es","potentialAction":[{"@type":"ReadAction","target":["https:\/\/www.dev.fundaciontal.org\/es\/fundacion-tal\/arbitraje\/"]}]},{"@type":"BreadcrumbList","@id":"https:\/\/www.dev.fundaciontal.org\/es\/fundacion-tal\/arbitraje\/#breadcrumb","itemListElement":[{"@type":"ListItem","position":1,"name":"Portada","item":"https:\/\/www.dev.fundaciontal.org\/es\/"},{"@type":"ListItem","position":2,"name":"Fundaci\u00f3n TAL","item":"https:\/\/www.dev.fundaciontal.org\/es\/"},{"@type":"ListItem","position":3,"name":"Arbitraje"}]},{"@type":"WebSite","@id":"https:\/\/www.dev.fundaciontal.org\/#website","url":"https:\/\/www.dev.fundaciontal.org\/","name":"Fundaci\u00f3 TAL","description":"Fundaci\u00f3 Tribunal d&#039;Arbitratge Laboral de la Comunitat Valenciana","publisher":{"@id":"https:\/\/www.dev.fundaciontal.org\/#organization"},"potentialAction":[{"@type":"SearchAction","target":{"@type":"EntryPoint","urlTemplate":"https:\/\/www.dev.fundaciontal.org\/?s={search_term_string}"},"query-input":{"@type":"PropertyValueSpecification","valueRequired":true,"valueName":"search_term_string"}}],"inLanguage":"es"},{"@type":"Organization","@id":"https:\/\/www.dev.fundaciontal.org\/#organization","name":"Fundaci\u00f3 Tribunal d'Arbitratge Laboral de la Comunitat Valenciana","url":"https:\/\/www.dev.fundaciontal.org\/","logo":{"@type":"ImageObject","inLanguage":"es","@id":"https:\/\/www.dev.fundaciontal.org\/#\/schema\/logo\/image\/","url":"https:\/\/www.dev.fundaciontal.org\/wp-content\/uploads\/2019\/11\/logo-tal-header-std.png","contentUrl":"https:\/\/www.dev.fundaciontal.org\/wp-content\/uploads\/2019\/11\/logo-tal-header-std.png","width":299,"height":70,"caption":"Fundaci\u00f3 Tribunal d'Arbitratge Laboral de la Comunitat Valenciana"},"image":{"@id":"https:\/\/www.dev.fundaciontal.org\/#\/schema\/logo\/image\/"}}]}},"_links":{"self":[{"href":"https:\/\/www.dev.fundaciontal.org\/es\/wp-json\/wp\/v2\/pages\/774","targetHints":{"allow":["GET"]}}],"collection":[{"href":"https:\/\/www.dev.fundaciontal.org\/es\/wp-json\/wp\/v2\/pages"}],"about":[{"href":"https:\/\/www.dev.fundaciontal.org\/es\/wp-json\/wp\/v2\/types\/page"}],"author":[{"embeddable":true,"href":"https:\/\/www.dev.fundaciontal.org\/es\/wp-json\/wp\/v2\/users\/2"}],"replies":[{"embeddable":true,"href":"https:\/\/www.dev.fundaciontal.org\/es\/wp-json\/wp\/v2\/comments?post=774"}],"version-history":[{"count":11,"href":"https:\/\/www.dev.fundaciontal.org\/es\/wp-json\/wp\/v2\/pages\/774\/revisions"}],"predecessor-version":[{"id":2482,"href":"https:\/\/www.dev.fundaciontal.org\/es\/wp-json\/wp\/v2\/pages\/774\/revisions\/2482"}],"up":[{"embeddable":true,"href":"https:\/\/www.dev.fundaciontal.org\/es\/wp-json\/wp\/v2\/pages\/764"}],"wp:attachment":[{"href":"https:\/\/www.dev.fundaciontal.org\/es\/wp-json\/wp\/v2\/media?parent=774"}],"curies":[{"name":"wp","href":"https:\/\/api.w.org\/{rel}","templated":true}]}}