{"id":775,"date":"2019-01-06T08:39:46","date_gmt":"2019-01-06T07:39:46","guid":{"rendered":"https:\/\/sfundaciontal.local\/?page_id=775"},"modified":"2023-03-10T14:03:55","modified_gmt":"2023-03-10T13:03:55","slug":"avisos-y-calendario-de-procedimientos","status":"publish","type":"page","link":"https:\/\/www.dev.fundaciontal.org\/es\/avisos-y-calendario-de-procedimientos\/","title":{"rendered":"Avisos y Calendario de procedimientos"},"content":{"rendered":"<div class=\"wpb-content-wrapper\"><p>[vc_row full_width=\u00bbstretch_row_content_no_spaces\u00bb bg_type=\u00bbimage\u00bb parallax_style=\u00bbvcpb-vz-jquery\u00bb bg_image_new=\u00bbid^1006|url^https:\/\/www.dev.fundaciontal.org\/wp-content\/uploads\/2019\/12\/header-avisos-calendario.jpg|caption^null|alt^Avisos y calendario de procedimientos|title^Avisos y calendario de procedimientos|description^null\u00bb bg_image_repeat=\u00bbno-repeat\u00bb parallax_sense=\u00bb20&#8243; type=\u00bbvc_default\u00bb css=\u00bb.vc_custom_1576418610446{margin-top: -50px !important;}\u00bb][vc_column]<div class=\"ult-spacer spacer-69e4d742d0053\" data-id=\"69e4d742d0053\" data-height=\"350\" data-height-mobile=\"150\" data-height-tab=\"300\" data-height-tab-portrait=\"300\" data-height-mobile-landscape=\"150\" style=\"clear:both;display:block;\"><\/div>[\/vc_column][\/vc_row][vc_row full_width=\u00bbstretch_row\u00bb margin_top=\u00bb40&#8243; margin_bottom=\u00bb20&#8243; el_class=\u00bbrow-bk-light-gray\u00bb css=\u00bb.vc_custom_1576128227273{margin-top: -5px !important;margin-bottom: 20px !important;}\u00bb][vc_column]<div class=\"ult-spacer spacer-69e4d742d0084\" data-id=\"69e4d742d0084\" data-height=\"40\" data-height-mobile=\"40\" data-height-tab=\"40\" data-height-tab-portrait=\"\" data-height-mobile-landscape=\"\" style=\"clear:both;display:block;\"><\/div>[vc_column_text css=\u00bb.vc_custom_1576128090366{margin-bottom: 10px !important;}\u00bb]<\/p>\n<h1 style=\"text-align: center;\">Avisos y Calendario de Procedimientos<\/h1>\n<p>[\/vc_column_text]<div class=\"hr-thin style-line accent-border-color\" style=\"width: 100px;border-top-width: 2px;\"><\/div><div class=\"ult-spacer spacer-69e4d742d00d7\" data-id=\"69e4d742d00d7\" data-height=\"50\" data-height-mobile=\"50\" data-height-tab=\"50\" data-height-tab-portrait=\"\" data-height-mobile-landscape=\"\" style=\"clear:both;display:block;\"><\/div>[\/vc_column][\/vc_row][vc_row full_width=\u00bbstretch_row\u00bb css=\u00bb.vc_custom_1576419371920{margin-bottom: 50px !important;}\u00bb][vc_column][vc_empty_space height=\u00bb50px\u00bb][vc_column_text]<\/p>\n<h2 style=\"text-align: center;\">AVISOS<\/h2>\n<p>[\/vc_column_text]<div class=\"hr-thin style-line accent-border-color\" style=\"width: 50px;border-top-width: 2px;\"><\/div>[vc_column_text]<\/p>\n<p style=\"text-align: center;\">Las partes que vayan a comparecer en la sesi\u00f3n de un procedimiento deber\u00e1n comunicar previamente la relaci\u00f3n de personas que asistir\u00e1n a la misma a los efectos de su identificaci\u00f3n.<\/p>\n<p>[\/vc_column_text][vc_empty_space height=\u00bb40px\u00bb][\/vc_column][\/vc_row][vc_row full_width=\u00bbstretch_row\u00bb el_class=\u00bbrow-bk-light-gray\u00bb css=\u00bb.vc_custom_1576128215344{margin-bottom: -50px !important;}\u00bb][vc_column][vc_empty_space height=\u00bb60px\u00bb][vc_column_text]<\/p>\n<h2 style=\"text-align: center;\">CALENDARIO DE PROCEDIMIENTOS<\/h2>\n<p>[\/vc_column_text]<div class=\"hr-thin style-line accent-border-color\" style=\"width: 50px;border-top-width: 2px;\"><\/div>[vc_empty_space height=\u00bb20px\u00bb][vc_column_text]<\/p>\n<p style=\"text-align: center;\">Puedes descargar el calendario de procedimientos actualizado aqu\u00ed:<\/p>\n<p>[\/vc_column_text]<style type=\"text\/css\" data-type=\"the7_shortcodes-inline-css\">#default-btn-289c1ec3b01f626893b153224b6198e2.ico-right-side > i {\n  margin-right: 0px;\n  margin-left: 8px;\n}\n#default-btn-289c1ec3b01f626893b153224b6198e2 > i {\n  margin-right: 8px;\n}<\/style><div class=\"btn-align-center\"><a href=\"\/wp-content\/uploads\/docs\/fundacion-tal\/calendario\/calendario.pdf\" class=\"default-btn-shortcode dt-btn dt-btn-m link-hover-off ico-right-side \" target=\"_blank\" id=\"default-btn-289c1ec3b01f626893b153224b6198e2\" rel=\"nofollow\"><span>Descargar Calendario<\/span><i class=\"Defaults-download\"><\/i><\/a><\/div>[vc_empty_space height=\u00bb80px\u00bb][\/vc_column][\/vc_row]<\/p>\n<\/div>","protected":false},"excerpt":{"rendered":"<p>[vc_row full_width=\u00bbstretch_row_content_no_spaces\u00bb bg_type=\u00bbimage\u00bb parallax_style=\u00bbvcpb-vz-jquery\u00bb bg_image_new=\u00bbid^1006|url^https:\/\/www.dev.fundaciontal.org\/wp-content\/uploads\/2019\/12\/header-avisos-calendario.jpg|caption^null|alt^Avisos y calendario de procedimientos|title^Avisos y calendario de procedimientos|description^null\u00bb bg_image_repeat=\u00bbno-repeat\u00bb parallax_sense=\u00bb20&#8243; type=\u00bbvc_default\u00bb css=\u00bb.vc_custom_1576418610446{margin-top: -50px !important;}\u00bb][vc_column][\/vc_column][\/vc_row][vc_row full_width=\u00bbstretch_row\u00bb margin_top=\u00bb40&#8243; margin_bottom=\u00bb20&#8243; el_class=\u00bbrow-bk-light-gray\u00bb css=\u00bb.vc_custom_1576128227273{margin-top: -5px !important;margin-bottom: 20px !important;}\u00bb][vc_column][vc_column_text css=\u00bb.vc_custom_1576128090366{margin-bottom: 10px !important;}\u00bb] Avisos y Calendario de Procedimientos [\/vc_column_text][\/vc_column][\/vc_row][vc_row full_width=\u00bbstretch_row\u00bb css=\u00bb.vc_custom_1576419371920{margin-bottom: 50px !important;}\u00bb][vc_column][vc_empty_space height=\u00bb50px\u00bb][vc_column_text] AVISOS [\/vc_column_text][vc_column_text] Las partes que vayan a comparecer en la sesi\u00f3n de un&hellip;<\/p>\n","protected":false},"author":2,"featured_media":0,"parent":0,"menu_order":0,"comment_status":"closed","ping_status":"closed","template":"","meta":{"footnotes":""},"class_list":["post-775","page","type-page","status-publish","hentry","description-off"],"yoast_head":"<!-- This site is optimized with the Yoast SEO plugin v26.2 - https:\/\/yoast.com\/wordpress\/plugins\/seo\/ -->\n<title>Avisos y Calendario de procedimientos - Fundaci\u00f3 TAL<\/title>\n<meta name=\"description\" content=\"Conoce ventajas del arbitraje y la mediaci\u00f3n en conflictos laborales de la Fundaci\u00f3n Tribunal de Arbitraje Laboral de la Comunidad Valenciana.\" \/>\n<meta name=\"robots\" content=\"index, follow, max-snippet:-1, max-image-preview:large, max-video-preview:-1\" \/>\n<link rel=\"canonical\" href=\"https:\/\/www.dev.fundaciontal.org\/es\/avisos-y-calendario-de-procedimientos\/\" \/>\n<meta property=\"og:locale\" content=\"es_ES\" \/>\n<meta property=\"og:type\" content=\"article\" \/>\n<meta property=\"og:title\" content=\"Avisos y Calendario de procedimientos - Fundaci\u00f3 TAL\" \/>\n<meta property=\"og:description\" content=\"Conoce ventajas del arbitraje y la mediaci\u00f3n en conflictos laborales de la Fundaci\u00f3n Tribunal de Arbitraje Laboral de la Comunidad Valenciana.\" \/>\n<meta property=\"og:url\" content=\"https:\/\/www.dev.fundaciontal.org\/es\/avisos-y-calendario-de-procedimientos\/\" \/>\n<meta property=\"og:site_name\" content=\"Fundaci\u00f3 TAL\" \/>\n<meta property=\"article:modified_time\" content=\"2023-03-10T13:03:55+00:00\" \/>\n<meta name=\"twitter:card\" content=\"summary_large_image\" \/>\n<meta name=\"twitter:label1\" content=\"Tiempo de lectura\" \/>\n\t<meta name=\"twitter:data1\" content=\"1 minuto\" \/>\n<script type=\"application\/ld+json\" class=\"yoast-schema-graph\">{\"@context\":\"https:\/\/schema.org\",\"@graph\":[{\"@type\":\"WebPage\",\"@id\":\"https:\/\/www.dev.fundaciontal.org\/es\/avisos-y-calendario-de-procedimientos\/\",\"url\":\"https:\/\/www.dev.fundaciontal.org\/es\/avisos-y-calendario-de-procedimientos\/\",\"name\":\"Avisos y Calendario de procedimientos - Fundaci\u00f3 TAL\",\"isPartOf\":{\"@id\":\"https:\/\/www.dev.fundaciontal.org\/#website\"},\"datePublished\":\"2019-01-06T07:39:46+00:00\",\"dateModified\":\"2023-03-10T13:03:55+00:00\",\"description\":\"Conoce ventajas del arbitraje y la mediaci\u00f3n en conflictos laborales de la Fundaci\u00f3n Tribunal de Arbitraje Laboral de la Comunidad Valenciana.\",\"breadcrumb\":{\"@id\":\"https:\/\/www.dev.fundaciontal.org\/es\/avisos-y-calendario-de-procedimientos\/#breadcrumb\"},\"inLanguage\":\"es\",\"potentialAction\":[{\"@type\":\"ReadAction\",\"target\":[\"https:\/\/www.dev.fundaciontal.org\/es\/avisos-y-calendario-de-procedimientos\/\"]}]},{\"@type\":\"BreadcrumbList\",\"@id\":\"https:\/\/www.dev.fundaciontal.org\/es\/avisos-y-calendario-de-procedimientos\/#breadcrumb\",\"itemListElement\":[{\"@type\":\"ListItem\",\"position\":1,\"name\":\"Portada\",\"item\":\"https:\/\/www.dev.fundaciontal.org\/es\/\"},{\"@type\":\"ListItem\",\"position\":2,\"name\":\"Avisos y Calendario de procedimientos\"}]},{\"@type\":\"WebSite\",\"@id\":\"https:\/\/www.dev.fundaciontal.org\/#website\",\"url\":\"https:\/\/www.dev.fundaciontal.org\/\",\"name\":\"Fundaci\u00f3 TAL\",\"description\":\"Fundaci\u00f3 Tribunal d&#039;Arbitratge Laboral de la Comunitat Valenciana\",\"publisher\":{\"@id\":\"https:\/\/www.dev.fundaciontal.org\/#organization\"},\"potentialAction\":[{\"@type\":\"SearchAction\",\"target\":{\"@type\":\"EntryPoint\",\"urlTemplate\":\"https:\/\/www.dev.fundaciontal.org\/?s={search_term_string}\"},\"query-input\":{\"@type\":\"PropertyValueSpecification\",\"valueRequired\":true,\"valueName\":\"search_term_string\"}}],\"inLanguage\":\"es\"},{\"@type\":\"Organization\",\"@id\":\"https:\/\/www.dev.fundaciontal.org\/#organization\",\"name\":\"Fundaci\u00f3 Tribunal d'Arbitratge Laboral de la Comunitat Valenciana\",\"url\":\"https:\/\/www.dev.fundaciontal.org\/\",\"logo\":{\"@type\":\"ImageObject\",\"inLanguage\":\"es\",\"@id\":\"https:\/\/www.dev.fundaciontal.org\/#\/schema\/logo\/image\/\",\"url\":\"https:\/\/www.dev.fundaciontal.org\/wp-content\/uploads\/2019\/11\/logo-tal-header-std.png\",\"contentUrl\":\"https:\/\/www.dev.fundaciontal.org\/wp-content\/uploads\/2019\/11\/logo-tal-header-std.png\",\"width\":299,\"height\":70,\"caption\":\"Fundaci\u00f3 Tribunal d'Arbitratge Laboral de la Comunitat Valenciana\"},\"image\":{\"@id\":\"https:\/\/www.dev.fundaciontal.org\/#\/schema\/logo\/image\/\"}}]}<\/script>\n<!-- \/ Yoast SEO plugin. -->","yoast_head_json":{"title":"Avisos y Calendario de procedimientos - Fundaci\u00f3 TAL","description":"Conoce ventajas del arbitraje y la mediaci\u00f3n en conflictos laborales de la Fundaci\u00f3n Tribunal de Arbitraje Laboral de la Comunidad Valenciana.","robots":{"index":"index","follow":"follow","max-snippet":"max-snippet:-1","max-image-preview":"max-image-preview:large","max-video-preview":"max-video-preview:-1"},"canonical":"https:\/\/www.dev.fundaciontal.org\/es\/avisos-y-calendario-de-procedimientos\/","og_locale":"es_ES","og_type":"article","og_title":"Avisos y Calendario de procedimientos - Fundaci\u00f3 TAL","og_description":"Conoce ventajas del arbitraje y la mediaci\u00f3n en conflictos laborales de la Fundaci\u00f3n Tribunal de Arbitraje Laboral de la Comunidad Valenciana.","og_url":"https:\/\/www.dev.fundaciontal.org\/es\/avisos-y-calendario-de-procedimientos\/","og_site_name":"Fundaci\u00f3 TAL","article_modified_time":"2023-03-10T13:03:55+00:00","twitter_card":"summary_large_image","twitter_misc":{"Tiempo de lectura":"1 minuto"},"schema":{"@context":"https:\/\/schema.org","@graph":[{"@type":"WebPage","@id":"https:\/\/www.dev.fundaciontal.org\/es\/avisos-y-calendario-de-procedimientos\/","url":"https:\/\/www.dev.fundaciontal.org\/es\/avisos-y-calendario-de-procedimientos\/","name":"Avisos y Calendario de procedimientos - Fundaci\u00f3 TAL","isPartOf":{"@id":"https:\/\/www.dev.fundaciontal.org\/#website"},"datePublished":"2019-01-06T07:39:46+00:00","dateModified":"2023-03-10T13:03:55+00:00","description":"Conoce ventajas del arbitraje y la mediaci\u00f3n en conflictos laborales de la Fundaci\u00f3n Tribunal de Arbitraje Laboral de la Comunidad Valenciana.","breadcrumb":{"@id":"https:\/\/www.dev.fundaciontal.org\/es\/avisos-y-calendario-de-procedimientos\/#breadcrumb"},"inLanguage":"es","potentialAction":[{"@type":"ReadAction","target":["https:\/\/www.dev.fundaciontal.org\/es\/avisos-y-calendario-de-procedimientos\/"]}]},{"@type":"BreadcrumbList","@id":"https:\/\/www.dev.fundaciontal.org\/es\/avisos-y-calendario-de-procedimientos\/#breadcrumb","itemListElement":[{"@type":"ListItem","position":1,"name":"Portada","item":"https:\/\/www.dev.fundaciontal.org\/es\/"},{"@type":"ListItem","position":2,"name":"Avisos y Calendario de procedimientos"}]},{"@type":"WebSite","@id":"https:\/\/www.dev.fundaciontal.org\/#website","url":"https:\/\/www.dev.fundaciontal.org\/","name":"Fundaci\u00f3 TAL","description":"Fundaci\u00f3 Tribunal d&#039;Arbitratge Laboral de la Comunitat Valenciana","publisher":{"@id":"https:\/\/www.dev.fundaciontal.org\/#organization"},"potentialAction":[{"@type":"SearchAction","target":{"@type":"EntryPoint","urlTemplate":"https:\/\/www.dev.fundaciontal.org\/?s={search_term_string}"},"query-input":{"@type":"PropertyValueSpecification","valueRequired":true,"valueName":"search_term_string"}}],"inLanguage":"es"},{"@type":"Organization","@id":"https:\/\/www.dev.fundaciontal.org\/#organization","name":"Fundaci\u00f3 Tribunal d'Arbitratge Laboral de la Comunitat Valenciana","url":"https:\/\/www.dev.fundaciontal.org\/","logo":{"@type":"ImageObject","inLanguage":"es","@id":"https:\/\/www.dev.fundaciontal.org\/#\/schema\/logo\/image\/","url":"https:\/\/www.dev.fundaciontal.org\/wp-content\/uploads\/2019\/11\/logo-tal-header-std.png","contentUrl":"https:\/\/www.dev.fundaciontal.org\/wp-content\/uploads\/2019\/11\/logo-tal-header-std.png","width":299,"height":70,"caption":"Fundaci\u00f3 Tribunal d'Arbitratge Laboral de la Comunitat Valenciana"},"image":{"@id":"https:\/\/www.dev.fundaciontal.org\/#\/schema\/logo\/image\/"}}]}},"_links":{"self":[{"href":"https:\/\/www.dev.fundaciontal.org\/es\/wp-json\/wp\/v2\/pages\/775","targetHints":{"allow":["GET"]}}],"collection":[{"href":"https:\/\/www.dev.fundaciontal.org\/es\/wp-json\/wp\/v2\/pages"}],"about":[{"href":"https:\/\/www.dev.fundaciontal.org\/es\/wp-json\/wp\/v2\/types\/page"}],"author":[{"embeddable":true,"href":"https:\/\/www.dev.fundaciontal.org\/es\/wp-json\/wp\/v2\/users\/2"}],"replies":[{"embeddable":true,"href":"https:\/\/www.dev.fundaciontal.org\/es\/wp-json\/wp\/v2\/comments?post=775"}],"version-history":[{"count":14,"href":"https:\/\/www.dev.fundaciontal.org\/es\/wp-json\/wp\/v2\/pages\/775\/revisions"}],"predecessor-version":[{"id":1814,"href":"https:\/\/www.dev.fundaciontal.org\/es\/wp-json\/wp\/v2\/pages\/775\/revisions\/1814"}],"wp:attachment":[{"href":"https:\/\/www.dev.fundaciontal.org\/es\/wp-json\/wp\/v2\/media?parent=775"}],"curies":[{"name":"wp","href":"https:\/\/api.w.org\/{rel}","templated":true}]}}