{"id":776,"date":"2019-01-06T08:43:38","date_gmt":"2019-01-06T07:43:38","guid":{"rendered":"https:\/\/sfundaciontal.local\/?page_id=776"},"modified":"2023-08-10T08:59:31","modified_gmt":"2023-08-10T06:59:31","slug":"comision-tecnica","status":"publish","type":"page","link":"https:\/\/www.dev.fundaciontal.org\/es\/fundacion-tal\/comision-tecnica\/","title":{"rendered":"Comisi\u00f3n T\u00e9cnica"},"content":{"rendered":"<div class=\"wpb-content-wrapper\"><p>[vc_row full_width=\u00bbstretch_row_content_no_spaces\u00bb bg_type=\u00bbimage\u00bb parallax_style=\u00bbvcpb-vz-jquery\u00bb bg_image_new=\u00bbid^350|url^https:\/\/www.dev.fundaciontal.org\/wp-content\/uploads\/2019\/11\/header-comision-tecnica.jpg|caption^null|alt^null|title^header-comision-tecnica|description^null\u00bb bg_image_repeat=\u00bbno-repeat\u00bb parallax_sense=\u00bb20&#8243; type=\u00bbvc_default\u00bb css=\u00bb.vc_custom_1574173173745{margin-top: -50px !important;}\u00bb][vc_column]<div class=\"ult-spacer spacer-69e4d1a422c02\" data-id=\"69e4d1a422c02\" data-height=\"350\" data-height-mobile=\"150\" data-height-tab=\"300\" data-height-tab-portrait=\"300\" data-height-mobile-landscape=\"150\" style=\"clear:both;display:block;\"><\/div>[\/vc_column][\/vc_row][vc_row margin_top=\u00bb40&#8243; margin_bottom=\u00bb20&#8243;][vc_column]<div class=\"ult-spacer spacer-69e4d1a422c35\" data-id=\"69e4d1a422c35\" data-height=\"40\" data-height-mobile=\"40\" data-height-tab=\"40\" data-height-tab-portrait=\"\" data-height-mobile-landscape=\"\" style=\"clear:both;display:block;\"><\/div>[vc_column_text css=\u00bb.vc_custom_1575618240487{margin-bottom: 10px !important;}\u00bb]<\/p>\n<h1 style=\"text-align: center;\">Comisi\u00f3n T\u00e9cnica<\/h1>\n<p>[\/vc_column_text]<div class=\"hr-thin style-line accent-border-color\" style=\"width: 80px;border-top-width: 2px;\"><\/div><div class=\"ult-spacer spacer-69e4d1a422c8a\" data-id=\"69e4d1a422c8a\" data-height=\"30\" data-height-mobile=\"30\" data-height-tab=\"30\" data-height-tab-portrait=\"\" data-height-mobile-landscape=\"\" style=\"clear:both;display:block;\"><\/div>[\/vc_column][\/vc_row][vc_row][vc_column][vc_column_text]<\/p>\n<h4>La Comisi\u00f3n T\u00e9cnica de Organizaci\u00f3n del Trabajo del Tribunal de Mediaci\u00f3n y Arbitraje Laboral C.V.<\/h4>\n<p>La Comisi\u00f3n T\u00e9cnica de Organizaci\u00f3n del Trabajo del Tribunal de Mediaci\u00f3n y Arbitraje Laboral de la Comunitat Valenciana constituye una herramienta de apoyo a las personas mediadoras y \u00e1rbitrales del sistema valenciano de soluci\u00f3n extrajudicial de conflictos laborales colectivos. Su intervenci\u00f3n en un procedimiento de mediaci\u00f3n o arbitraje se prev\u00e9 con la emisi\u00f3n de un dictamen o informe pericial vinculante o no, seg\u00fan el tipo de procedimiento, sobre materias relacionadas con la organizaci\u00f3n del trabajo en las empresas.<\/p>\n<p>En este sentido, sus funciones son el an\u00e1lisis y estudio t\u00e9cnico de aspectos concernientes a la productividad -sistemas de medici\u00f3n, tiempos e incentivos- a la valoraci\u00f3n de puestos de trabajo y a la movilidad de las personas trabajadoras a, o desde, los centros de trabajo.<\/p>\n<p>Esta herramienta ha sido creada y regulada por los agentes sociales y empresariales m\u00e1s representativos de la Comunitat Valenciana en virtud de su autonom\u00eda colectiva, quienes han designado, a su vez y de com\u00fan acuerdo, a los t\u00e9cnicos integrantes de la Comisi\u00f3n que deber\u00e1 emitir sus informes de manera colegiada.<\/p>\n<p>El servicio, dentro de los l\u00edmites fijados en el documento de su creaci\u00f3n, ser\u00e1 gratuito para las partes en conflicto.[\/vc_column_text][vc_empty_space height=\u00bb20px\u00bb][vc_row_inner][vc_column_inner width=\u00bb1\/2&#8243;][vc_column_text]<\/p>\n<div class=\"wpb_text_column wpb_content_element \">\n<div class=\"wpb_wrapper\">\n<h4>T\u00e9cnicos de Organizaci\u00f3n del Trabajo<\/h4>\n<p>V\u00edctor Manuel Moralejo Colomina<\/p>\n<p>Sof\u00eda Estell\u00e9s Miguel<\/p>\n<p>Germ\u00e1n Iranzo Soto<\/p>\n<p>Juan Vicente Tar\u00edn Mart\u00ednez<\/p>\n<p>Emilio G\u00f3mez Peris<\/p>\n<p>Jacinto Riera Bernab\u00e9u<\/p>\n<\/div>\n<\/div>\n<p>[\/vc_column_text][\/vc_column_inner][vc_column_inner width=\u00bb1\/2&#8243;][vc_text_separator title=\u00bbDocumentaci\u00f3n\u00bb]<style type=\"text\/css\" data-type=\"the7_shortcodes-inline-css\">#default-btn-e5b24ee999f24cd4db3968d7641f347d.ico-right-side > i {\n  margin-right: 0px;\n  margin-left: 8px;\n}\n#default-btn-e5b24ee999f24cd4db3968d7641f347d > i {\n  margin-right: 8px;\n}<\/style><div class=\"btn-align-center\"><a href=\"https:\/\/www.dev.fundaciontal.org\/wp-content\/uploads\/docs\/fundacion-tal\/TABLAS-COEFICIENTES-DESCANSO-TALCV.pdf\" class=\"default-btn-shortcode dt-btn dt-btn-m link-hover-off full-width-btn \" target=\"_blank\" id=\"default-btn-e5b24ee999f24cd4db3968d7641f347d\" rel=\"noopener\"><span>Tablas de coeficientes de descanso<\/span><\/a><\/div><div class=\"ult-spacer spacer-69e4d1a422d99\" data-id=\"69e4d1a422d99\" data-height=\"15\" data-height-mobile=\"15\" data-height-tab=\"15\" data-height-tab-portrait=\"\" data-height-mobile-landscape=\"\" style=\"clear:both;display:block;\"><\/div><style type=\"text\/css\" data-type=\"the7_shortcodes-inline-css\">#default-btn-2dd2704cb84841e41c7fd91d63a64871.ico-right-side > i {\n  margin-right: 0px;\n  margin-left: 8px;\n}\n#default-btn-2dd2704cb84841e41c7fd91d63a64871 > i {\n  margin-right: 8px;\n}<\/style><div class=\"btn-align-center\"><a href=\"https:\/\/doi.org\/10.37610\/dyo.v0i49.420\" class=\"default-btn-shortcode dt-btn dt-btn-m link-hover-off full-width-btn \" target=\"_blank\" id=\"default-btn-2dd2704cb84841e41c7fd91d63a64871\" rel=\"noopener\"><span>\u00abUna revisi\u00f3n de las Tablas de Suplementos de la Organizaci\u00f3n Internacional del Trabajo\u00bb. Estell\u00e9s-Miguel, Sof\u00eda, Marta E. Palmer-Gato, Jos\u00e9 M. Albarrac\u00edn-Guillem, &amp; Carlos Andr\u00e9s-Romano. Direcci\u00f3n y Organizaci\u00f3n [En l\u00ednea], 0.49 (2013): 64-72.<\/span><\/a><\/div><div class=\"ult-spacer spacer-69e4d1a422e21\" data-id=\"69e4d1a422e21\" data-height=\"15\" data-height-mobile=\"15\" data-height-tab=\"15\" data-height-tab-portrait=\"\" data-height-mobile-landscape=\"\" style=\"clear:both;display:block;\"><\/div><style type=\"text\/css\" data-type=\"the7_shortcodes-inline-css\">#default-btn-033e85b0e28d3b1ecb11e6dd0d56b77b.ico-right-side > i {\n  margin-right: 0px;\n  margin-left: 8px;\n}\n#default-btn-033e85b0e28d3b1ecb11e6dd0d56b77b > i {\n  margin-right: 8px;\n}<\/style><div class=\"btn-align-center\"><a href=\"https:\/\/www.dev.fundaciontal.org\/wp-content\/uploads\/docs\/fundacion-tal\/PROCESO-COMISION-TECNICA.pdf\" class=\"default-btn-shortcode dt-btn dt-btn-m link-hover-off full-width-btn \" target=\"_blank\" id=\"default-btn-033e85b0e28d3b1ecb11e6dd0d56b77b\" rel=\"noopener\"><span>Proceso de la Comisi\u00f3n T\u00e9cnica<\/span><\/a><\/div>[\/vc_column_inner][\/vc_row_inner][\/vc_column][\/vc_row]<\/p>\n<\/div>","protected":false},"excerpt":{"rendered":"<p>[vc_row full_width=\u00bbstretch_row_content_no_spaces\u00bb bg_type=\u00bbimage\u00bb parallax_style=\u00bbvcpb-vz-jquery\u00bb bg_image_new=\u00bbid^350|url^https:\/\/www.dev.fundaciontal.org\/wp-content\/uploads\/2019\/11\/header-comision-tecnica.jpg|caption^null|alt^null|title^header-comision-tecnica|description^null\u00bb bg_image_repeat=\u00bbno-repeat\u00bb parallax_sense=\u00bb20&#8243; type=\u00bbvc_default\u00bb css=\u00bb.vc_custom_1574173173745{margin-top: -50px !important;}\u00bb][vc_column][\/vc_column][\/vc_row][vc_row margin_top=\u00bb40&#8243; margin_bottom=\u00bb20&#8243;][vc_column][vc_column_text css=\u00bb.vc_custom_1575618240487{margin-bottom: 10px !important;}\u00bb] Comisi\u00f3n T\u00e9cnica [\/vc_column_text][\/vc_column][\/vc_row][vc_row][vc_column][vc_column_text] La Comisi\u00f3n T\u00e9cnica de Organizaci\u00f3n del Trabajo del Tribunal de Mediaci\u00f3n y Arbitraje Laboral C.V. La Comisi\u00f3n T\u00e9cnica de Organizaci\u00f3n del Trabajo del Tribunal de Mediaci\u00f3n y Arbitraje Laboral de la Comunitat Valenciana constituye una herramienta&hellip;<\/p>\n","protected":false},"author":2,"featured_media":0,"parent":764,"menu_order":0,"comment_status":"closed","ping_status":"closed","template":"","meta":{"footnotes":""},"class_list":["post-776","page","type-page","status-publish","hentry","description-off"],"yoast_head":"<!-- This site is optimized with the Yoast SEO plugin v26.2 - https:\/\/yoast.com\/wordpress\/plugins\/seo\/ -->\n<title>Comisi\u00f3n T\u00e9cnica - Fundaci\u00f3 TAL<\/title>\n<meta name=\"description\" content=\"Conoce la composici\u00f3n de la Comisi\u00f3n T\u00e9cnica de Organizaci\u00f3n del Trabajo de la Fundaci\u00f3n Tribunal de Arbitraje Laboral de la Comunidad Valenciana. Consulta su procedimiento y las tablas de coeficientes de descanso.\" \/>\n<meta name=\"robots\" content=\"index, follow, max-snippet:-1, max-image-preview:large, max-video-preview:-1\" \/>\n<link rel=\"canonical\" href=\"https:\/\/www.dev.fundaciontal.org\/es\/fundacion-tal\/comision-tecnica\/\" \/>\n<meta property=\"og:locale\" content=\"es_ES\" \/>\n<meta property=\"og:type\" content=\"article\" \/>\n<meta property=\"og:title\" content=\"Comisi\u00f3n T\u00e9cnica - Fundaci\u00f3 TAL\" \/>\n<meta property=\"og:description\" content=\"Conoce la composici\u00f3n de la Comisi\u00f3n T\u00e9cnica de Organizaci\u00f3n del Trabajo de la Fundaci\u00f3n Tribunal de Arbitraje Laboral de la Comunidad Valenciana. Consulta su procedimiento y las tablas de coeficientes de descanso.\" \/>\n<meta property=\"og:url\" content=\"https:\/\/www.dev.fundaciontal.org\/es\/fundacion-tal\/comision-tecnica\/\" \/>\n<meta property=\"og:site_name\" content=\"Fundaci\u00f3 TAL\" \/>\n<meta property=\"article:modified_time\" content=\"2023-08-10T06:59:31+00:00\" \/>\n<meta name=\"twitter:card\" content=\"summary_large_image\" \/>\n<meta name=\"twitter:label1\" content=\"Tiempo de lectura\" \/>\n\t<meta name=\"twitter:data1\" content=\"3 minutos\" \/>\n<script type=\"application\/ld+json\" class=\"yoast-schema-graph\">{\"@context\":\"https:\/\/schema.org\",\"@graph\":[{\"@type\":\"WebPage\",\"@id\":\"https:\/\/www.dev.fundaciontal.org\/es\/fundacion-tal\/comision-tecnica\/\",\"url\":\"https:\/\/www.dev.fundaciontal.org\/es\/fundacion-tal\/comision-tecnica\/\",\"name\":\"Comisi\u00f3n T\u00e9cnica - Fundaci\u00f3 TAL\",\"isPartOf\":{\"@id\":\"https:\/\/www.dev.fundaciontal.org\/#website\"},\"datePublished\":\"2019-01-06T07:43:38+00:00\",\"dateModified\":\"2023-08-10T06:59:31+00:00\",\"description\":\"Conoce la composici\u00f3n de la Comisi\u00f3n T\u00e9cnica de Organizaci\u00f3n del Trabajo de la Fundaci\u00f3n Tribunal de Arbitraje Laboral de la Comunidad Valenciana. Consulta su procedimiento y las tablas de coeficientes de descanso.\",\"breadcrumb\":{\"@id\":\"https:\/\/www.dev.fundaciontal.org\/es\/fundacion-tal\/comision-tecnica\/#breadcrumb\"},\"inLanguage\":\"es\",\"potentialAction\":[{\"@type\":\"ReadAction\",\"target\":[\"https:\/\/www.dev.fundaciontal.org\/es\/fundacion-tal\/comision-tecnica\/\"]}]},{\"@type\":\"BreadcrumbList\",\"@id\":\"https:\/\/www.dev.fundaciontal.org\/es\/fundacion-tal\/comision-tecnica\/#breadcrumb\",\"itemListElement\":[{\"@type\":\"ListItem\",\"position\":1,\"name\":\"Portada\",\"item\":\"https:\/\/www.dev.fundaciontal.org\/es\/\"},{\"@type\":\"ListItem\",\"position\":2,\"name\":\"Fundaci\u00f3n TAL\",\"item\":\"https:\/\/www.dev.fundaciontal.org\/es\/\"},{\"@type\":\"ListItem\",\"position\":3,\"name\":\"Comisi\u00f3n T\u00e9cnica\"}]},{\"@type\":\"WebSite\",\"@id\":\"https:\/\/www.dev.fundaciontal.org\/#website\",\"url\":\"https:\/\/www.dev.fundaciontal.org\/\",\"name\":\"Fundaci\u00f3 TAL\",\"description\":\"Fundaci\u00f3 Tribunal d&#039;Arbitratge Laboral de la Comunitat Valenciana\",\"publisher\":{\"@id\":\"https:\/\/www.dev.fundaciontal.org\/#organization\"},\"potentialAction\":[{\"@type\":\"SearchAction\",\"target\":{\"@type\":\"EntryPoint\",\"urlTemplate\":\"https:\/\/www.dev.fundaciontal.org\/?s={search_term_string}\"},\"query-input\":{\"@type\":\"PropertyValueSpecification\",\"valueRequired\":true,\"valueName\":\"search_term_string\"}}],\"inLanguage\":\"es\"},{\"@type\":\"Organization\",\"@id\":\"https:\/\/www.dev.fundaciontal.org\/#organization\",\"name\":\"Fundaci\u00f3 Tribunal d'Arbitratge Laboral de la Comunitat Valenciana\",\"url\":\"https:\/\/www.dev.fundaciontal.org\/\",\"logo\":{\"@type\":\"ImageObject\",\"inLanguage\":\"es\",\"@id\":\"https:\/\/www.dev.fundaciontal.org\/#\/schema\/logo\/image\/\",\"url\":\"https:\/\/www.dev.fundaciontal.org\/wp-content\/uploads\/2019\/11\/logo-tal-header-std.png\",\"contentUrl\":\"https:\/\/www.dev.fundaciontal.org\/wp-content\/uploads\/2019\/11\/logo-tal-header-std.png\",\"width\":299,\"height\":70,\"caption\":\"Fundaci\u00f3 Tribunal d'Arbitratge Laboral de la Comunitat Valenciana\"},\"image\":{\"@id\":\"https:\/\/www.dev.fundaciontal.org\/#\/schema\/logo\/image\/\"}}]}<\/script>\n<!-- \/ Yoast SEO plugin. -->","yoast_head_json":{"title":"Comisi\u00f3n T\u00e9cnica - Fundaci\u00f3 TAL","description":"Conoce la composici\u00f3n de la Comisi\u00f3n T\u00e9cnica de Organizaci\u00f3n del Trabajo de la Fundaci\u00f3n Tribunal de Arbitraje Laboral de la Comunidad Valenciana. Consulta su procedimiento y las tablas de coeficientes de descanso.","robots":{"index":"index","follow":"follow","max-snippet":"max-snippet:-1","max-image-preview":"max-image-preview:large","max-video-preview":"max-video-preview:-1"},"canonical":"https:\/\/www.dev.fundaciontal.org\/es\/fundacion-tal\/comision-tecnica\/","og_locale":"es_ES","og_type":"article","og_title":"Comisi\u00f3n T\u00e9cnica - Fundaci\u00f3 TAL","og_description":"Conoce la composici\u00f3n de la Comisi\u00f3n T\u00e9cnica de Organizaci\u00f3n del Trabajo de la Fundaci\u00f3n Tribunal de Arbitraje Laboral de la Comunidad Valenciana. Consulta su procedimiento y las tablas de coeficientes de descanso.","og_url":"https:\/\/www.dev.fundaciontal.org\/es\/fundacion-tal\/comision-tecnica\/","og_site_name":"Fundaci\u00f3 TAL","article_modified_time":"2023-08-10T06:59:31+00:00","twitter_card":"summary_large_image","twitter_misc":{"Tiempo de lectura":"3 minutos"},"schema":{"@context":"https:\/\/schema.org","@graph":[{"@type":"WebPage","@id":"https:\/\/www.dev.fundaciontal.org\/es\/fundacion-tal\/comision-tecnica\/","url":"https:\/\/www.dev.fundaciontal.org\/es\/fundacion-tal\/comision-tecnica\/","name":"Comisi\u00f3n T\u00e9cnica - Fundaci\u00f3 TAL","isPartOf":{"@id":"https:\/\/www.dev.fundaciontal.org\/#website"},"datePublished":"2019-01-06T07:43:38+00:00","dateModified":"2023-08-10T06:59:31+00:00","description":"Conoce la composici\u00f3n de la Comisi\u00f3n T\u00e9cnica de Organizaci\u00f3n del Trabajo de la Fundaci\u00f3n Tribunal de Arbitraje Laboral de la Comunidad Valenciana. Consulta su procedimiento y las tablas de coeficientes de descanso.","breadcrumb":{"@id":"https:\/\/www.dev.fundaciontal.org\/es\/fundacion-tal\/comision-tecnica\/#breadcrumb"},"inLanguage":"es","potentialAction":[{"@type":"ReadAction","target":["https:\/\/www.dev.fundaciontal.org\/es\/fundacion-tal\/comision-tecnica\/"]}]},{"@type":"BreadcrumbList","@id":"https:\/\/www.dev.fundaciontal.org\/es\/fundacion-tal\/comision-tecnica\/#breadcrumb","itemListElement":[{"@type":"ListItem","position":1,"name":"Portada","item":"https:\/\/www.dev.fundaciontal.org\/es\/"},{"@type":"ListItem","position":2,"name":"Fundaci\u00f3n TAL","item":"https:\/\/www.dev.fundaciontal.org\/es\/"},{"@type":"ListItem","position":3,"name":"Comisi\u00f3n T\u00e9cnica"}]},{"@type":"WebSite","@id":"https:\/\/www.dev.fundaciontal.org\/#website","url":"https:\/\/www.dev.fundaciontal.org\/","name":"Fundaci\u00f3 TAL","description":"Fundaci\u00f3 Tribunal d&#039;Arbitratge Laboral de la Comunitat Valenciana","publisher":{"@id":"https:\/\/www.dev.fundaciontal.org\/#organization"},"potentialAction":[{"@type":"SearchAction","target":{"@type":"EntryPoint","urlTemplate":"https:\/\/www.dev.fundaciontal.org\/?s={search_term_string}"},"query-input":{"@type":"PropertyValueSpecification","valueRequired":true,"valueName":"search_term_string"}}],"inLanguage":"es"},{"@type":"Organization","@id":"https:\/\/www.dev.fundaciontal.org\/#organization","name":"Fundaci\u00f3 Tribunal d'Arbitratge Laboral de la Comunitat Valenciana","url":"https:\/\/www.dev.fundaciontal.org\/","logo":{"@type":"ImageObject","inLanguage":"es","@id":"https:\/\/www.dev.fundaciontal.org\/#\/schema\/logo\/image\/","url":"https:\/\/www.dev.fundaciontal.org\/wp-content\/uploads\/2019\/11\/logo-tal-header-std.png","contentUrl":"https:\/\/www.dev.fundaciontal.org\/wp-content\/uploads\/2019\/11\/logo-tal-header-std.png","width":299,"height":70,"caption":"Fundaci\u00f3 Tribunal d'Arbitratge Laboral de la Comunitat Valenciana"},"image":{"@id":"https:\/\/www.dev.fundaciontal.org\/#\/schema\/logo\/image\/"}}]}},"_links":{"self":[{"href":"https:\/\/www.dev.fundaciontal.org\/es\/wp-json\/wp\/v2\/pages\/776","targetHints":{"allow":["GET"]}}],"collection":[{"href":"https:\/\/www.dev.fundaciontal.org\/es\/wp-json\/wp\/v2\/pages"}],"about":[{"href":"https:\/\/www.dev.fundaciontal.org\/es\/wp-json\/wp\/v2\/types\/page"}],"author":[{"embeddable":true,"href":"https:\/\/www.dev.fundaciontal.org\/es\/wp-json\/wp\/v2\/users\/2"}],"replies":[{"embeddable":true,"href":"https:\/\/www.dev.fundaciontal.org\/es\/wp-json\/wp\/v2\/comments?post=776"}],"version-history":[{"count":18,"href":"https:\/\/www.dev.fundaciontal.org\/es\/wp-json\/wp\/v2\/pages\/776\/revisions"}],"predecessor-version":[{"id":1984,"href":"https:\/\/www.dev.fundaciontal.org\/es\/wp-json\/wp\/v2\/pages\/776\/revisions\/1984"}],"up":[{"embeddable":true,"href":"https:\/\/www.dev.fundaciontal.org\/es\/wp-json\/wp\/v2\/pages\/764"}],"wp:attachment":[{"href":"https:\/\/www.dev.fundaciontal.org\/es\/wp-json\/wp\/v2\/media?parent=776"}],"curies":[{"name":"wp","href":"https:\/\/api.w.org\/{rel}","templated":true}]}}