{"id":777,"date":"2019-12-06T08:48:53","date_gmt":"2019-12-06T07:48:53","guid":{"rendered":"https:\/\/sfundaciontal.local\/?page_id=777"},"modified":"2023-07-04T14:09:02","modified_gmt":"2023-07-04T12:09:02","slug":"comite-seguimiento-asac-cv","status":"publish","type":"page","link":"https:\/\/www.dev.fundaciontal.org\/es\/fundacion-tal\/comite-seguimiento-asac-cv\/","title":{"rendered":"Comit\u00e9 Seguimiento ASAC-CV"},"content":{"rendered":"<div class=\"wpb-content-wrapper\"><p>[vc_row full_width=\u00bbstretch_row_content_no_spaces\u00bb bg_type=\u00bbimage\u00bb parallax_style=\u00bbvcpb-vz-jquery\u00bb bg_image_new=\u00bbid^353|url^https:\/\/www.dev.fundaciontal.org\/wp-content\/uploads\/2019\/11\/header-comite-seguimiento.jpg|caption^null|alt^null|title^header-comite-seguimiento|description^null\u00bb bg_image_repeat=\u00bbno-repeat\u00bb parallax_sense=\u00bb20&#8243; type=\u00bbvc_default\u00bb css=\u00bb.vc_custom_1574173256357{margin-top: -50px !important;}\u00bb][vc_column]<div class=\"ult-spacer spacer-69e4d1c981964\" data-id=\"69e4d1c981964\" data-height=\"350\" data-height-mobile=\"150\" data-height-tab=\"300\" data-height-tab-portrait=\"300\" data-height-mobile-landscape=\"150\" style=\"clear:both;display:block;\"><\/div>[\/vc_column][\/vc_row][vc_row margin_top=\u00bb40&#8243; margin_bottom=\u00bb20&#8243;][vc_column]<div class=\"ult-spacer spacer-69e4d1c981991\" data-id=\"69e4d1c981991\" data-height=\"40\" data-height-mobile=\"40\" data-height-tab=\"40\" data-height-tab-portrait=\"\" data-height-mobile-landscape=\"\" style=\"clear:both;display:block;\"><\/div>[vc_column_text css=\u00bb.vc_custom_1575618550414{margin-bottom: 10px !important;}\u00bb]<\/p>\n<h1 style=\"text-align: center;\">Comit\u00e9 Seguimiento ASAC-CV<\/h1>\n<p>[\/vc_column_text]<div class=\"hr-thin style-line accent-border-color\" style=\"width: 100px;border-top-width: 2px;\"><\/div><div class=\"ult-spacer spacer-69e4d1c9819e1\" data-id=\"69e4d1c9819e1\" data-height=\"30\" data-height-mobile=\"30\" data-height-tab=\"30\" data-height-tab-portrait=\"\" data-height-mobile-landscape=\"\" style=\"clear:both;display:block;\"><\/div>[\/vc_column][\/vc_row][vc_row][vc_column][vc_column_text]<\/p>\n<h4 style=\"text-align: center;\">Por Comisiones Obreras del Pa\u00eds Valenciano (CCOO-PV)<\/h4>\n<p style=\"text-align: center;\">Daniel Pati\u00f1o Mi\u00f1ana<br \/>\nJaume Mayor Salvi<\/p>\n<p>&nbsp;<\/p>\n<h4 style=\"text-align: center;\">Por Uni\u00f3n General de Trabajadores del Pa\u00eds Valenciano (UGT-PV)<\/h4>\n<p style=\"text-align: center;\">Lola Ruiz Ladr\u00f3n de Guevara<br \/>\nVicente Mart\u00ednez Trenco<\/p>\n<p>&nbsp;<\/p>\n<h4 style=\"text-align: center;\">Por Confederaci\u00f3n Empresarial de la Comunitat Valenciana (CEV)<\/h4>\n<p style=\"text-align: center;\">Alberto Ara Ortiz<br \/>\nInmaculada Garc\u00eda Pardo<br \/>\nTeresa Luengo Aguilar<br \/>\nArturo J. Cerver\u00f3 Duato<\/p>\n<p>[\/vc_column_text][vc_empty_space height=\u00bb20px\u00bb][\/vc_column][\/vc_row]<\/p>\n<\/div>","protected":false},"excerpt":{"rendered":"<p>[vc_row full_width=\u00bbstretch_row_content_no_spaces\u00bb bg_type=\u00bbimage\u00bb parallax_style=\u00bbvcpb-vz-jquery\u00bb bg_image_new=\u00bbid^353|url^https:\/\/www.dev.fundaciontal.org\/wp-content\/uploads\/2019\/11\/header-comite-seguimiento.jpg|caption^null|alt^null|title^header-comite-seguimiento|description^null\u00bb bg_image_repeat=\u00bbno-repeat\u00bb parallax_sense=\u00bb20&#8243; type=\u00bbvc_default\u00bb css=\u00bb.vc_custom_1574173256357{margin-top: -50px !important;}\u00bb][vc_column][\/vc_column][\/vc_row][vc_row margin_top=\u00bb40&#8243; margin_bottom=\u00bb20&#8243;][vc_column][vc_column_text css=\u00bb.vc_custom_1575618550414{margin-bottom: 10px !important;}\u00bb] Comit\u00e9 Seguimiento ASAC-CV [\/vc_column_text][\/vc_column][\/vc_row][vc_row][vc_column][vc_column_text] Por Comisiones Obreras del Pa\u00eds Valenciano (CCOO-PV) Daniel Pati\u00f1o Mi\u00f1ana Jaume Mayor Salvi &nbsp; Por Uni\u00f3n General de Trabajadores del Pa\u00eds Valenciano (UGT-PV) Lola Ruiz Ladr\u00f3n de Guevara Vicente Mart\u00ednez Trenco &nbsp; Por Confederaci\u00f3n Empresarial&hellip;<\/p>\n","protected":false},"author":2,"featured_media":0,"parent":764,"menu_order":0,"comment_status":"closed","ping_status":"closed","template":"","meta":{"footnotes":""},"class_list":["post-777","page","type-page","status-publish","hentry","description-off"],"yoast_head":"<!-- This site is optimized with the Yoast SEO plugin v26.2 - https:\/\/yoast.com\/wordpress\/plugins\/seo\/ -->\n<title>Comit\u00e9 Seguimiento ASAC-CV - Fundaci\u00f3 TAL<\/title>\n<meta name=\"description\" content=\"Conoce la composici\u00f3n del Comit\u00e9 Seguimiento ASAC-CV de la Fundaci\u00f3n Tribunal de Arbitraje Laboral de la Comunidad Valenciana.\" \/>\n<meta name=\"robots\" content=\"index, follow, max-snippet:-1, max-image-preview:large, max-video-preview:-1\" \/>\n<link rel=\"canonical\" href=\"https:\/\/www.dev.fundaciontal.org\/es\/fundacion-tal\/comite-seguimiento-asac-cv\/\" \/>\n<meta property=\"og:locale\" content=\"es_ES\" \/>\n<meta property=\"og:type\" content=\"article\" \/>\n<meta property=\"og:title\" content=\"Comit\u00e9 Seguimiento ASAC-CV - Fundaci\u00f3 TAL\" \/>\n<meta property=\"og:description\" content=\"Conoce la composici\u00f3n del Comit\u00e9 Seguimiento ASAC-CV de la Fundaci\u00f3n Tribunal de Arbitraje Laboral de la Comunidad Valenciana.\" \/>\n<meta property=\"og:url\" content=\"https:\/\/www.dev.fundaciontal.org\/es\/fundacion-tal\/comite-seguimiento-asac-cv\/\" \/>\n<meta property=\"og:site_name\" content=\"Fundaci\u00f3 TAL\" \/>\n<meta property=\"article:modified_time\" content=\"2023-07-04T12:09:02+00:00\" \/>\n<meta name=\"twitter:card\" content=\"summary_large_image\" \/>\n<meta name=\"twitter:label1\" content=\"Tiempo de lectura\" \/>\n\t<meta name=\"twitter:data1\" content=\"1 minuto\" \/>\n<script type=\"application\/ld+json\" class=\"yoast-schema-graph\">{\"@context\":\"https:\/\/schema.org\",\"@graph\":[{\"@type\":\"WebPage\",\"@id\":\"https:\/\/www.dev.fundaciontal.org\/es\/fundacion-tal\/comite-seguimiento-asac-cv\/\",\"url\":\"https:\/\/www.dev.fundaciontal.org\/es\/fundacion-tal\/comite-seguimiento-asac-cv\/\",\"name\":\"Comit\u00e9 Seguimiento ASAC-CV - Fundaci\u00f3 TAL\",\"isPartOf\":{\"@id\":\"https:\/\/www.dev.fundaciontal.org\/#website\"},\"datePublished\":\"2019-12-06T07:48:53+00:00\",\"dateModified\":\"2023-07-04T12:09:02+00:00\",\"description\":\"Conoce la composici\u00f3n del Comit\u00e9 Seguimiento ASAC-CV de la Fundaci\u00f3n Tribunal de Arbitraje Laboral de la Comunidad Valenciana.\",\"breadcrumb\":{\"@id\":\"https:\/\/www.dev.fundaciontal.org\/es\/fundacion-tal\/comite-seguimiento-asac-cv\/#breadcrumb\"},\"inLanguage\":\"es\",\"potentialAction\":[{\"@type\":\"ReadAction\",\"target\":[\"https:\/\/www.dev.fundaciontal.org\/es\/fundacion-tal\/comite-seguimiento-asac-cv\/\"]}]},{\"@type\":\"BreadcrumbList\",\"@id\":\"https:\/\/www.dev.fundaciontal.org\/es\/fundacion-tal\/comite-seguimiento-asac-cv\/#breadcrumb\",\"itemListElement\":[{\"@type\":\"ListItem\",\"position\":1,\"name\":\"Portada\",\"item\":\"https:\/\/www.dev.fundaciontal.org\/es\/\"},{\"@type\":\"ListItem\",\"position\":2,\"name\":\"Fundaci\u00f3n TAL\",\"item\":\"https:\/\/www.dev.fundaciontal.org\/es\/\"},{\"@type\":\"ListItem\",\"position\":3,\"name\":\"Comit\u00e9 Seguimiento ASAC-CV\"}]},{\"@type\":\"WebSite\",\"@id\":\"https:\/\/www.dev.fundaciontal.org\/#website\",\"url\":\"https:\/\/www.dev.fundaciontal.org\/\",\"name\":\"Fundaci\u00f3 TAL\",\"description\":\"Fundaci\u00f3 Tribunal d&#039;Arbitratge Laboral de la Comunitat Valenciana\",\"publisher\":{\"@id\":\"https:\/\/www.dev.fundaciontal.org\/#organization\"},\"potentialAction\":[{\"@type\":\"SearchAction\",\"target\":{\"@type\":\"EntryPoint\",\"urlTemplate\":\"https:\/\/www.dev.fundaciontal.org\/?s={search_term_string}\"},\"query-input\":{\"@type\":\"PropertyValueSpecification\",\"valueRequired\":true,\"valueName\":\"search_term_string\"}}],\"inLanguage\":\"es\"},{\"@type\":\"Organization\",\"@id\":\"https:\/\/www.dev.fundaciontal.org\/#organization\",\"name\":\"Fundaci\u00f3 Tribunal d'Arbitratge Laboral de la Comunitat Valenciana\",\"url\":\"https:\/\/www.dev.fundaciontal.org\/\",\"logo\":{\"@type\":\"ImageObject\",\"inLanguage\":\"es\",\"@id\":\"https:\/\/www.dev.fundaciontal.org\/#\/schema\/logo\/image\/\",\"url\":\"https:\/\/www.dev.fundaciontal.org\/wp-content\/uploads\/2019\/11\/logo-tal-header-std.png\",\"contentUrl\":\"https:\/\/www.dev.fundaciontal.org\/wp-content\/uploads\/2019\/11\/logo-tal-header-std.png\",\"width\":299,\"height\":70,\"caption\":\"Fundaci\u00f3 Tribunal d'Arbitratge Laboral de la Comunitat Valenciana\"},\"image\":{\"@id\":\"https:\/\/www.dev.fundaciontal.org\/#\/schema\/logo\/image\/\"}}]}<\/script>\n<!-- \/ Yoast SEO plugin. -->","yoast_head_json":{"title":"Comit\u00e9 Seguimiento ASAC-CV - Fundaci\u00f3 TAL","description":"Conoce la composici\u00f3n del Comit\u00e9 Seguimiento ASAC-CV de la Fundaci\u00f3n Tribunal de Arbitraje Laboral de la Comunidad Valenciana.","robots":{"index":"index","follow":"follow","max-snippet":"max-snippet:-1","max-image-preview":"max-image-preview:large","max-video-preview":"max-video-preview:-1"},"canonical":"https:\/\/www.dev.fundaciontal.org\/es\/fundacion-tal\/comite-seguimiento-asac-cv\/","og_locale":"es_ES","og_type":"article","og_title":"Comit\u00e9 Seguimiento ASAC-CV - Fundaci\u00f3 TAL","og_description":"Conoce la composici\u00f3n del Comit\u00e9 Seguimiento ASAC-CV de la Fundaci\u00f3n Tribunal de Arbitraje Laboral de la Comunidad Valenciana.","og_url":"https:\/\/www.dev.fundaciontal.org\/es\/fundacion-tal\/comite-seguimiento-asac-cv\/","og_site_name":"Fundaci\u00f3 TAL","article_modified_time":"2023-07-04T12:09:02+00:00","twitter_card":"summary_large_image","twitter_misc":{"Tiempo de lectura":"1 minuto"},"schema":{"@context":"https:\/\/schema.org","@graph":[{"@type":"WebPage","@id":"https:\/\/www.dev.fundaciontal.org\/es\/fundacion-tal\/comite-seguimiento-asac-cv\/","url":"https:\/\/www.dev.fundaciontal.org\/es\/fundacion-tal\/comite-seguimiento-asac-cv\/","name":"Comit\u00e9 Seguimiento ASAC-CV - Fundaci\u00f3 TAL","isPartOf":{"@id":"https:\/\/www.dev.fundaciontal.org\/#website"},"datePublished":"2019-12-06T07:48:53+00:00","dateModified":"2023-07-04T12:09:02+00:00","description":"Conoce la composici\u00f3n del Comit\u00e9 Seguimiento ASAC-CV de la Fundaci\u00f3n Tribunal de Arbitraje Laboral de la Comunidad Valenciana.","breadcrumb":{"@id":"https:\/\/www.dev.fundaciontal.org\/es\/fundacion-tal\/comite-seguimiento-asac-cv\/#breadcrumb"},"inLanguage":"es","potentialAction":[{"@type":"ReadAction","target":["https:\/\/www.dev.fundaciontal.org\/es\/fundacion-tal\/comite-seguimiento-asac-cv\/"]}]},{"@type":"BreadcrumbList","@id":"https:\/\/www.dev.fundaciontal.org\/es\/fundacion-tal\/comite-seguimiento-asac-cv\/#breadcrumb","itemListElement":[{"@type":"ListItem","position":1,"name":"Portada","item":"https:\/\/www.dev.fundaciontal.org\/es\/"},{"@type":"ListItem","position":2,"name":"Fundaci\u00f3n TAL","item":"https:\/\/www.dev.fundaciontal.org\/es\/"},{"@type":"ListItem","position":3,"name":"Comit\u00e9 Seguimiento ASAC-CV"}]},{"@type":"WebSite","@id":"https:\/\/www.dev.fundaciontal.org\/#website","url":"https:\/\/www.dev.fundaciontal.org\/","name":"Fundaci\u00f3 TAL","description":"Fundaci\u00f3 Tribunal d&#039;Arbitratge Laboral de la Comunitat Valenciana","publisher":{"@id":"https:\/\/www.dev.fundaciontal.org\/#organization"},"potentialAction":[{"@type":"SearchAction","target":{"@type":"EntryPoint","urlTemplate":"https:\/\/www.dev.fundaciontal.org\/?s={search_term_string}"},"query-input":{"@type":"PropertyValueSpecification","valueRequired":true,"valueName":"search_term_string"}}],"inLanguage":"es"},{"@type":"Organization","@id":"https:\/\/www.dev.fundaciontal.org\/#organization","name":"Fundaci\u00f3 Tribunal d'Arbitratge Laboral de la Comunitat Valenciana","url":"https:\/\/www.dev.fundaciontal.org\/","logo":{"@type":"ImageObject","inLanguage":"es","@id":"https:\/\/www.dev.fundaciontal.org\/#\/schema\/logo\/image\/","url":"https:\/\/www.dev.fundaciontal.org\/wp-content\/uploads\/2019\/11\/logo-tal-header-std.png","contentUrl":"https:\/\/www.dev.fundaciontal.org\/wp-content\/uploads\/2019\/11\/logo-tal-header-std.png","width":299,"height":70,"caption":"Fundaci\u00f3 Tribunal d'Arbitratge Laboral de la Comunitat Valenciana"},"image":{"@id":"https:\/\/www.dev.fundaciontal.org\/#\/schema\/logo\/image\/"}}]}},"_links":{"self":[{"href":"https:\/\/www.dev.fundaciontal.org\/es\/wp-json\/wp\/v2\/pages\/777","targetHints":{"allow":["GET"]}}],"collection":[{"href":"https:\/\/www.dev.fundaciontal.org\/es\/wp-json\/wp\/v2\/pages"}],"about":[{"href":"https:\/\/www.dev.fundaciontal.org\/es\/wp-json\/wp\/v2\/types\/page"}],"author":[{"embeddable":true,"href":"https:\/\/www.dev.fundaciontal.org\/es\/wp-json\/wp\/v2\/users\/2"}],"replies":[{"embeddable":true,"href":"https:\/\/www.dev.fundaciontal.org\/es\/wp-json\/wp\/v2\/comments?post=777"}],"version-history":[{"count":2,"href":"https:\/\/www.dev.fundaciontal.org\/es\/wp-json\/wp\/v2\/pages\/777\/revisions"}],"predecessor-version":[{"id":1911,"href":"https:\/\/www.dev.fundaciontal.org\/es\/wp-json\/wp\/v2\/pages\/777\/revisions\/1911"}],"up":[{"embeddable":true,"href":"https:\/\/www.dev.fundaciontal.org\/es\/wp-json\/wp\/v2\/pages\/764"}],"wp:attachment":[{"href":"https:\/\/www.dev.fundaciontal.org\/es\/wp-json\/wp\/v2\/media?parent=777"}],"curies":[{"name":"wp","href":"https:\/\/api.w.org\/{rel}","templated":true}]}}