{"id":778,"date":"2019-01-06T08:34:35","date_gmt":"2019-01-06T07:34:35","guid":{"rendered":"https:\/\/sfundaciontal.local\/?page_id=778"},"modified":"2023-07-04T14:24:31","modified_gmt":"2023-07-04T12:24:31","slug":"mediacion","status":"publish","type":"page","link":"https:\/\/www.dev.fundaciontal.org\/es\/fundacion-tal\/mediacion\/","title":{"rendered":"Mediaci\u00f3n"},"content":{"rendered":"<div class=\"wpb-content-wrapper\"><p>[vc_row full_width=\u00bbstretch_row_content_no_spaces\u00bb bg_type=\u00bbimage\u00bb parallax_style=\u00bbvcpb-vz-jquery\u00bb bg_image_new=\u00bbid^347|url^https:\/\/www.dev.fundaciontal.org\/wp-content\/uploads\/2019\/11\/header-mediacion.jpg|caption^null|alt^null|title^header-mediacion|description^null\u00bb bg_image_repeat=\u00bbno-repeat\u00bb parallax_sense=\u00bb20&#8243; type=\u00bbvc_default\u00bb css=\u00bb.vc_custom_1574173209313{margin-top: -50px !important;}\u00bb][vc_column]<div class=\"ult-spacer spacer-69e4d1997b802\" data-id=\"69e4d1997b802\" data-height=\"350\" data-height-mobile=\"150\" data-height-tab=\"300\" data-height-tab-portrait=\"300\" data-height-mobile-landscape=\"150\" style=\"clear:both;display:block;\"><\/div>[\/vc_column][\/vc_row][vc_row margin_top=\u00bb40&#8243; margin_bottom=\u00bb20&#8243;][vc_column]<div class=\"ult-spacer spacer-69e4d1997b82f\" data-id=\"69e4d1997b82f\" data-height=\"40\" data-height-mobile=\"40\" data-height-tab=\"40\" data-height-tab-portrait=\"\" data-height-mobile-landscape=\"\" style=\"clear:both;display:block;\"><\/div>[vc_column_text css=\u00bb.vc_custom_1575617725270{margin-bottom: 10px !important;}\u00bb]<\/p>\n<h1 style=\"text-align: center;\">Mediaci\u00f3n<\/h1>\n<p>[\/vc_column_text]<div class=\"hr-thin style-line accent-border-color\" style=\"width: 50px;border-top-width: 2px;\"><\/div><div class=\"ult-spacer spacer-69e4d1997b87e\" data-id=\"69e4d1997b87e\" data-height=\"30\" data-height-mobile=\"30\" data-height-tab=\"30\" data-height-tab-portrait=\"\" data-height-mobile-landscape=\"\" style=\"clear:both;display:block;\"><\/div>[\/vc_column][\/vc_row][vc_row][vc_column][vc_column_text]<\/p>\n<h4>\u00bfEn qu\u00e9 consiste?<\/h4>\n<p>Es un procedimiento de soluci\u00f3n no judicial de conflictos cuyo objetivo persigue que las partes enfrentadas alcancen un acuerdo satisfactorio para ambas a trav\u00e9s del di\u00e1logo, la negociaci\u00f3n y la labor de quienes ejercen la labor mediadora en la Fundaci\u00f3n TAL.[\/vc_column_text][vc_empty_space height=\u00bb20px\u00bb][vc_column_text]<\/p>\n<h4>Las personas mediadoras<\/h4>\n<p>La Comisi\u00f3n de Mediaci\u00f3n es paritaria (personas mediadoras designadas por las organizaciones sindicales y empresariales m\u00e1s representativas). Est\u00e1 compuesta por un m\u00e1ximo de 4 y un m\u00ednimo de 1 integrantes y su funci\u00f3n es aproximar posturas entre las partes para propiciar el acuerdo.<\/p>\n<p>Quienes ejercen las tareas mediadoras pueden proporcionar soluciones al conflicto pero en ning\u00fan caso tienen poder decisorio. Son las propias partes en conflicto las que deciden si est\u00e1n en condiciones de poner fin a la controversia.[\/vc_column_text][vc_empty_space height=\u00bb20px\u00bb][vc_column_text]<\/p>\n<h4>El procedimiento<\/h4>\n<p>La mediaci\u00f3n es sencilla y flexible, garantiza la audiencia de las partes en condiciones de igualdad. Se caracteriza por su inmediatez, puesto que en caso de convocatoria de huelga se cita a las partes en 3 d\u00edas y, en cuanto al resto de conflictos colectivos, se establece un plazo general de tramitaci\u00f3n de 30 d\u00edas, salvo que las partes acuerden prorrogarlo y no existan plazos preclusivos.[\/vc_column_text][vc_empty_space height=\u00bb20px\u00bb][\/vc_column][\/vc_row]<\/p>\n<\/div>","protected":false},"excerpt":{"rendered":"<p>[vc_row full_width=\u00bbstretch_row_content_no_spaces\u00bb bg_type=\u00bbimage\u00bb parallax_style=\u00bbvcpb-vz-jquery\u00bb bg_image_new=\u00bbid^347|url^https:\/\/www.dev.fundaciontal.org\/wp-content\/uploads\/2019\/11\/header-mediacion.jpg|caption^null|alt^null|title^header-mediacion|description^null\u00bb bg_image_repeat=\u00bbno-repeat\u00bb parallax_sense=\u00bb20&#8243; type=\u00bbvc_default\u00bb css=\u00bb.vc_custom_1574173209313{margin-top: -50px !important;}\u00bb][vc_column][\/vc_column][\/vc_row][vc_row margin_top=\u00bb40&#8243; margin_bottom=\u00bb20&#8243;][vc_column][vc_column_text css=\u00bb.vc_custom_1575617725270{margin-bottom: 10px !important;}\u00bb] Mediaci\u00f3n [\/vc_column_text][\/vc_column][\/vc_row][vc_row][vc_column][vc_column_text] \u00bfEn qu\u00e9 consiste? Es un procedimiento de soluci\u00f3n no judicial de conflictos cuyo objetivo persigue que las partes enfrentadas alcancen un acuerdo satisfactorio para ambas a trav\u00e9s del di\u00e1logo, la negociaci\u00f3n y la labor de quienes ejercen&hellip;<\/p>\n","protected":false},"author":2,"featured_media":0,"parent":764,"menu_order":0,"comment_status":"closed","ping_status":"closed","template":"","meta":{"footnotes":""},"class_list":["post-778","page","type-page","status-publish","hentry","description-off"],"yoast_head":"<!-- This site is optimized with the Yoast SEO plugin v26.2 - https:\/\/yoast.com\/wordpress\/plugins\/seo\/ -->\n<title>Mediaci\u00f3n - Fundaci\u00f3 TAL<\/title>\n<meta name=\"description\" content=\"Es un procedimiento de soluci\u00f3n no judicial de conflictos cuyo objetivo persigue que las partes enfrentadas alcancen un acuerdo satisfactorio.\" \/>\n<meta name=\"robots\" content=\"index, follow, max-snippet:-1, max-image-preview:large, max-video-preview:-1\" \/>\n<link rel=\"canonical\" href=\"https:\/\/www.dev.fundaciontal.org\/es\/fundacion-tal\/mediacion\/\" \/>\n<meta property=\"og:locale\" content=\"es_ES\" \/>\n<meta property=\"og:type\" content=\"article\" \/>\n<meta property=\"og:title\" content=\"Mediaci\u00f3n - Fundaci\u00f3 TAL\" \/>\n<meta property=\"og:description\" content=\"Es un procedimiento de soluci\u00f3n no judicial de conflictos cuyo objetivo persigue que las partes enfrentadas alcancen un acuerdo satisfactorio.\" \/>\n<meta property=\"og:url\" content=\"https:\/\/www.dev.fundaciontal.org\/es\/fundacion-tal\/mediacion\/\" \/>\n<meta property=\"og:site_name\" content=\"Fundaci\u00f3 TAL\" \/>\n<meta property=\"article:modified_time\" content=\"2023-07-04T12:24:31+00:00\" \/>\n<meta name=\"twitter:card\" content=\"summary_large_image\" \/>\n<meta name=\"twitter:label1\" content=\"Tiempo de lectura\" \/>\n\t<meta name=\"twitter:data1\" content=\"2 minutos\" \/>\n<script type=\"application\/ld+json\" class=\"yoast-schema-graph\">{\"@context\":\"https:\/\/schema.org\",\"@graph\":[{\"@type\":\"WebPage\",\"@id\":\"https:\/\/www.dev.fundaciontal.org\/es\/fundacion-tal\/mediacion\/\",\"url\":\"https:\/\/www.dev.fundaciontal.org\/es\/fundacion-tal\/mediacion\/\",\"name\":\"Mediaci\u00f3n - Fundaci\u00f3 TAL\",\"isPartOf\":{\"@id\":\"https:\/\/www.dev.fundaciontal.org\/#website\"},\"datePublished\":\"2019-01-06T07:34:35+00:00\",\"dateModified\":\"2023-07-04T12:24:31+00:00\",\"description\":\"Es un procedimiento de soluci\u00f3n no judicial de conflictos cuyo objetivo persigue que las partes enfrentadas alcancen un acuerdo satisfactorio.\",\"breadcrumb\":{\"@id\":\"https:\/\/www.dev.fundaciontal.org\/es\/fundacion-tal\/mediacion\/#breadcrumb\"},\"inLanguage\":\"es\",\"potentialAction\":[{\"@type\":\"ReadAction\",\"target\":[\"https:\/\/www.dev.fundaciontal.org\/es\/fundacion-tal\/mediacion\/\"]}]},{\"@type\":\"BreadcrumbList\",\"@id\":\"https:\/\/www.dev.fundaciontal.org\/es\/fundacion-tal\/mediacion\/#breadcrumb\",\"itemListElement\":[{\"@type\":\"ListItem\",\"position\":1,\"name\":\"Portada\",\"item\":\"https:\/\/www.dev.fundaciontal.org\/es\/\"},{\"@type\":\"ListItem\",\"position\":2,\"name\":\"Fundaci\u00f3n TAL\",\"item\":\"https:\/\/www.dev.fundaciontal.org\/es\/\"},{\"@type\":\"ListItem\",\"position\":3,\"name\":\"Mediaci\u00f3n\"}]},{\"@type\":\"WebSite\",\"@id\":\"https:\/\/www.dev.fundaciontal.org\/#website\",\"url\":\"https:\/\/www.dev.fundaciontal.org\/\",\"name\":\"Fundaci\u00f3 TAL\",\"description\":\"Fundaci\u00f3 Tribunal d&#039;Arbitratge Laboral de la Comunitat Valenciana\",\"publisher\":{\"@id\":\"https:\/\/www.dev.fundaciontal.org\/#organization\"},\"potentialAction\":[{\"@type\":\"SearchAction\",\"target\":{\"@type\":\"EntryPoint\",\"urlTemplate\":\"https:\/\/www.dev.fundaciontal.org\/?s={search_term_string}\"},\"query-input\":{\"@type\":\"PropertyValueSpecification\",\"valueRequired\":true,\"valueName\":\"search_term_string\"}}],\"inLanguage\":\"es\"},{\"@type\":\"Organization\",\"@id\":\"https:\/\/www.dev.fundaciontal.org\/#organization\",\"name\":\"Fundaci\u00f3 Tribunal d'Arbitratge Laboral de la Comunitat Valenciana\",\"url\":\"https:\/\/www.dev.fundaciontal.org\/\",\"logo\":{\"@type\":\"ImageObject\",\"inLanguage\":\"es\",\"@id\":\"https:\/\/www.dev.fundaciontal.org\/#\/schema\/logo\/image\/\",\"url\":\"https:\/\/www.dev.fundaciontal.org\/wp-content\/uploads\/2019\/11\/logo-tal-header-std.png\",\"contentUrl\":\"https:\/\/www.dev.fundaciontal.org\/wp-content\/uploads\/2019\/11\/logo-tal-header-std.png\",\"width\":299,\"height\":70,\"caption\":\"Fundaci\u00f3 Tribunal d'Arbitratge Laboral de la Comunitat Valenciana\"},\"image\":{\"@id\":\"https:\/\/www.dev.fundaciontal.org\/#\/schema\/logo\/image\/\"}}]}<\/script>\n<!-- \/ Yoast SEO plugin. -->","yoast_head_json":{"title":"Mediaci\u00f3n - Fundaci\u00f3 TAL","description":"Es un procedimiento de soluci\u00f3n no judicial de conflictos cuyo objetivo persigue que las partes enfrentadas alcancen un acuerdo satisfactorio.","robots":{"index":"index","follow":"follow","max-snippet":"max-snippet:-1","max-image-preview":"max-image-preview:large","max-video-preview":"max-video-preview:-1"},"canonical":"https:\/\/www.dev.fundaciontal.org\/es\/fundacion-tal\/mediacion\/","og_locale":"es_ES","og_type":"article","og_title":"Mediaci\u00f3n - Fundaci\u00f3 TAL","og_description":"Es un procedimiento de soluci\u00f3n no judicial de conflictos cuyo objetivo persigue que las partes enfrentadas alcancen un acuerdo satisfactorio.","og_url":"https:\/\/www.dev.fundaciontal.org\/es\/fundacion-tal\/mediacion\/","og_site_name":"Fundaci\u00f3 TAL","article_modified_time":"2023-07-04T12:24:31+00:00","twitter_card":"summary_large_image","twitter_misc":{"Tiempo de lectura":"2 minutos"},"schema":{"@context":"https:\/\/schema.org","@graph":[{"@type":"WebPage","@id":"https:\/\/www.dev.fundaciontal.org\/es\/fundacion-tal\/mediacion\/","url":"https:\/\/www.dev.fundaciontal.org\/es\/fundacion-tal\/mediacion\/","name":"Mediaci\u00f3n - Fundaci\u00f3 TAL","isPartOf":{"@id":"https:\/\/www.dev.fundaciontal.org\/#website"},"datePublished":"2019-01-06T07:34:35+00:00","dateModified":"2023-07-04T12:24:31+00:00","description":"Es un procedimiento de soluci\u00f3n no judicial de conflictos cuyo objetivo persigue que las partes enfrentadas alcancen un acuerdo satisfactorio.","breadcrumb":{"@id":"https:\/\/www.dev.fundaciontal.org\/es\/fundacion-tal\/mediacion\/#breadcrumb"},"inLanguage":"es","potentialAction":[{"@type":"ReadAction","target":["https:\/\/www.dev.fundaciontal.org\/es\/fundacion-tal\/mediacion\/"]}]},{"@type":"BreadcrumbList","@id":"https:\/\/www.dev.fundaciontal.org\/es\/fundacion-tal\/mediacion\/#breadcrumb","itemListElement":[{"@type":"ListItem","position":1,"name":"Portada","item":"https:\/\/www.dev.fundaciontal.org\/es\/"},{"@type":"ListItem","position":2,"name":"Fundaci\u00f3n TAL","item":"https:\/\/www.dev.fundaciontal.org\/es\/"},{"@type":"ListItem","position":3,"name":"Mediaci\u00f3n"}]},{"@type":"WebSite","@id":"https:\/\/www.dev.fundaciontal.org\/#website","url":"https:\/\/www.dev.fundaciontal.org\/","name":"Fundaci\u00f3 TAL","description":"Fundaci\u00f3 Tribunal d&#039;Arbitratge Laboral de la Comunitat Valenciana","publisher":{"@id":"https:\/\/www.dev.fundaciontal.org\/#organization"},"potentialAction":[{"@type":"SearchAction","target":{"@type":"EntryPoint","urlTemplate":"https:\/\/www.dev.fundaciontal.org\/?s={search_term_string}"},"query-input":{"@type":"PropertyValueSpecification","valueRequired":true,"valueName":"search_term_string"}}],"inLanguage":"es"},{"@type":"Organization","@id":"https:\/\/www.dev.fundaciontal.org\/#organization","name":"Fundaci\u00f3 Tribunal d'Arbitratge Laboral de la Comunitat Valenciana","url":"https:\/\/www.dev.fundaciontal.org\/","logo":{"@type":"ImageObject","inLanguage":"es","@id":"https:\/\/www.dev.fundaciontal.org\/#\/schema\/logo\/image\/","url":"https:\/\/www.dev.fundaciontal.org\/wp-content\/uploads\/2019\/11\/logo-tal-header-std.png","contentUrl":"https:\/\/www.dev.fundaciontal.org\/wp-content\/uploads\/2019\/11\/logo-tal-header-std.png","width":299,"height":70,"caption":"Fundaci\u00f3 Tribunal d'Arbitratge Laboral de la Comunitat Valenciana"},"image":{"@id":"https:\/\/www.dev.fundaciontal.org\/#\/schema\/logo\/image\/"}}]}},"_links":{"self":[{"href":"https:\/\/www.dev.fundaciontal.org\/es\/wp-json\/wp\/v2\/pages\/778","targetHints":{"allow":["GET"]}}],"collection":[{"href":"https:\/\/www.dev.fundaciontal.org\/es\/wp-json\/wp\/v2\/pages"}],"about":[{"href":"https:\/\/www.dev.fundaciontal.org\/es\/wp-json\/wp\/v2\/types\/page"}],"author":[{"embeddable":true,"href":"https:\/\/www.dev.fundaciontal.org\/es\/wp-json\/wp\/v2\/users\/2"}],"replies":[{"embeddable":true,"href":"https:\/\/www.dev.fundaciontal.org\/es\/wp-json\/wp\/v2\/comments?post=778"}],"version-history":[{"count":5,"href":"https:\/\/www.dev.fundaciontal.org\/es\/wp-json\/wp\/v2\/pages\/778\/revisions"}],"predecessor-version":[{"id":1917,"href":"https:\/\/www.dev.fundaciontal.org\/es\/wp-json\/wp\/v2\/pages\/778\/revisions\/1917"}],"up":[{"embeddable":true,"href":"https:\/\/www.dev.fundaciontal.org\/es\/wp-json\/wp\/v2\/pages\/764"}],"wp:attachment":[{"href":"https:\/\/www.dev.fundaciontal.org\/es\/wp-json\/wp\/v2\/media?parent=778"}],"curies":[{"name":"wp","href":"https:\/\/api.w.org\/{rel}","templated":true}]}}