{"id":779,"date":"2019-01-06T08:46:25","date_gmt":"2019-01-06T07:46:25","guid":{"rendered":"https:\/\/sfundaciontal.local\/?page_id=779"},"modified":"2026-02-05T09:47:32","modified_gmt":"2026-02-05T08:47:32","slug":"patronato","status":"publish","type":"page","link":"https:\/\/www.dev.fundaciontal.org\/es\/fundacion-tal\/patronato\/","title":{"rendered":"Patronato"},"content":{"rendered":"<div class=\"wpb-content-wrapper\"><p>[vc_row full_width=\u00bbstretch_row_content_no_spaces\u00bb bg_type=\u00bbimage\u00bb parallax_style=\u00bbvcpb-vz-jquery\u00bb bg_image_new=\u00bbid^352|url^https:\/\/www.dev.fundaciontal.org\/wp-content\/uploads\/2019\/11\/header-patronato.jpg|caption^null|alt^null|title^header-patronato|description^null\u00bb bg_image_repeat=\u00bbno-repeat\u00bb parallax_sense=\u00bb20&#8243; type=\u00bbvc_default\u00bb css=\u00bb.vc_custom_1574173229799{margin-top: -50px !important;}\u00bb][vc_column]<div class=\"ult-spacer spacer-69e4d19c2301a\" data-id=\"69e4d19c2301a\" data-height=\"350\" data-height-mobile=\"150\" data-height-tab=\"300\" data-height-tab-portrait=\"300\" data-height-mobile-landscape=\"150\" style=\"clear:both;display:block;\"><\/div>[\/vc_column][\/vc_row][vc_row margin_top=\u00bb40&#8243; margin_bottom=\u00bb20&#8243;][vc_column]<div class=\"ult-spacer spacer-69e4d19c23046\" data-id=\"69e4d19c23046\" data-height=\"40\" data-height-mobile=\"40\" data-height-tab=\"40\" data-height-tab-portrait=\"\" data-height-mobile-landscape=\"\" style=\"clear:both;display:block;\"><\/div>[vc_column_text css=\u00bb.vc_custom_1575618397248{margin-bottom: 10px !important;}\u00bb]<\/p>\n<h1 style=\"text-align: center;\">Patronato<\/h1>\n<p>[\/vc_column_text]<div class=\"hr-thin style-line accent-border-color\" style=\"width: 50px;border-top-width: 2px;\"><\/div><div class=\"ult-spacer spacer-69e4d19c23095\" data-id=\"69e4d19c23095\" data-height=\"30\" data-height-mobile=\"30\" data-height-tab=\"30\" data-height-tab-portrait=\"\" data-height-mobile-landscape=\"\" style=\"clear:both;display:block;\"><\/div>[\/vc_column][\/vc_row][vc_row][vc_column][vc_column_text css=\u00bb\u00bb]<\/p>\n<h4 style=\"text-align: center;\">Presidencia<\/h4>\n<p style=\"text-align: center;\"><em>En representaci\u00f3n de la Generalitat Valenciana:<\/em><\/p>\n<p style=\"text-align: center;\">Sr. Secretario auton\u00f3mico de Empleo y director general de LABORA, Antonio Galva\u00f1 D\u00edez<\/p>\n<p>&nbsp;<\/p>\n<h4 style=\"text-align: center;\">Vocal\u00edas<\/h4>\n<p style=\"text-align: center;\"><em>En representaci\u00f3n de la Generalitat Valenciana:<\/em><\/p>\n<p style=\"text-align: center;\">Sra. Subsecretaria de la Conseller\u00eda de Hacienda, Econom\u00eda y Administraci\u00f3n P\u00fablica, Alida Consuelo M\u00e1s Taberner<\/p>\n<p style=\"text-align: center;\">Sra. Directora general de Trabajo, Cooperativismo y Seguridad Laboral, Mar\u00eda Lurue\u00f1a Ruiz<\/p>\n<p style=\"text-align: center;\">Sra. Directora territorial de Alicante de Labora, Cortes Mar\u00eda Mart\u00ednez de las Heras<\/p>\n<p style=\"text-align: center;\">Sr. Director territorial de Castell\u00f3 de Labora, Luis Chiva Cabedo<\/p>\n<p>&nbsp;<\/p>\n<p style=\"text-align: center;\"><em>En representaci\u00f3n de la Confederaci\u00f3n Empresarial de la Comunitat Valenciana &#8211; CEV:<\/em><\/p>\n<p style=\"text-align: center;\">Sra. Inmaculada Garc\u00eda Pardo<\/p>\n<p>&nbsp;<\/p>\n<p style=\"text-align: center;\"><em>En representaci\u00f3n de la Uni\u00f3n General de Trabajadores del Pa\u00eds Valenciano &#8211; UGT PV:<\/em><\/p>\n<p style=\"text-align: center;\">Sra. Yovana Sancho Jurado<\/p>\n<p>&nbsp;<\/p>\n<p style=\"text-align: center;\"><em>En representaci\u00f3n de la Confederaci\u00f3n Sindical de Comisiones Obreras del Pa\u00eds Valenciano &#8211; CCOO PV:<\/em><\/p>\n<p style=\"text-align: center;\">Sr. Antonio Inarejos Verdejo<\/p>\n<p>&nbsp;<\/p>\n<h4 style=\"text-align: center;\">Secretar\u00eda (no patrono)<\/h4>\n<p style=\"text-align: center;\">Sr. Arturo J. Cerver\u00f3 Duato<\/p>\n<p>[\/vc_column_text][vc_empty_space height=\u00bb20px\u00bb][\/vc_column][\/vc_row]<\/p>\n<\/div>","protected":false},"excerpt":{"rendered":"<p>[vc_row full_width=\u00bbstretch_row_content_no_spaces\u00bb bg_type=\u00bbimage\u00bb parallax_style=\u00bbvcpb-vz-jquery\u00bb bg_image_new=\u00bbid^352|url^https:\/\/www.dev.fundaciontal.org\/wp-content\/uploads\/2019\/11\/header-patronato.jpg|caption^null|alt^null|title^header-patronato|description^null\u00bb bg_image_repeat=\u00bbno-repeat\u00bb parallax_sense=\u00bb20&#8243; type=\u00bbvc_default\u00bb css=\u00bb.vc_custom_1574173229799{margin-top: -50px !important;}\u00bb][vc_column][\/vc_column][\/vc_row][vc_row margin_top=\u00bb40&#8243; margin_bottom=\u00bb20&#8243;][vc_column][vc_column_text css=\u00bb.vc_custom_1575618397248{margin-bottom: 10px !important;}\u00bb] Patronato [\/vc_column_text][\/vc_column][\/vc_row][vc_row][vc_column][vc_column_text css=\u00bb\u00bb] Presidencia En representaci\u00f3n de la Generalitat Valenciana: Sr. Secretario auton\u00f3mico de Empleo y director general de LABORA, Antonio Galva\u00f1 D\u00edez &nbsp; Vocal\u00edas En representaci\u00f3n de la Generalitat Valenciana: Sra. Subsecretaria de la Conseller\u00eda de Hacienda, Econom\u00eda&hellip;<\/p>\n","protected":false},"author":2,"featured_media":0,"parent":764,"menu_order":0,"comment_status":"closed","ping_status":"closed","template":"","meta":{"footnotes":""},"class_list":["post-779","page","type-page","status-publish","hentry","description-off"],"yoast_head":"<!-- This site is optimized with the Yoast SEO plugin v26.2 - https:\/\/yoast.com\/wordpress\/plugins\/seo\/ -->\n<title>Patronato - Fundaci\u00f3 TAL<\/title>\n<meta name=\"description\" content=\"Para m\u00e1s informaci\u00f3n sobre el Patronato de la Fundaci\u00f3n Tribunal de Arbitraje Laboral de la Comunidad Valenciana visita la siguiente p\u00e1gina.\" \/>\n<meta name=\"robots\" content=\"index, follow, max-snippet:-1, max-image-preview:large, max-video-preview:-1\" \/>\n<link rel=\"canonical\" href=\"https:\/\/www.dev.fundaciontal.org\/es\/fundacion-tal\/patronato\/\" \/>\n<meta property=\"og:locale\" content=\"es_ES\" \/>\n<meta property=\"og:type\" content=\"article\" \/>\n<meta property=\"og:title\" content=\"Patronato - Fundaci\u00f3 TAL\" \/>\n<meta property=\"og:description\" content=\"Para m\u00e1s informaci\u00f3n sobre el Patronato de la Fundaci\u00f3n Tribunal de Arbitraje Laboral de la Comunidad Valenciana visita la siguiente p\u00e1gina.\" \/>\n<meta property=\"og:url\" content=\"https:\/\/www.dev.fundaciontal.org\/es\/fundacion-tal\/patronato\/\" \/>\n<meta property=\"og:site_name\" content=\"Fundaci\u00f3 TAL\" \/>\n<meta property=\"article:modified_time\" content=\"2026-02-05T08:47:32+00:00\" \/>\n<meta name=\"twitter:card\" content=\"summary_large_image\" \/>\n<meta name=\"twitter:label1\" content=\"Tiempo de lectura\" \/>\n\t<meta name=\"twitter:data1\" content=\"2 minutos\" \/>\n<script type=\"application\/ld+json\" class=\"yoast-schema-graph\">{\"@context\":\"https:\/\/schema.org\",\"@graph\":[{\"@type\":\"WebPage\",\"@id\":\"https:\/\/www.dev.fundaciontal.org\/es\/fundacion-tal\/patronato\/\",\"url\":\"https:\/\/www.dev.fundaciontal.org\/es\/fundacion-tal\/patronato\/\",\"name\":\"Patronato - Fundaci\u00f3 TAL\",\"isPartOf\":{\"@id\":\"https:\/\/www.dev.fundaciontal.org\/#website\"},\"datePublished\":\"2019-01-06T07:46:25+00:00\",\"dateModified\":\"2026-02-05T08:47:32+00:00\",\"description\":\"Para m\u00e1s informaci\u00f3n sobre el Patronato de la Fundaci\u00f3n Tribunal de Arbitraje Laboral de la Comunidad Valenciana visita la siguiente p\u00e1gina.\",\"breadcrumb\":{\"@id\":\"https:\/\/www.dev.fundaciontal.org\/es\/fundacion-tal\/patronato\/#breadcrumb\"},\"inLanguage\":\"es\",\"potentialAction\":[{\"@type\":\"ReadAction\",\"target\":[\"https:\/\/www.dev.fundaciontal.org\/es\/fundacion-tal\/patronato\/\"]}]},{\"@type\":\"BreadcrumbList\",\"@id\":\"https:\/\/www.dev.fundaciontal.org\/es\/fundacion-tal\/patronato\/#breadcrumb\",\"itemListElement\":[{\"@type\":\"ListItem\",\"position\":1,\"name\":\"Portada\",\"item\":\"https:\/\/www.dev.fundaciontal.org\/es\/\"},{\"@type\":\"ListItem\",\"position\":2,\"name\":\"Fundaci\u00f3n TAL\",\"item\":\"https:\/\/www.dev.fundaciontal.org\/es\/\"},{\"@type\":\"ListItem\",\"position\":3,\"name\":\"Patronato\"}]},{\"@type\":\"WebSite\",\"@id\":\"https:\/\/www.dev.fundaciontal.org\/#website\",\"url\":\"https:\/\/www.dev.fundaciontal.org\/\",\"name\":\"Fundaci\u00f3 TAL\",\"description\":\"Fundaci\u00f3 Tribunal d&#039;Arbitratge Laboral de la Comunitat Valenciana\",\"publisher\":{\"@id\":\"https:\/\/www.dev.fundaciontal.org\/#organization\"},\"potentialAction\":[{\"@type\":\"SearchAction\",\"target\":{\"@type\":\"EntryPoint\",\"urlTemplate\":\"https:\/\/www.dev.fundaciontal.org\/?s={search_term_string}\"},\"query-input\":{\"@type\":\"PropertyValueSpecification\",\"valueRequired\":true,\"valueName\":\"search_term_string\"}}],\"inLanguage\":\"es\"},{\"@type\":\"Organization\",\"@id\":\"https:\/\/www.dev.fundaciontal.org\/#organization\",\"name\":\"Fundaci\u00f3 Tribunal d'Arbitratge Laboral de la Comunitat Valenciana\",\"url\":\"https:\/\/www.dev.fundaciontal.org\/\",\"logo\":{\"@type\":\"ImageObject\",\"inLanguage\":\"es\",\"@id\":\"https:\/\/www.dev.fundaciontal.org\/#\/schema\/logo\/image\/\",\"url\":\"https:\/\/www.dev.fundaciontal.org\/wp-content\/uploads\/2019\/11\/logo-tal-header-std.png\",\"contentUrl\":\"https:\/\/www.dev.fundaciontal.org\/wp-content\/uploads\/2019\/11\/logo-tal-header-std.png\",\"width\":299,\"height\":70,\"caption\":\"Fundaci\u00f3 Tribunal d'Arbitratge Laboral de la Comunitat Valenciana\"},\"image\":{\"@id\":\"https:\/\/www.dev.fundaciontal.org\/#\/schema\/logo\/image\/\"}}]}<\/script>\n<!-- \/ Yoast SEO plugin. -->","yoast_head_json":{"title":"Patronato - Fundaci\u00f3 TAL","description":"Para m\u00e1s informaci\u00f3n sobre el Patronato de la Fundaci\u00f3n Tribunal de Arbitraje Laboral de la Comunidad Valenciana visita la siguiente p\u00e1gina.","robots":{"index":"index","follow":"follow","max-snippet":"max-snippet:-1","max-image-preview":"max-image-preview:large","max-video-preview":"max-video-preview:-1"},"canonical":"https:\/\/www.dev.fundaciontal.org\/es\/fundacion-tal\/patronato\/","og_locale":"es_ES","og_type":"article","og_title":"Patronato - Fundaci\u00f3 TAL","og_description":"Para m\u00e1s informaci\u00f3n sobre el Patronato de la Fundaci\u00f3n Tribunal de Arbitraje Laboral de la Comunidad Valenciana visita la siguiente p\u00e1gina.","og_url":"https:\/\/www.dev.fundaciontal.org\/es\/fundacion-tal\/patronato\/","og_site_name":"Fundaci\u00f3 TAL","article_modified_time":"2026-02-05T08:47:32+00:00","twitter_card":"summary_large_image","twitter_misc":{"Tiempo de lectura":"2 minutos"},"schema":{"@context":"https:\/\/schema.org","@graph":[{"@type":"WebPage","@id":"https:\/\/www.dev.fundaciontal.org\/es\/fundacion-tal\/patronato\/","url":"https:\/\/www.dev.fundaciontal.org\/es\/fundacion-tal\/patronato\/","name":"Patronato - Fundaci\u00f3 TAL","isPartOf":{"@id":"https:\/\/www.dev.fundaciontal.org\/#website"},"datePublished":"2019-01-06T07:46:25+00:00","dateModified":"2026-02-05T08:47:32+00:00","description":"Para m\u00e1s informaci\u00f3n sobre el Patronato de la Fundaci\u00f3n Tribunal de Arbitraje Laboral de la Comunidad Valenciana visita la siguiente p\u00e1gina.","breadcrumb":{"@id":"https:\/\/www.dev.fundaciontal.org\/es\/fundacion-tal\/patronato\/#breadcrumb"},"inLanguage":"es","potentialAction":[{"@type":"ReadAction","target":["https:\/\/www.dev.fundaciontal.org\/es\/fundacion-tal\/patronato\/"]}]},{"@type":"BreadcrumbList","@id":"https:\/\/www.dev.fundaciontal.org\/es\/fundacion-tal\/patronato\/#breadcrumb","itemListElement":[{"@type":"ListItem","position":1,"name":"Portada","item":"https:\/\/www.dev.fundaciontal.org\/es\/"},{"@type":"ListItem","position":2,"name":"Fundaci\u00f3n TAL","item":"https:\/\/www.dev.fundaciontal.org\/es\/"},{"@type":"ListItem","position":3,"name":"Patronato"}]},{"@type":"WebSite","@id":"https:\/\/www.dev.fundaciontal.org\/#website","url":"https:\/\/www.dev.fundaciontal.org\/","name":"Fundaci\u00f3 TAL","description":"Fundaci\u00f3 Tribunal d&#039;Arbitratge Laboral de la Comunitat Valenciana","publisher":{"@id":"https:\/\/www.dev.fundaciontal.org\/#organization"},"potentialAction":[{"@type":"SearchAction","target":{"@type":"EntryPoint","urlTemplate":"https:\/\/www.dev.fundaciontal.org\/?s={search_term_string}"},"query-input":{"@type":"PropertyValueSpecification","valueRequired":true,"valueName":"search_term_string"}}],"inLanguage":"es"},{"@type":"Organization","@id":"https:\/\/www.dev.fundaciontal.org\/#organization","name":"Fundaci\u00f3 Tribunal d'Arbitratge Laboral de la Comunitat Valenciana","url":"https:\/\/www.dev.fundaciontal.org\/","logo":{"@type":"ImageObject","inLanguage":"es","@id":"https:\/\/www.dev.fundaciontal.org\/#\/schema\/logo\/image\/","url":"https:\/\/www.dev.fundaciontal.org\/wp-content\/uploads\/2019\/11\/logo-tal-header-std.png","contentUrl":"https:\/\/www.dev.fundaciontal.org\/wp-content\/uploads\/2019\/11\/logo-tal-header-std.png","width":299,"height":70,"caption":"Fundaci\u00f3 Tribunal d'Arbitratge Laboral de la Comunitat Valenciana"},"image":{"@id":"https:\/\/www.dev.fundaciontal.org\/#\/schema\/logo\/image\/"}}]}},"_links":{"self":[{"href":"https:\/\/www.dev.fundaciontal.org\/es\/wp-json\/wp\/v2\/pages\/779","targetHints":{"allow":["GET"]}}],"collection":[{"href":"https:\/\/www.dev.fundaciontal.org\/es\/wp-json\/wp\/v2\/pages"}],"about":[{"href":"https:\/\/www.dev.fundaciontal.org\/es\/wp-json\/wp\/v2\/types\/page"}],"author":[{"embeddable":true,"href":"https:\/\/www.dev.fundaciontal.org\/es\/wp-json\/wp\/v2\/users\/2"}],"replies":[{"embeddable":true,"href":"https:\/\/www.dev.fundaciontal.org\/es\/wp-json\/wp\/v2\/comments?post=779"}],"version-history":[{"count":13,"href":"https:\/\/www.dev.fundaciontal.org\/es\/wp-json\/wp\/v2\/pages\/779\/revisions"}],"predecessor-version":[{"id":2502,"href":"https:\/\/www.dev.fundaciontal.org\/es\/wp-json\/wp\/v2\/pages\/779\/revisions\/2502"}],"up":[{"embeddable":true,"href":"https:\/\/www.dev.fundaciontal.org\/es\/wp-json\/wp\/v2\/pages\/764"}],"wp:attachment":[{"href":"https:\/\/www.dev.fundaciontal.org\/es\/wp-json\/wp\/v2\/media?parent=779"}],"curies":[{"name":"wp","href":"https:\/\/api.w.org\/{rel}","templated":true}]}}