{"id":781,"date":"2019-01-06T08:51:14","date_gmt":"2019-01-06T07:51:14","guid":{"rendered":"https:\/\/sfundaciontal.local\/?page_id=781"},"modified":"2023-12-05T18:24:19","modified_gmt":"2023-12-05T17:24:19","slug":"normativa","status":"publish","type":"page","link":"https:\/\/www.dev.fundaciontal.org\/es\/normativa\/","title":{"rendered":"Normativa"},"content":{"rendered":"<div class=\"wpb-content-wrapper\"><p>[vc_row full_width=\u00bbstretch_row_content_no_spaces\u00bb bg_type=\u00bbimage\u00bb parallax_style=\u00bbvcpb-vz-jquery\u00bb bg_image_new=\u00bbid^354|url^https:\/\/www.dev.fundaciontal.org\/wp-content\/uploads\/2019\/11\/header-normativa.jpg|caption^null|alt^null|title^header-normativa|description^null\u00bb bg_image_repeat=\u00bbno-repeat\u00bb parallax_sense=\u00bb20&#8243; type=\u00bbvc_default\u00bb css=\u00bb.vc_custom_1574173284142{margin-top: -50px !important;}\u00bb][vc_column]<div class=\"ult-spacer spacer-69e4d1a7c1e88\" data-id=\"69e4d1a7c1e88\" data-height=\"350\" data-height-mobile=\"150\" data-height-tab=\"300\" data-height-tab-portrait=\"300\" data-height-mobile-landscape=\"150\" style=\"clear:both;display:block;\"><\/div>[\/vc_column][\/vc_row][vc_row margin_top=\u00bb40&#8243; margin_bottom=\u00bb20&#8243;][vc_column]<div class=\"ult-spacer spacer-69e4d1a7c1eb8\" data-id=\"69e4d1a7c1eb8\" data-height=\"40\" data-height-mobile=\"40\" data-height-tab=\"40\" data-height-tab-portrait=\"\" data-height-mobile-landscape=\"\" style=\"clear:both;display:block;\"><\/div>[vc_column_text css=\u00bb.vc_custom_1572773112934{margin-bottom: 10px !important;}\u00bb]<\/p>\n<h1 style=\"text-align: center;\">Normativa<\/h1>\n<p>[\/vc_column_text]<div class=\"hr-thin style-line accent-border-color\" style=\"width: 50px;border-top-width: 2px;\"><\/div><div class=\"ult-spacer spacer-69e4d1a7c1f0f\" data-id=\"69e4d1a7c1f0f\" data-height=\"30\" data-height-mobile=\"30\" data-height-tab=\"30\" data-height-tab-portrait=\"\" data-height-mobile-landscape=\"\" style=\"clear:both;display:block;\"><\/div>[\/vc_column][\/vc_row][vc_row][vc_column][vc_column_text]<\/p>\n<h2 style=\"text-align: center;\">Reglamento en vigor<\/h2>\n<p>[\/vc_column_text][vc_row_inner equal_height=\u00bbyes\u00bb gap=\u00bb35&#8243;][vc_column_inner el_class=\u00bbtransp-col-border custom-padding-sides-15&#8243; width=\u00bb1\/2&#8243;][vc_column_text]<\/p>\n<p style=\"text-align: center;\"><strong>VII Acuerdo de Soluci\u00f3n Aut\u00f3noma de Conflictos Laborales de la Comunitat Valenciana<\/strong><br \/>\n(Suscrito el 8 de febrero de 2023. DOGV n\u00fam. 9558\/21.03.2023)<\/p>\n<p>[\/vc_column_text]<style type=\"text\/css\" data-type=\"the7_shortcodes-inline-css\">#default-btn-07b5223f7af8702fb18b4ac057af58d2.ico-right-side > i {\n  margin-right: 0px;\n  margin-left: 8px;\n}\n#default-btn-07b5223f7af8702fb18b4ac057af58d2 > i {\n  margin-right: 8px;\n}<\/style><div class=\"btn-align-center\"><a href=\"https:\/\/www.dev.fundaciontal.org\/wp-content\/uploads\/docs\/fundacion-tal\/normativa\/VII_ASAC-CV_DOGV.pdf\" class=\"default-btn-shortcode dt-btn dt-btn-m link-hover-off ico-right-side \" target=\"_blank\" id=\"default-btn-07b5223f7af8702fb18b4ac057af58d2\" style=\"width:200px;\" rel=\"nofollow\"><span>Descargar PDF<\/span><i class=\"Defaults-download\"><\/i><\/a><\/div>[\/vc_column_inner][vc_column_inner el_class=\u00bbtransp-col-border\u00bb width=\u00bb1\/2&#8243;][vc_column_text]<\/p>\n<p style=\"text-align: center;\"><strong>Publicaci\u00f3n Comit\u00e9 de Seguimiento, Cuerpo Arbitral, Comisi\u00f3n T\u00e9cnica y Secretar\u00eda<\/strong><br \/>\n(DOGV N\u00fam. 9663 \/ 17.08.2023)<\/p>\n<p>[\/vc_column_text]<style type=\"text\/css\" data-type=\"the7_shortcodes-inline-css\">#default-btn-f0c67991361d701e24f3bad09887ad80.ico-right-side > i {\n  margin-right: 0px;\n  margin-left: 8px;\n}\n#default-btn-f0c67991361d701e24f3bad09887ad80 > i {\n  margin-right: 8px;\n}<\/style><div class=\"btn-align-center\"><a href=\"https:\/\/www.dev.fundaciontal.org\/wp-content\/uploads\/docs\/fundacion-tal\/normativa\/20230817-comite-arbitros-ctecnica-secretario_DOGV_n_9663.pdf\" class=\"default-btn-shortcode dt-btn dt-btn-m link-hover-off ico-right-side \" target=\"_blank\" id=\"default-btn-f0c67991361d701e24f3bad09887ad80\" style=\"width:200px;\" rel=\"nofollow\"><span>Descargar PDF<\/span><i class=\"Defaults-download\"><\/i><\/a><\/div>[\/vc_column_inner][\/vc_row_inner]<div class=\"ult-spacer spacer-69e4d1a7c205f\" data-id=\"69e4d1a7c205f\" data-height=\"50\" data-height-mobile=\"50\" data-height-tab=\"50\" data-height-tab-portrait=\"\" data-height-mobile-landscape=\"\" style=\"clear:both;display:block;\"><\/div>[\/vc_column][\/vc_row][vc_row full_width=\u00bbstretch_row\u00bb el_class=\u00bbrow-bk-light-gray\u00bb][vc_column]<div class=\"ult-spacer spacer-69e4d1a7c207d\" data-id=\"69e4d1a7c207d\" data-height=\"50\" data-height-mobile=\"50\" data-height-tab=\"50\" data-height-tab-portrait=\"\" data-height-mobile-landscape=\"\" style=\"clear:both;display:block;\"><\/div>[vc_column_text]<\/p>\n<h2 style=\"text-align: center;\">Acuerdos anteriores derogados<\/h2>\n<p>[\/vc_column_text][vc_row_inner equal_height=\u00bbyes\u00bb gap=\u00bb35&#8243;][vc_column_inner el_class=\u00bbtransp-col-border\u00bb width=\u00bb1\/3&#8243;][vc_column_text]<\/p>\n<p style=\"text-align: center;\"><strong>VI Acuerdo de Soluci\u00f3n Aut\u00f3noma de Conflictos Laborales de la Comunitat Valenciana<\/strong><\/p>\n<p>[\/vc_column_text]<style type=\"text\/css\" data-type=\"the7_shortcodes-inline-css\">#default-btn-7ca6d7c41b5f8b0933b5175caec68ed1.ico-right-side > i {\n  margin-right: 0px;\n  margin-left: 8px;\n}\n#default-btn-7ca6d7c41b5f8b0933b5175caec68ed1 > i {\n  margin-right: 8px;\n}<\/style><div class=\"btn-align-center\"><a href=\"\/wp-content\/uploads\/docs\/fundacion-tal\/normativa\/VI_ASAC-CV.pdf\" class=\"default-btn-shortcode dt-btn dt-btn-m link-hover-off ico-right-side \" target=\"_blank\" id=\"default-btn-7ca6d7c41b5f8b0933b5175caec68ed1\" style=\"width:200px;\" rel=\"nofollow\"><span>Descargar PDF<\/span><i class=\"Defaults-download\"><\/i><\/a><\/div>[\/vc_column_inner][vc_column_inner el_class=\u00bbtransp-col-border\u00bb width=\u00bb1\/3&#8243;][vc_column_text]<\/p>\n<p style=\"text-align: center;\"><strong>V Acuerdo de Soluci\u00f3n Aut\u00f3noma de Conflictos Laborales de la Comunitat Valenciana<\/strong><\/p>\n<p>[\/vc_column_text]<style type=\"text\/css\" data-type=\"the7_shortcodes-inline-css\">#default-btn-24f3e45d60f6e5e42f1b99cc995f67cb.ico-right-side > i {\n  margin-right: 0px;\n  margin-left: 8px;\n}\n#default-btn-24f3e45d60f6e5e42f1b99cc995f67cb > i {\n  margin-right: 8px;\n}<\/style><div class=\"btn-align-center\"><a href=\"\/wp-content\/uploads\/docs\/fundacion-tal\/normativa\/V_ASECLCV.pdf\" class=\"default-btn-shortcode dt-btn dt-btn-m link-hover-off ico-right-side \" target=\"_blank\" id=\"default-btn-24f3e45d60f6e5e42f1b99cc995f67cb\" style=\"width:200px;\" rel=\"nofollow\"><span>Descargar PDF<\/span><i class=\"Defaults-download\"><\/i><\/a><\/div>[\/vc_column_inner][vc_column_inner el_class=\u00bbtransp-col-border\u00bb width=\u00bb1\/3&#8243;][vc_column_text]<\/p>\n<p style=\"text-align: center;\"><strong>IV Acuerdo de Soluci\u00f3n Aut\u00f3noma de Conflictos Laborales de la Comunitat Valenciana<br \/>\n<\/strong><\/p>\n<p>[\/vc_column_text]<style type=\"text\/css\" data-type=\"the7_shortcodes-inline-css\">#default-btn-8e2c7a19f6c82f01c833c74532a06089.ico-right-side > i {\n  margin-right: 0px;\n  margin-left: 8px;\n}\n#default-btn-8e2c7a19f6c82f01c833c74532a06089 > i {\n  margin-right: 8px;\n}<\/style><div class=\"btn-align-center\"><a href=\"\/wp-content\/uploads\/docs\/fundacion-tal\/normativa\/IV_ASECLCV.pdf\" class=\"default-btn-shortcode dt-btn dt-btn-m link-hover-off ico-right-side \" target=\"_blank\" id=\"default-btn-8e2c7a19f6c82f01c833c74532a06089\" style=\"width:200px;\" rel=\"nofollow\"><span>Descargar PDF<\/span><i class=\"Defaults-download\"><\/i><\/a><\/div>[\/vc_column_inner][\/vc_row_inner][vc_row_inner equal_height=\u00bbyes\u00bb gap=\u00bb35&#8243;][vc_column_inner el_class=\u00bbtransp-col-border\u00bb width=\u00bb1\/3&#8243;][vc_column_text]<\/p>\n<p style=\"text-align: center;\"><strong>III Acuerdo de Soluci\u00f3n Aut\u00f3noma de Conflictos Laborales de la Comunitat Valenciana<br \/>\n<\/strong><\/p>\n<p>[\/vc_column_text]<style type=\"text\/css\" data-type=\"the7_shortcodes-inline-css\">#default-btn-bb8e78d468712ebafbcee0e04f43492a.ico-right-side > i {\n  margin-right: 0px;\n  margin-left: 8px;\n}\n#default-btn-bb8e78d468712ebafbcee0e04f43492a > i {\n  margin-right: 8px;\n}<\/style><div class=\"btn-align-center\"><a href=\"\/wp-content\/uploads\/docs\/fundacion-tal\/normativa\/III_ASECLCV.pdf\" class=\"default-btn-shortcode dt-btn dt-btn-m link-hover-off ico-right-side \" target=\"_blank\" id=\"default-btn-bb8e78d468712ebafbcee0e04f43492a\" style=\"width:200px;\" rel=\"nofollow\"><span>Descargar PDF<\/span><i class=\"Defaults-download\"><\/i><\/a><\/div>[\/vc_column_inner][vc_column_inner el_class=\u00bbtransp-col-border\u00bb width=\u00bb1\/3&#8243;][vc_column_text]<\/p>\n<p style=\"text-align: center;\"><strong>II Acuerdo de Soluci\u00f3n Aut\u00f3noma de Conflictos Laborales de la Comunitat Valenciana<br \/>\n<\/strong><\/p>\n<p>[\/vc_column_text]<style type=\"text\/css\" data-type=\"the7_shortcodes-inline-css\">#default-btn-43c6446f8449ff5e1542aabf46e34038.ico-right-side > i {\n  margin-right: 0px;\n  margin-left: 8px;\n}\n#default-btn-43c6446f8449ff5e1542aabf46e34038 > i {\n  margin-right: 8px;\n}<\/style><div class=\"btn-align-center\"><a href=\"\/wp-content\/uploads\/docs\/fundacion-tal\/normativa\/II_ASECLCV.pdf\" class=\"default-btn-shortcode dt-btn dt-btn-m link-hover-off ico-right-side \" target=\"_blank\" id=\"default-btn-43c6446f8449ff5e1542aabf46e34038\" style=\"width:200px;\" rel=\"nofollow\"><span>Descargar PDF<\/span><i class=\"Defaults-download\"><\/i><\/a><\/div>[\/vc_column_inner][vc_column_inner el_class=\u00bbtransp-col-border\u00bb width=\u00bb1\/3&#8243;][vc_column_text]<\/p>\n<p style=\"text-align: center;\"><strong>I Acuerdo de Soluci\u00f3n Aut\u00f3noma de Conflictos Laborales de la Comunitat Valenciana<br \/>\n<\/strong><\/p>\n<p>[\/vc_column_text]<style type=\"text\/css\" data-type=\"the7_shortcodes-inline-css\">#default-btn-c3641cb58db890a9f67ce5f22b8bed46.ico-right-side > i {\n  margin-right: 0px;\n  margin-left: 8px;\n}\n#default-btn-c3641cb58db890a9f67ce5f22b8bed46 > i {\n  margin-right: 8px;\n}<\/style><div class=\"btn-align-center\"><a href=\"\/wp-content\/uploads\/docs\/fundacion-tal\/normativa\/I_ASECLCV.pdf\" class=\"default-btn-shortcode dt-btn dt-btn-m link-hover-off ico-right-side \" target=\"_blank\" id=\"default-btn-c3641cb58db890a9f67ce5f22b8bed46\" style=\"width:200px;\" rel=\"nofollow\"><span>Descargar PDF<\/span><i class=\"Defaults-download\"><\/i><\/a><\/div>[\/vc_column_inner][\/vc_row_inner]<div class=\"ult-spacer spacer-69e4d1a7c22a8\" data-id=\"69e4d1a7c22a8\" data-height=\"40\" data-height-mobile=\"40\" data-height-tab=\"40\" data-height-tab-portrait=\"\" data-height-mobile-landscape=\"\" style=\"clear:both;display:block;\"><\/div>[\/vc_column][\/vc_row][vc_row margin_top=\u00bb40&#8243; margin_bottom=\u00bb20&#8243;][vc_column]<div class=\"ult-spacer spacer-69e4d1a7c22c3\" data-id=\"69e4d1a7c22c3\" data-height=\"40\" data-height-mobile=\"40\" data-height-tab=\"40\" data-height-tab-portrait=\"\" data-height-mobile-landscape=\"\" style=\"clear:both;display:block;\"><\/div>[vc_column_text css=\u00bb.vc_custom_1576260684465{margin-bottom: 10px !important;}\u00bb]<\/p>\n<h2 style=\"text-align: center;\">Convenios colectivos<\/h2>\n<p>[\/vc_column_text]<div class=\"ult-spacer spacer-69e4d1a7c22dc\" data-id=\"69e4d1a7c22dc\" data-height=\"20\" data-height-mobile=\"20\" data-height-tab=\"20\" data-height-tab-portrait=\"\" data-height-mobile-landscape=\"\" style=\"clear:both;display:block;\"><\/div>[\/vc_column][\/vc_row][vc_row css=\u00bb.vc_custom_1576260648906{margin-bottom: 30px !important;}\u00bb][vc_column el_class=\u00bbtransp-col-border\u00bb][vc_column_text]<\/p>\n<h4 style=\"text-align: center;\">REGCON<\/h4>\n<p style=\"text-align: center;\">Para m\u00e1s informaci\u00f3n consulta el <strong>Registro de convenios colectivos<\/strong>:<\/p>\n<p>[\/vc_column_text]<style type=\"text\/css\" data-type=\"the7_shortcodes-inline-css\">#default-btn-1bb17ad7187174afe8a64b921c8e0a42.ico-right-side > i {\n  margin-right: 0px;\n  margin-left: 8px;\n}\n#default-btn-1bb17ad7187174afe8a64b921c8e0a42 > i {\n  margin-right: 8px;\n}<\/style><div class=\"btn-align-center\"><a href=\"https:\/\/expinterweb.mites.gob.es\/regcon\/\" class=\"default-btn-shortcode dt-btn dt-btn-m link-hover-off ico-right-side \" target=\"_blank\" id=\"default-btn-1bb17ad7187174afe8a64b921c8e0a42\" rel=\"nofollow\"><span>Registro de convenios colectivos<\/span><i class=\"Defaults-external-link\"><\/i><\/a><\/div><div class=\"ult-spacer spacer-69e4d1a7c2349\" data-id=\"69e4d1a7c2349\" data-height=\"10\" data-height-mobile=\"10\" data-height-tab=\"10\" data-height-tab-portrait=\"\" data-height-mobile-landscape=\"\" style=\"clear:both;display:block;\"><\/div>[\/vc_column][\/vc_row]<\/p>\n<\/div>","protected":false},"excerpt":{"rendered":"<p>[vc_row full_width=\u00bbstretch_row_content_no_spaces\u00bb bg_type=\u00bbimage\u00bb parallax_style=\u00bbvcpb-vz-jquery\u00bb bg_image_new=\u00bbid^354|url^https:\/\/www.dev.fundaciontal.org\/wp-content\/uploads\/2019\/11\/header-normativa.jpg|caption^null|alt^null|title^header-normativa|description^null\u00bb bg_image_repeat=\u00bbno-repeat\u00bb parallax_sense=\u00bb20&#8243; type=\u00bbvc_default\u00bb css=\u00bb.vc_custom_1574173284142{margin-top: -50px !important;}\u00bb][vc_column][\/vc_column][\/vc_row][vc_row margin_top=\u00bb40&#8243; margin_bottom=\u00bb20&#8243;][vc_column][vc_column_text css=\u00bb.vc_custom_1572773112934{margin-bottom: 10px !important;}\u00bb] Normativa [\/vc_column_text][\/vc_column][\/vc_row][vc_row][vc_column][vc_column_text] Reglamento en vigor [\/vc_column_text][vc_row_inner equal_height=\u00bbyes\u00bb gap=\u00bb35&#8243;][vc_column_inner el_class=\u00bbtransp-col-border custom-padding-sides-15&#8243; width=\u00bb1\/2&#8243;][vc_column_text] VII Acuerdo de Soluci\u00f3n Aut\u00f3noma de Conflictos Laborales de la Comunitat Valenciana (Suscrito el 8 de febrero de 2023. DOGV n\u00fam. 9558\/21.03.2023) [\/vc_column_text][\/vc_column_inner][vc_column_inner el_class=\u00bbtransp-col-border\u00bb width=\u00bb1\/2&#8243;][vc_column_text] Publicaci\u00f3n Comit\u00e9 de&hellip;<\/p>\n","protected":false},"author":2,"featured_media":0,"parent":0,"menu_order":0,"comment_status":"closed","ping_status":"closed","template":"","meta":{"footnotes":""},"class_list":["post-781","page","type-page","status-publish","hentry","description-off"],"yoast_head":"<!-- This site is optimized with the Yoast SEO plugin v26.2 - https:\/\/yoast.com\/wordpress\/plugins\/seo\/ -->\n<title>Normativa - Fundaci\u00f3 TAL<\/title>\n<meta name=\"description\" content=\"Conoce la normativa y el reglamento en vigor (Acuerdo de Soluci\u00f3n Aut\u00f3noma de Conflictos Laborales de la Comunidad Valenciana).\" \/>\n<meta name=\"robots\" content=\"index, follow, max-snippet:-1, max-image-preview:large, max-video-preview:-1\" \/>\n<link rel=\"canonical\" href=\"https:\/\/www.dev.fundaciontal.org\/es\/normativa\/\" \/>\n<meta property=\"og:locale\" content=\"es_ES\" \/>\n<meta property=\"og:type\" content=\"article\" \/>\n<meta property=\"og:title\" content=\"Normativa - Fundaci\u00f3 TAL\" \/>\n<meta property=\"og:description\" content=\"Conoce la normativa y el reglamento en vigor (Acuerdo de Soluci\u00f3n Aut\u00f3noma de Conflictos Laborales de la Comunidad Valenciana).\" \/>\n<meta property=\"og:url\" content=\"https:\/\/www.dev.fundaciontal.org\/es\/normativa\/\" \/>\n<meta property=\"og:site_name\" content=\"Fundaci\u00f3 TAL\" \/>\n<meta property=\"article:modified_time\" content=\"2023-12-05T17:24:19+00:00\" \/>\n<meta name=\"twitter:card\" content=\"summary_large_image\" \/>\n<meta name=\"twitter:label1\" content=\"Tiempo de lectura\" \/>\n\t<meta name=\"twitter:data1\" content=\"2 minutos\" \/>\n<script type=\"application\/ld+json\" class=\"yoast-schema-graph\">{\"@context\":\"https:\/\/schema.org\",\"@graph\":[{\"@type\":\"WebPage\",\"@id\":\"https:\/\/www.dev.fundaciontal.org\/es\/normativa\/\",\"url\":\"https:\/\/www.dev.fundaciontal.org\/es\/normativa\/\",\"name\":\"Normativa - Fundaci\u00f3 TAL\",\"isPartOf\":{\"@id\":\"https:\/\/www.dev.fundaciontal.org\/#website\"},\"datePublished\":\"2019-01-06T07:51:14+00:00\",\"dateModified\":\"2023-12-05T17:24:19+00:00\",\"description\":\"Conoce la normativa y el reglamento en vigor (Acuerdo de Soluci\u00f3n Aut\u00f3noma de Conflictos Laborales de la Comunidad Valenciana).\",\"breadcrumb\":{\"@id\":\"https:\/\/www.dev.fundaciontal.org\/es\/normativa\/#breadcrumb\"},\"inLanguage\":\"es\",\"potentialAction\":[{\"@type\":\"ReadAction\",\"target\":[\"https:\/\/www.dev.fundaciontal.org\/es\/normativa\/\"]}]},{\"@type\":\"BreadcrumbList\",\"@id\":\"https:\/\/www.dev.fundaciontal.org\/es\/normativa\/#breadcrumb\",\"itemListElement\":[{\"@type\":\"ListItem\",\"position\":1,\"name\":\"Portada\",\"item\":\"https:\/\/www.dev.fundaciontal.org\/es\/\"},{\"@type\":\"ListItem\",\"position\":2,\"name\":\"Normativa\"}]},{\"@type\":\"WebSite\",\"@id\":\"https:\/\/www.dev.fundaciontal.org\/#website\",\"url\":\"https:\/\/www.dev.fundaciontal.org\/\",\"name\":\"Fundaci\u00f3 TAL\",\"description\":\"Fundaci\u00f3 Tribunal d&#039;Arbitratge Laboral de la Comunitat Valenciana\",\"publisher\":{\"@id\":\"https:\/\/www.dev.fundaciontal.org\/#organization\"},\"potentialAction\":[{\"@type\":\"SearchAction\",\"target\":{\"@type\":\"EntryPoint\",\"urlTemplate\":\"https:\/\/www.dev.fundaciontal.org\/?s={search_term_string}\"},\"query-input\":{\"@type\":\"PropertyValueSpecification\",\"valueRequired\":true,\"valueName\":\"search_term_string\"}}],\"inLanguage\":\"es\"},{\"@type\":\"Organization\",\"@id\":\"https:\/\/www.dev.fundaciontal.org\/#organization\",\"name\":\"Fundaci\u00f3 Tribunal d'Arbitratge Laboral de la Comunitat Valenciana\",\"url\":\"https:\/\/www.dev.fundaciontal.org\/\",\"logo\":{\"@type\":\"ImageObject\",\"inLanguage\":\"es\",\"@id\":\"https:\/\/www.dev.fundaciontal.org\/#\/schema\/logo\/image\/\",\"url\":\"https:\/\/www.dev.fundaciontal.org\/wp-content\/uploads\/2019\/11\/logo-tal-header-std.png\",\"contentUrl\":\"https:\/\/www.dev.fundaciontal.org\/wp-content\/uploads\/2019\/11\/logo-tal-header-std.png\",\"width\":299,\"height\":70,\"caption\":\"Fundaci\u00f3 Tribunal d'Arbitratge Laboral de la Comunitat Valenciana\"},\"image\":{\"@id\":\"https:\/\/www.dev.fundaciontal.org\/#\/schema\/logo\/image\/\"}}]}<\/script>\n<!-- \/ Yoast SEO plugin. -->","yoast_head_json":{"title":"Normativa - Fundaci\u00f3 TAL","description":"Conoce la normativa y el reglamento en vigor (Acuerdo de Soluci\u00f3n Aut\u00f3noma de Conflictos Laborales de la Comunidad Valenciana).","robots":{"index":"index","follow":"follow","max-snippet":"max-snippet:-1","max-image-preview":"max-image-preview:large","max-video-preview":"max-video-preview:-1"},"canonical":"https:\/\/www.dev.fundaciontal.org\/es\/normativa\/","og_locale":"es_ES","og_type":"article","og_title":"Normativa - Fundaci\u00f3 TAL","og_description":"Conoce la normativa y el reglamento en vigor (Acuerdo de Soluci\u00f3n Aut\u00f3noma de Conflictos Laborales de la Comunidad Valenciana).","og_url":"https:\/\/www.dev.fundaciontal.org\/es\/normativa\/","og_site_name":"Fundaci\u00f3 TAL","article_modified_time":"2023-12-05T17:24:19+00:00","twitter_card":"summary_large_image","twitter_misc":{"Tiempo de lectura":"2 minutos"},"schema":{"@context":"https:\/\/schema.org","@graph":[{"@type":"WebPage","@id":"https:\/\/www.dev.fundaciontal.org\/es\/normativa\/","url":"https:\/\/www.dev.fundaciontal.org\/es\/normativa\/","name":"Normativa - Fundaci\u00f3 TAL","isPartOf":{"@id":"https:\/\/www.dev.fundaciontal.org\/#website"},"datePublished":"2019-01-06T07:51:14+00:00","dateModified":"2023-12-05T17:24:19+00:00","description":"Conoce la normativa y el reglamento en vigor (Acuerdo de Soluci\u00f3n Aut\u00f3noma de Conflictos Laborales de la Comunidad Valenciana).","breadcrumb":{"@id":"https:\/\/www.dev.fundaciontal.org\/es\/normativa\/#breadcrumb"},"inLanguage":"es","potentialAction":[{"@type":"ReadAction","target":["https:\/\/www.dev.fundaciontal.org\/es\/normativa\/"]}]},{"@type":"BreadcrumbList","@id":"https:\/\/www.dev.fundaciontal.org\/es\/normativa\/#breadcrumb","itemListElement":[{"@type":"ListItem","position":1,"name":"Portada","item":"https:\/\/www.dev.fundaciontal.org\/es\/"},{"@type":"ListItem","position":2,"name":"Normativa"}]},{"@type":"WebSite","@id":"https:\/\/www.dev.fundaciontal.org\/#website","url":"https:\/\/www.dev.fundaciontal.org\/","name":"Fundaci\u00f3 TAL","description":"Fundaci\u00f3 Tribunal d&#039;Arbitratge Laboral de la Comunitat Valenciana","publisher":{"@id":"https:\/\/www.dev.fundaciontal.org\/#organization"},"potentialAction":[{"@type":"SearchAction","target":{"@type":"EntryPoint","urlTemplate":"https:\/\/www.dev.fundaciontal.org\/?s={search_term_string}"},"query-input":{"@type":"PropertyValueSpecification","valueRequired":true,"valueName":"search_term_string"}}],"inLanguage":"es"},{"@type":"Organization","@id":"https:\/\/www.dev.fundaciontal.org\/#organization","name":"Fundaci\u00f3 Tribunal d'Arbitratge Laboral de la Comunitat Valenciana","url":"https:\/\/www.dev.fundaciontal.org\/","logo":{"@type":"ImageObject","inLanguage":"es","@id":"https:\/\/www.dev.fundaciontal.org\/#\/schema\/logo\/image\/","url":"https:\/\/www.dev.fundaciontal.org\/wp-content\/uploads\/2019\/11\/logo-tal-header-std.png","contentUrl":"https:\/\/www.dev.fundaciontal.org\/wp-content\/uploads\/2019\/11\/logo-tal-header-std.png","width":299,"height":70,"caption":"Fundaci\u00f3 Tribunal d'Arbitratge Laboral de la Comunitat Valenciana"},"image":{"@id":"https:\/\/www.dev.fundaciontal.org\/#\/schema\/logo\/image\/"}}]}},"_links":{"self":[{"href":"https:\/\/www.dev.fundaciontal.org\/es\/wp-json\/wp\/v2\/pages\/781","targetHints":{"allow":["GET"]}}],"collection":[{"href":"https:\/\/www.dev.fundaciontal.org\/es\/wp-json\/wp\/v2\/pages"}],"about":[{"href":"https:\/\/www.dev.fundaciontal.org\/es\/wp-json\/wp\/v2\/types\/page"}],"author":[{"embeddable":true,"href":"https:\/\/www.dev.fundaciontal.org\/es\/wp-json\/wp\/v2\/users\/2"}],"replies":[{"embeddable":true,"href":"https:\/\/www.dev.fundaciontal.org\/es\/wp-json\/wp\/v2\/comments?post=781"}],"version-history":[{"count":11,"href":"https:\/\/www.dev.fundaciontal.org\/es\/wp-json\/wp\/v2\/pages\/781\/revisions"}],"predecessor-version":[{"id":2055,"href":"https:\/\/www.dev.fundaciontal.org\/es\/wp-json\/wp\/v2\/pages\/781\/revisions\/2055"}],"wp:attachment":[{"href":"https:\/\/www.dev.fundaciontal.org\/es\/wp-json\/wp\/v2\/media?parent=781"}],"curies":[{"name":"wp","href":"https:\/\/api.w.org\/{rel}","templated":true}]}}