{"id":783,"date":"2019-01-06T09:45:03","date_gmt":"2019-01-06T08:45:03","guid":{"rendered":"https:\/\/sfundaciontal.local\/?page_id=783"},"modified":"2019-12-26T15:55:03","modified_gmt":"2019-12-26T14:55:03","slug":"politica-de-cookies","status":"publish","type":"page","link":"https:\/\/www.dev.fundaciontal.org\/es\/politica-de-cookies\/","title":{"rendered":"Pol\u00edtica de cookies"},"content":{"rendered":"<div class=\"wpb-content-wrapper\"><p>[vc_row margin_top=\u00bb40&#8243; margin_bottom=\u00bb20&#8243;][vc_column][vc_column_text css=\u00bb.vc_custom_1575131531672{margin-bottom: 10px !important;}\u00bb]<\/p>\n<h1 style=\"text-align: center;\">POL\u00cdTICA DE COOKIES DE www.dev.fundaciontal.org<\/h1>\n<p>[\/vc_column_text]<div class=\"hr-thin style-line accent-border-color\" style=\"width: 50px;border-top-width: 2px;\"><\/div><div class=\"ult-spacer spacer-69e4d1a29d8e4\" data-id=\"69e4d1a29d8e4\" data-height=\"30\" data-height-mobile=\"30\" data-height-tab=\"30\" data-height-tab-portrait=\"\" data-height-mobile-landscape=\"\" style=\"clear:both;display:block;\"><\/div>[\/vc_column][\/vc_row][vc_row][vc_column][vc_column_text]<\/p>\n<h2>\u00bfQU\u00c9 SON LAS COOKIES?<\/h2>\n<p>Las cookies son peque\u00f1os ficheros que se instalan en el disco duro o en el navegador del ordenador, tablet, smartphone o dispositivo equivalente con funciones de navegaci\u00f3n a trav\u00e9s de Internet y ayudan a, entre otros: personalizar los servicios del titular de la web, facilitar la navegaci\u00f3n y usabilidad a trav\u00e9s de la misma, obtener informaci\u00f3n agregada de los visitantes de la web, posibilitar la reproducci\u00f3n y visualizaci\u00f3n de contenido multimedia en la propia web, permitir elementos de interactuaci\u00f3n entre el usuario y la propia web, habilitar herramientas de seguridad, etc\u00e9tera.[\/vc_column_text]<div class=\"ult-spacer spacer-69e4d1a29d905\" data-id=\"69e4d1a29d905\" data-height=\"30\" data-height-mobile=\"30\" data-height-tab=\"30\" data-height-tab-portrait=\"\" data-height-mobile-landscape=\"\" style=\"clear:both;display:block;\"><\/div>[\/vc_column][\/vc_row][vc_row][vc_column][vc_column_text]<\/p>\n<h2>DEFINICIONES UTILIZADAS EN ESTA POL\u00cdTICA DE COOKIES<\/h2>\n<ul>\n<li>Usabilidad web: puede definirse como la experiencia que tiene un usuario cuando navega, utiliza e interact\u00faa con una p\u00e1gina web<\/li>\n<li>Informaci\u00f3n agregada: informaci\u00f3n no nominal, t\u00edpicamente num\u00e9rica y a efectos de proporcionar informaci\u00f3n estad\u00edstica<\/li>\n<li>Equipo terminal: equipo (ordenador, smartphone, tablet, etc.) del usuario que navega por Internet<\/li>\n<li>Editor: responsable o titular de la p\u00e1gina web<\/li>\n<li>Tercero: entidad externa, colaboradora, prestadora de servicios o relacionada con el editor, interviniente en la gesti\u00f3n de algunas cookies<\/li>\n<li>Responsable de la cookie: el editor, responsable, titular de la p\u00e1gina web o, incluso, el tercero en algunos casos<\/li>\n<li>H\u00e1bitos de navegaci\u00f3n: tendencias que muestra el usuario cuando navega trav\u00e9s de una p\u00e1gina web como, por ejemplo, tiempo que visita la p\u00e1gina, partes que visita, secciones m\u00e1s frecuentes, origen de la visita, destino de la visita, entre otros.<\/li>\n<li>Dato: es la informaci\u00f3n que se obtiene por medio del equipo terminal del usuario a trav\u00e9s del dispositivo de almacenamiento y recuperaci\u00f3n de datos (cookies u otros). El dato ser\u00e1 personal cuando se trata de informaci\u00f3n sobre personas f\u00edsicas identificadas o identificables.<\/li>\n<\/ul>\n<p>Espacio publicitario: un lugar en el que el editor prev\u00e9, cuando programa la p\u00e1gina web, que aparezca la publicidad de los productos, imagen o servicios de los anunciantes. Existe una gran variedad de espacios o formatos publicitarios; desde los que se integran en la propia aplicaci\u00f3n, como los banners, hasta los denominados flotantes, como los pop-ups.[\/vc_column_text]<div class=\"ult-spacer spacer-69e4d1a29d925\" data-id=\"69e4d1a29d925\" data-height=\"30\" data-height-mobile=\"30\" data-height-tab=\"30\" data-height-tab-portrait=\"\" data-height-mobile-landscape=\"\" style=\"clear:both;display:block;\"><\/div>[\/vc_column][\/vc_row][vc_row][vc_column][vc_column_text]<\/p>\n<h2>\u00bfQU\u00c9 TIPO DE COOKIES EXISTEN?<\/h2>\n<p>Seg\u00fan la entidad que la gestiona:<\/p>\n<p><u>Cookies propias<\/u>: son aqu\u00e9llas que se env\u00edan al equipo terminal del usuario desde un equipo o dominio gestionado por el propio editor y desde el que se presta el servicio solicitado por el usuario.<\/p>\n<p><u>Cookies de terceros<\/u>: son aqu\u00e9llas que se env\u00edan al equipo terminal del usuario desde un equipo o dominio que no es gestionado por el editor, sino por otra entidad que trata los datos obtenidos trav\u00e9s de las cookies.<\/p>\n<p>Seg\u00fan el plazo de tiempo que permanecen activadas en el equipo terminal:<\/p>\n<p><u>Cookies de sesi\u00f3n<\/u>: son un tipo de cookies dise\u00f1adas para recabar y almacenar datos mientras el usuario accede a una p\u00e1gina web.<\/p>\n<p><u>Cookies persistentes<\/u>: son un tipo de cookies en el que los datos siguen almacenados en el terminal y pueden ser accedidos y tratados durante un periodo definido por el responsable de la cookie, y que puede ir de unos minutos a varios a\u00f1os.<\/p>\n<p>Seg\u00fan la finalidad para la que se traten los datos obtenidos a trav\u00e9s de las cookies:<\/p>\n<p><u>Cookies t\u00e9cnicas<\/u>: son aqu\u00e9llas que permiten al usuario la navegaci\u00f3n a trav\u00e9s de una p\u00e1gina web, plataforma o aplicaci\u00f3n y la utilizaci\u00f3n de las diferentes opciones o servicios que en ella existan como, por ejemplo, controlar el tr\u00e1fico y la comunicaci\u00f3n de datos, identificar la sesi\u00f3n, acceder a partes de acceso restringido, recordar los elementos que integran un pedido, realizar el proceso de compra de un pedido, realizar la solicitud de inscripci\u00f3n o participaci\u00f3n en un evento, utilizar elementos de seguridad durante la navegaci\u00f3n, almacenar contenidos para la difusi\u00f3n de videos o sonido o compartir contenidos a trav\u00e9s de redes sociales.<\/p>\n<p><u>Cookies de personalizaci\u00f3n<\/u>: son aqu\u00e9llas que permiten al usuario acceder al servicio con algunas caracter\u00edsticas de car\u00e1cter general predefinidas en funci\u00f3n de una serie de criterios en el terminal del usuario como por ejemplo ser\u00edan el idioma, el tipo de navegador a trav\u00e9s del cual accede al servicio, la configuraci\u00f3n regional desde donde accede al servicio, etc.<\/p>\n<p><u>Cookies de an\u00e1lisis<\/u>: son aqu\u00e9llas que permiten al responsable de las mismas, el seguimiento y an\u00e1lisis del comportamiento de los usuarios de los sitios web a los que est\u00e1n vinculadas. La informaci\u00f3n recogida mediante este tipo de cookies se utiliza en la medici\u00f3n de la actividad de los sitios web, aplicaci\u00f3n o plataforma y para la elaboraci\u00f3n de perfiles de navegaci\u00f3n de los usuarios de dichos sitios, aplicaciones y plataformas, con el fin de introducir mejoras en funci\u00f3n del an\u00e1lisis de los datos de uso que hacen los usuarios del servicio.<\/p>\n<p><u>Cookies publicitarias<\/u>: son aqu\u00e9llas que permiten la gesti\u00f3n, de la forma m\u00e1s eficaz posible, de los espacios publicitarios que, en su caso, el editor haya incluido en una p\u00e1gina web, aplicaci\u00f3n o plataforma desde la que presta el servicio solicitado en base a criterios como el contenido editado o la frecuencia en la que se muestran los anuncio.<\/p>\n<p><u>Cookies de publicidad comportamental<\/u>: son aqu\u00e9llas que permiten la gesti\u00f3n, de la forma m\u00e1s eficaz posible, de los espacios publicitarios que, en su caso, el editor haya incluido en una p\u00e1gina web, aplicaci\u00f3n o plataforma desde la que presta el servicio solicitado. Estas cookies almacenan informaci\u00f3n del comportamiento de los usuarios obtenida a trav\u00e9s de la observaci\u00f3n continuada de sus h\u00e1bitos de navegaci\u00f3n, lo que permite desarrollar un perfil espec\u00edfico para mostrar publicidad en funci\u00f3n del mismo.[\/vc_column_text]<div class=\"ult-spacer spacer-69e4d1a29d941\" data-id=\"69e4d1a29d941\" data-height=\"30\" data-height-mobile=\"30\" data-height-tab=\"30\" data-height-tab-portrait=\"\" data-height-mobile-landscape=\"\" style=\"clear:both;display:block;\"><\/div>[\/vc_column][\/vc_row][vc_row][vc_column][vc_column_text]<\/p>\n<h2>EN CONCRETO, \u00bfQU\u00c9 COOKIES UTILIZAMOS?<\/h2>\n<p>[\/vc_column_text][\/vc_column][\/vc_row][vc_row][vc_column][vc_column_text]<\/p>\n<h4>COOKIES ESTRICTAMENTE NECESARIAS<\/h4>\n<p>Estas cookies son necesarias para que el sitio web funcione y no pueden desactivarse en los sistemas. Por lo general, solo se configuran en respuesta a las acciones que realizas al solicitar servicios, como establecer tus preferencias de privacidad, iniciar sesi\u00f3n o completar formularios. Puedes configurar tu navegador para bloquear o alertar sobre estas cookies, pero algunas \u00e1reas del sitio web no funcionar\u00e1n. Estas cookies no almacenan ning\u00fan dato personal.[\/vc_column_text][vc_column_text]<\/p>\n<table style=\"border-collapse: collapse; width: 100%;\" border=\"1\">\n<tbody>\n<tr style=\"height: 22px;\">\n<td style=\"text-align: center; height: 22px; background-color: #eeeeee;\"><strong>Nombre de la cookie<\/strong><\/td>\n<td style=\"text-align: center; height: 22px; background-color: #eeeeee;\"><strong>Servidor\/Dominio desde el que se env\u00eda<\/strong><\/td>\n<td style=\"text-align: center; height: 22px; background-color: #eeeeee;\"><strong>Finalidad<\/strong><\/td>\n<td style=\"text-align: center; height: 22px; background-color: #eeeeee;\"><strong>Permanencia<\/strong><\/td>\n<\/tr>\n<tr style=\"height: 22px; border-bottom: 1px solid #ddd;\">\n<td style=\"text-align: center; height: 22px;\">CookieConsent<\/td>\n<td style=\"text-align: center; height: 22px;\">Cookiebot<\/td>\n<td style=\"text-align: center; height: 22px;\">Almacena el estado de consentimiento de cookies del usuario para el dominio actual.<\/td>\n<td style=\"text-align: center; height: 22px;\">1 a\u00f1o<\/td>\n<\/tr>\n<tr style=\"height: 22px; border-bottom: 1px solid #ddd;\">\n<td style=\"text-align: center; height: 22px;\">wp-wpml_current_language<\/td>\n<td style=\"text-align: center; height: 22px;\">dev.fundaciontal.org<\/td>\n<td style=\"text-align: center; height: 22px;\">Almacena el idioma que selecciona el visitante para la visualizaci\u00f3n de los contenidos en el sitio web.<\/td>\n<td style=\"text-align: center; height: 22px;\">1 d\u00eda<\/td>\n<\/tr>\n<tr style=\"height: 22px; border-bottom: 1px solid #ddd;\">\n<td style=\"text-align: center; height: 22px;\">upload-files_count_files<\/td>\n<td style=\"text-align: center; height: 22px;\">dev.fundaciontal.org<\/td>\n<td style=\"text-align: center; height: 22px;\">Registra el n\u00famero de ficheros seleccionados para subidas en el formulario de contacto.<\/td>\n<td style=\"text-align: center; height: 22px;\">Sesi\u00f3n<\/td>\n<\/tr>\n<tr style=\"height: 22px; border-bottom: 1px solid #ddd;\">\n<td style=\"text-align: center; height: 22px;\">rc::c<\/td>\n<td style=\"text-align: center; height: 22px;\">google.com<\/td>\n<td style=\"text-align: center; height: 22px;\">Esta cookie se utiliza para distinguir entre humanos y bots (Google Recaptcha)<\/td>\n<td style=\"text-align: center; height: 22px;\">Sesi\u00f3n<\/td>\n<\/tr>\n<tr style=\"height: 22px; border-bottom: 1px solid #ddd;\">\n<td style=\"text-align: center; height: 22px;\">NID<\/td>\n<td style=\"text-align: center; height: 22px;\">google.com<\/td>\n<td style=\"text-align: center; height: 22px;\">Esta cookie se utiliza para distinguir entre humanos y bots (Google Recaptcha)<\/td>\n<td style=\"text-align: center; height: 22px;\">1 d\u00eda<\/td>\n<\/tr>\n<\/tbody>\n<\/table>\n<p>[\/vc_column_text]<div class=\"ult-spacer spacer-69e4d1a29d95b\" data-id=\"69e4d1a29d95b\" data-height=\"30\" data-height-mobile=\"30\" data-height-tab=\"30\" data-height-tab-portrait=\"\" data-height-mobile-landscape=\"\" style=\"clear:both;display:block;\"><\/div>[\/vc_column][\/vc_row][vc_row][vc_column][vc_column_text]<\/p>\n<h4>COOKIES DE RENDIMIENTO<\/h4>\n<p>Estas cookies permiten contar las visitas y fuentes de tr\u00e1fico para poder evaluar el rendimiento del sitio web y mejorarlo. Ayudan a saber qu\u00e9 p\u00e1ginas son las m\u00e1s o las menos visitadas, y c\u00f3mo los visitantes navegan por el sitio. Toda la informaci\u00f3n que recogen estas cookies es agregada y, por lo tanto, es an\u00f3nima. Si no permites utilizar estas cookies, no sabr\u00e1 cu\u00e1ndo visitaste el sitio y no podr\u00e1 evaluar si funcion\u00f3 correctamente.[\/vc_column_text][vc_column_text]<\/p>\n<table style=\"border-collapse: collapse; width: 100%;\" border=\"1\">\n<tbody>\n<tr style=\"height: 22px;\">\n<td style=\"text-align: center; height: 22px; background-color: #eeeeee;\"><strong>Nombre de la cookie<\/strong><\/td>\n<td style=\"text-align: center; height: 22px; background-color: #eeeeee;\"><strong>Servidor\/Dominio desde el que se env\u00eda<\/strong><\/td>\n<td style=\"text-align: center; height: 22px; background-color: #eeeeee;\"><strong>Finalidad<\/strong><\/td>\n<td style=\"text-align: center; height: 22px; background-color: #eeeeee;\"><strong>Permanencia<\/strong><\/td>\n<\/tr>\n<tr style=\"height: 22px; border-bottom: 1px solid #ddd;\">\n<td style=\"text-align: center; height: 22px;\">_ga<\/td>\n<td style=\"text-align: center; height: 22px;\">Google<\/td>\n<td style=\"text-align: center; height: 22px;\">Se utiliza para enviar datos a Google Analytics sobre el dispositivo del visitante y su comportamiento. Rastrea al visitante a trav\u00e9s de dispositivos y canales de marketing.<\/td>\n<td style=\"text-align: center; height: 22px;\">Sesi\u00f3n<\/td>\n<\/tr>\n<tr style=\"height: 22px; border-bottom: 1px solid #ddd;\">\n<td style=\"text-align: center; height: 22px;\">collect<\/td>\n<td style=\"text-align: center; height: 22px;\">Google Tag Manager<\/td>\n<td style=\"text-align: center; height: 22px;\">Registra una identificaci\u00f3n \u00fanica que se utiliza para generar datos estad\u00edsticos acerca de c\u00f3mo utiliza el visitante el sitio web.<\/td>\n<td style=\"text-align: center; height: 22px;\">2 a\u00f1os<\/td>\n<\/tr>\n<tr style=\"height: 32px; border-bottom: 1px solid #ddd;\">\n<td style=\"text-align: center; height: 32px;\">_gat<\/td>\n<td style=\"text-align: center; height: 32px;\">Google Tag Manager<\/td>\n<td style=\"text-align: center; height: 32px;\">Utilizado por Google Analytics para controlar la tasa de peticiones<\/td>\n<td style=\"text-align: center; height: 32px;\">1 d\u00eda<\/td>\n<\/tr>\n<tr style=\"height: 32px; border-bottom: 1px solid #ddd;\">\n<td style=\"text-align: center; height: 32px;\">_gid<\/td>\n<td style=\"text-align: center; height: 32px;\">Google Tag Manager<\/td>\n<td style=\"text-align: center; height: 32px;\">Registra una identificaci\u00f3n \u00fanica que se utiliza para generar datos estad\u00edsticos acerca de c\u00f3mo utiliza el visitante el sitio web.<\/td>\n<td style=\"text-align: center; height: 32px;\">1 d\u00eda<\/td>\n<\/tr>\n<\/tbody>\n<\/table>\n<p>[\/vc_column_text]<div class=\"ult-spacer spacer-69e4d1a29d975\" data-id=\"69e4d1a29d975\" data-height=\"30\" data-height-mobile=\"30\" data-height-tab=\"30\" data-height-tab-portrait=\"\" data-height-mobile-landscape=\"\" style=\"clear:both;display:block;\"><\/div>[\/vc_column][\/vc_row][vc_row][vc_column][vc_column_text]<\/p>\n<h4>\u00bfC\u00d3MO DESACTIVAR LAS COOKIES?<\/h4>\n<p>El bloqueo o desactivaci\u00f3n de todas las cookies ayuda a proteger la privacidad, pero tambi\u00e9n puede limitar la experiencia en algunos sitios web, as\u00ed como limitar funcionalidades o, incluso, no permitir la correcta navegaci\u00f3n o utilizaci\u00f3n de algunos de sus servicios. Si quieres saber c\u00f3mo desactivar las cookies en los navegadores web m\u00e1s populares, accede a los siguientes tutoriales:<\/p>\n<ul>\n<li><a href=\"http:\/\/support.google.com\/chrome\/answer\/95647?hl=es\" target=\"_blank\" rel=\"noopener noreferrer\">Google Chrome<\/a><\/li>\n<li><a href=\"http:\/\/support.mozilla.org\/es\/kb\/habilitar-y-deshabilitar-cookies-que-los-sitios-we\" target=\"_blank\" rel=\"noopener noreferrer\">Mozilla Firefox<\/a><\/li>\n<li><a href=\"http:\/\/windows.microsoft.com\/es-es\/windows-vista\/block-or-allow-cookies\" target=\"_blank\" rel=\"noopener noreferrer\">Internet Explorer<\/a><\/li>\n<li><a href=\"http:\/\/support.apple.com\/es-es\/HT1677\" target=\"_blank\" rel=\"noopener noreferrer\">Safari<\/a><\/li>\n<li><a href=\"http:\/\/support.google.com\/chrome\/answer\/2392971?hl=es\" target=\"_blank\" rel=\"noopener noreferrer\">Chrome para Android<\/a><\/li>\n<\/ul>\n<p>Si tienes alguna pregunta o duda acerca de esta Pol\u00edtica de Cookies, puedes ponerte en contacto con nosotros a trav\u00e9s de <a href=\"mailto:fundaciontal@dev.fundaciontal.org\" target=\"_blank\" rel=\"noopener noreferrer\">fundaciontal@dev.fundaciontal.org<\/a>[\/vc_column_text][\/vc_column][\/vc_row]<\/p>\n<\/div>","protected":false},"excerpt":{"rendered":"<p>[vc_row margin_top=\u00bb40&#8243; margin_bottom=\u00bb20&#8243;][vc_column][vc_column_text css=\u00bb.vc_custom_1575131531672{margin-bottom: 10px !important;}\u00bb] POL\u00cdTICA DE COOKIES DE www.dev.fundaciontal.org [\/vc_column_text][\/vc_column][\/vc_row][vc_row][vc_column][vc_column_text] \u00bfQU\u00c9 SON LAS COOKIES? Las cookies son peque\u00f1os ficheros que se instalan en el disco duro o en el navegador del ordenador, tablet, smartphone o dispositivo equivalente con funciones de navegaci\u00f3n a trav\u00e9s de Internet y ayudan a, entre otros: personalizar los servicios&hellip;<\/p>\n","protected":false},"author":2,"featured_media":0,"parent":0,"menu_order":0,"comment_status":"closed","ping_status":"closed","template":"","meta":{"footnotes":""},"class_list":["post-783","page","type-page","status-publish","hentry","description-off"],"yoast_head":"<!-- This site is optimized with the Yoast SEO plugin v26.2 - https:\/\/yoast.com\/wordpress\/plugins\/seo\/ -->\n<title>Pol\u00edtica de cookies - Fundaci\u00f3 TAL<\/title>\n<meta name=\"robots\" content=\"noindex, nofollow\" \/>\n<meta property=\"og:locale\" content=\"es_ES\" \/>\n<meta property=\"og:type\" content=\"article\" \/>\n<meta property=\"og:title\" content=\"Pol\u00edtica de cookies - Fundaci\u00f3 TAL\" \/>\n<meta property=\"og:description\" content=\"[vc_row margin_top=\u00bb40&#8243; margin_bottom=\u00bb20&#8243;][vc_column][vc_column_text css=\u00bb.vc_custom_1575131531672{margin-bottom: 10px !important;}\u00bb] POL\u00cdTICA DE COOKIES DE www.dev.fundaciontal.org [\/vc_column_text][\/vc_column][\/vc_row][vc_row][vc_column][vc_column_text] \u00bfQU\u00c9 SON LAS COOKIES? Las cookies son peque\u00f1os ficheros que se instalan en el disco duro o en el navegador del ordenador, tablet, smartphone o dispositivo equivalente con funciones de navegaci\u00f3n a trav\u00e9s de Internet y ayudan a, entre otros: personalizar los servicios&hellip;\" \/>\n<meta property=\"og:url\" content=\"https:\/\/www.dev.fundaciontal.org\/es\/politica-de-cookies\/\" \/>\n<meta property=\"og:site_name\" content=\"Fundaci\u00f3 TAL\" \/>\n<meta property=\"article:modified_time\" content=\"2019-12-26T14:55:03+00:00\" \/>\n<meta name=\"twitter:card\" content=\"summary_large_image\" \/>\n<meta name=\"twitter:label1\" content=\"Tiempo de lectura\" \/>\n\t<meta name=\"twitter:data1\" content=\"8 minutos\" \/>\n<script type=\"application\/ld+json\" class=\"yoast-schema-graph\">{\"@context\":\"https:\/\/schema.org\",\"@graph\":[{\"@type\":\"WebPage\",\"@id\":\"https:\/\/www.dev.fundaciontal.org\/es\/politica-de-cookies\/\",\"url\":\"https:\/\/www.dev.fundaciontal.org\/es\/politica-de-cookies\/\",\"name\":\"Pol\u00edtica de cookies - Fundaci\u00f3 TAL\",\"isPartOf\":{\"@id\":\"https:\/\/www.dev.fundaciontal.org\/#website\"},\"datePublished\":\"2019-01-06T08:45:03+00:00\",\"dateModified\":\"2019-12-26T14:55:03+00:00\",\"breadcrumb\":{\"@id\":\"https:\/\/www.dev.fundaciontal.org\/es\/politica-de-cookies\/#breadcrumb\"},\"inLanguage\":\"es\",\"potentialAction\":[{\"@type\":\"ReadAction\",\"target\":[\"https:\/\/www.dev.fundaciontal.org\/es\/politica-de-cookies\/\"]}]},{\"@type\":\"BreadcrumbList\",\"@id\":\"https:\/\/www.dev.fundaciontal.org\/es\/politica-de-cookies\/#breadcrumb\",\"itemListElement\":[{\"@type\":\"ListItem\",\"position\":1,\"name\":\"Portada\",\"item\":\"https:\/\/www.dev.fundaciontal.org\/es\/\"},{\"@type\":\"ListItem\",\"position\":2,\"name\":\"Pol\u00edtica de cookies\"}]},{\"@type\":\"WebSite\",\"@id\":\"https:\/\/www.dev.fundaciontal.org\/#website\",\"url\":\"https:\/\/www.dev.fundaciontal.org\/\",\"name\":\"Fundaci\u00f3 TAL\",\"description\":\"Fundaci\u00f3 Tribunal d&#039;Arbitratge Laboral de la Comunitat Valenciana\",\"publisher\":{\"@id\":\"https:\/\/www.dev.fundaciontal.org\/#organization\"},\"potentialAction\":[{\"@type\":\"SearchAction\",\"target\":{\"@type\":\"EntryPoint\",\"urlTemplate\":\"https:\/\/www.dev.fundaciontal.org\/?s={search_term_string}\"},\"query-input\":{\"@type\":\"PropertyValueSpecification\",\"valueRequired\":true,\"valueName\":\"search_term_string\"}}],\"inLanguage\":\"es\"},{\"@type\":\"Organization\",\"@id\":\"https:\/\/www.dev.fundaciontal.org\/#organization\",\"name\":\"Fundaci\u00f3 Tribunal d'Arbitratge Laboral de la Comunitat Valenciana\",\"url\":\"https:\/\/www.dev.fundaciontal.org\/\",\"logo\":{\"@type\":\"ImageObject\",\"inLanguage\":\"es\",\"@id\":\"https:\/\/www.dev.fundaciontal.org\/#\/schema\/logo\/image\/\",\"url\":\"https:\/\/www.dev.fundaciontal.org\/wp-content\/uploads\/2019\/11\/logo-tal-header-std.png\",\"contentUrl\":\"https:\/\/www.dev.fundaciontal.org\/wp-content\/uploads\/2019\/11\/logo-tal-header-std.png\",\"width\":299,\"height\":70,\"caption\":\"Fundaci\u00f3 Tribunal d'Arbitratge Laboral de la Comunitat Valenciana\"},\"image\":{\"@id\":\"https:\/\/www.dev.fundaciontal.org\/#\/schema\/logo\/image\/\"}}]}<\/script>\n<!-- \/ Yoast SEO plugin. -->","yoast_head_json":{"title":"Pol\u00edtica de cookies - Fundaci\u00f3 TAL","robots":{"index":"noindex","follow":"nofollow"},"og_locale":"es_ES","og_type":"article","og_title":"Pol\u00edtica de cookies - Fundaci\u00f3 TAL","og_description":"[vc_row margin_top=\u00bb40&#8243; margin_bottom=\u00bb20&#8243;][vc_column][vc_column_text css=\u00bb.vc_custom_1575131531672{margin-bottom: 10px !important;}\u00bb] POL\u00cdTICA DE COOKIES DE www.dev.fundaciontal.org [\/vc_column_text][\/vc_column][\/vc_row][vc_row][vc_column][vc_column_text] \u00bfQU\u00c9 SON LAS COOKIES? Las cookies son peque\u00f1os ficheros que se instalan en el disco duro o en el navegador del ordenador, tablet, smartphone o dispositivo equivalente con funciones de navegaci\u00f3n a trav\u00e9s de Internet y ayudan a, entre otros: personalizar los servicios&hellip;","og_url":"https:\/\/www.dev.fundaciontal.org\/es\/politica-de-cookies\/","og_site_name":"Fundaci\u00f3 TAL","article_modified_time":"2019-12-26T14:55:03+00:00","twitter_card":"summary_large_image","twitter_misc":{"Tiempo de lectura":"8 minutos"},"schema":{"@context":"https:\/\/schema.org","@graph":[{"@type":"WebPage","@id":"https:\/\/www.dev.fundaciontal.org\/es\/politica-de-cookies\/","url":"https:\/\/www.dev.fundaciontal.org\/es\/politica-de-cookies\/","name":"Pol\u00edtica de cookies - Fundaci\u00f3 TAL","isPartOf":{"@id":"https:\/\/www.dev.fundaciontal.org\/#website"},"datePublished":"2019-01-06T08:45:03+00:00","dateModified":"2019-12-26T14:55:03+00:00","breadcrumb":{"@id":"https:\/\/www.dev.fundaciontal.org\/es\/politica-de-cookies\/#breadcrumb"},"inLanguage":"es","potentialAction":[{"@type":"ReadAction","target":["https:\/\/www.dev.fundaciontal.org\/es\/politica-de-cookies\/"]}]},{"@type":"BreadcrumbList","@id":"https:\/\/www.dev.fundaciontal.org\/es\/politica-de-cookies\/#breadcrumb","itemListElement":[{"@type":"ListItem","position":1,"name":"Portada","item":"https:\/\/www.dev.fundaciontal.org\/es\/"},{"@type":"ListItem","position":2,"name":"Pol\u00edtica de cookies"}]},{"@type":"WebSite","@id":"https:\/\/www.dev.fundaciontal.org\/#website","url":"https:\/\/www.dev.fundaciontal.org\/","name":"Fundaci\u00f3 TAL","description":"Fundaci\u00f3 Tribunal d&#039;Arbitratge Laboral de la Comunitat Valenciana","publisher":{"@id":"https:\/\/www.dev.fundaciontal.org\/#organization"},"potentialAction":[{"@type":"SearchAction","target":{"@type":"EntryPoint","urlTemplate":"https:\/\/www.dev.fundaciontal.org\/?s={search_term_string}"},"query-input":{"@type":"PropertyValueSpecification","valueRequired":true,"valueName":"search_term_string"}}],"inLanguage":"es"},{"@type":"Organization","@id":"https:\/\/www.dev.fundaciontal.org\/#organization","name":"Fundaci\u00f3 Tribunal d'Arbitratge Laboral de la Comunitat Valenciana","url":"https:\/\/www.dev.fundaciontal.org\/","logo":{"@type":"ImageObject","inLanguage":"es","@id":"https:\/\/www.dev.fundaciontal.org\/#\/schema\/logo\/image\/","url":"https:\/\/www.dev.fundaciontal.org\/wp-content\/uploads\/2019\/11\/logo-tal-header-std.png","contentUrl":"https:\/\/www.dev.fundaciontal.org\/wp-content\/uploads\/2019\/11\/logo-tal-header-std.png","width":299,"height":70,"caption":"Fundaci\u00f3 Tribunal d'Arbitratge Laboral de la Comunitat Valenciana"},"image":{"@id":"https:\/\/www.dev.fundaciontal.org\/#\/schema\/logo\/image\/"}}]}},"_links":{"self":[{"href":"https:\/\/www.dev.fundaciontal.org\/es\/wp-json\/wp\/v2\/pages\/783","targetHints":{"allow":["GET"]}}],"collection":[{"href":"https:\/\/www.dev.fundaciontal.org\/es\/wp-json\/wp\/v2\/pages"}],"about":[{"href":"https:\/\/www.dev.fundaciontal.org\/es\/wp-json\/wp\/v2\/types\/page"}],"author":[{"embeddable":true,"href":"https:\/\/www.dev.fundaciontal.org\/es\/wp-json\/wp\/v2\/users\/2"}],"replies":[{"embeddable":true,"href":"https:\/\/www.dev.fundaciontal.org\/es\/wp-json\/wp\/v2\/comments?post=783"}],"version-history":[{"count":1,"href":"https:\/\/www.dev.fundaciontal.org\/es\/wp-json\/wp\/v2\/pages\/783\/revisions"}],"predecessor-version":[{"id":1082,"href":"https:\/\/www.dev.fundaciontal.org\/es\/wp-json\/wp\/v2\/pages\/783\/revisions\/1082"}],"wp:attachment":[{"href":"https:\/\/www.dev.fundaciontal.org\/es\/wp-json\/wp\/v2\/media?parent=783"}],"curies":[{"name":"wp","href":"https:\/\/api.w.org\/{rel}","templated":true}]}}