{"id":785,"date":"2019-01-06T09:36:47","date_gmt":"2019-01-06T08:36:47","guid":{"rendered":"https:\/\/sfundaciontal.local\/?page_id=785"},"modified":"2024-04-18T12:08:21","modified_gmt":"2024-04-18T10:08:21","slug":"portal-de-transparencia","status":"publish","type":"page","link":"https:\/\/www.dev.fundaciontal.org\/es\/portal-de-transparencia\/","title":{"rendered":"Transparencia"},"content":{"rendered":"<div class=\"wpb-content-wrapper\"><p>[vc_row full_width=\u00bbstretch_row_content_no_spaces\u00bb bg_type=\u00bbimage\u00bb parallax_style=\u00bbvcpb-vz-jquery\u00bb bg_image_new=\u00bbid^359|url^https:\/\/www.dev.fundaciontal.org\/wp-content\/uploads\/2019\/11\/header-portal-transparencia.jpg|caption^null|alt^null|title^header-portal-transparencia|description^null\u00bb bg_image_repeat=\u00bbno-repeat\u00bb parallax_sense=\u00bb20&#8243; type=\u00bbvc_default\u00bb css=\u00bb.vc_custom_1575117686224{margin-top: -50px !important;}\u00bb][vc_column]<div class=\"ult-spacer spacer-69e4d1a66096d\" data-id=\"69e4d1a66096d\" data-height=\"350\" data-height-mobile=\"150\" data-height-tab=\"300\" data-height-tab-portrait=\"300\" data-height-mobile-landscape=\"150\" style=\"clear:both;display:block;\"><\/div>[\/vc_column][\/vc_row][vc_row margin_top=\u00bb40&#8243; margin_bottom=\u00bb20&#8243;][vc_column]<div class=\"ult-spacer spacer-69e4d1a66099b\" data-id=\"69e4d1a66099b\" data-height=\"40\" data-height-mobile=\"40\" data-height-tab=\"40\" data-height-tab-portrait=\"\" data-height-mobile-landscape=\"\" style=\"clear:both;display:block;\"><\/div>[vc_column_text css=\u00bb.vc_custom_1705669898965{margin-bottom: 10px !important;}\u00bb]<\/p>\n<h1 style=\"text-align: center;\">Transparencia &#8211; Fundaci\u00f3 TAL Oberta<\/h1>\n<p>[\/vc_column_text]<div class=\"hr-thin style-line accent-border-color\" style=\"width: 50px;border-top-width: 2px;\"><\/div><div class=\"ult-spacer spacer-69e4d1a6609fa\" data-id=\"69e4d1a6609fa\" data-height=\"30\" data-height-mobile=\"30\" data-height-tab=\"30\" data-height-tab-portrait=\"\" data-height-mobile-landscape=\"\" style=\"clear:both;display:block;\"><\/div>[\/vc_column][\/vc_row][vc_row gap=\u00bb20&#8243; equal_height=\u00bbyes\u00bb][vc_column width=\u00bb1\/3&#8243; css=\u00bb.vc_custom_1572977264842{border-radius: 3px !important;}\u00bb el_class=\u00bbtransp-col-links-ppales\u00bb][vc_column_text]<\/p>\n<h4 style=\"text-align: center;\">INFORMACI\u00d3N CORPORATIVA<\/h4>\n<p>[\/vc_column_text][vc_empty_space height=\u00bb60px\u00bb]<style type=\"text\/css\" data-type=\"the7_shortcodes-inline-css\">#default-btn-7ae71415b4dd2a84eae72dfac4fd2e99.ico-right-side > i {\n  margin-right: 0px;\n  margin-left: 8px;\n}\n#default-btn-7ae71415b4dd2a84eae72dfac4fd2e99 > i {\n  margin-right: 8px;\n}<\/style><div class=\"btn-align-center\"><a href=\"https:\/\/www.dev.fundaciontal.org\/es\/portal-de-transparencia\/informacion-corporativa\/\" class=\"default-btn-shortcode dt-btn dt-btn-m link-hover-off ico-right-side full-width-btn \" id=\"default-btn-7ae71415b4dd2a84eae72dfac4fd2e99\" title=\"Informaci\u00f3n Corporativa\"><span>Informaci\u00f3n corporativa<\/span><i class=\"Defaults-caret-right\"><\/i><\/a><\/div>[\/vc_column][vc_column width=\u00bb1\/3&#8243; el_class=\u00bbtransp-col-links-ppales\u00bb][vc_column_text css=\u00bb\u00bb]<\/p>\n<h4 style=\"text-align: center;\">CANAL DENUNCIAS\u00a0 \/\u00a0 SISTEMA INTERNO DE INFORMACI\u00d3N (SII GVA)<\/h4>\n<p>[\/vc_column_text]<style type=\"text\/css\" data-type=\"the7_shortcodes-inline-css\">#default-btn-64a7b37ede3fd880d826c1398b735869.ico-right-side > i {\n  margin-right: 0px;\n  margin-left: 8px;\n}\n#default-btn-64a7b37ede3fd880d826c1398b735869 > i {\n  margin-right: 8px;\n}<\/style><div class=\"btn-align-center\"><a href=\"https:\/\/www.dev.fundaciontal.org\/es\/?page_id=1501&amp;preview=true\" class=\"default-btn-shortcode dt-btn dt-btn-m link-hover-off ico-right-side full-width-btn \" id=\"default-btn-64a7b37ede3fd880d826c1398b735869\"><span>Canal Denuncias<\/span><i class=\"Defaults-caret-right\"><\/i><\/a><\/div>[\/vc_column][vc_column width=\u00bb1\/3&#8243; css=\u00bb.vc_custom_1676200595963{padding: 0px !important;border-radius: 3px !important;}\u00bb el_class=\u00bbtransp-col-links-ppales\u00bb][vc_column_text]<\/p>\n<h4 style=\"text-align: center; font-size: 17px;\">RELACI\u00d3N CON LOS CIUDADANOS<\/h4>\n<p>[\/vc_column_text][vc_empty_space height=\u00bb60px\u00bb]<style type=\"text\/css\" data-type=\"the7_shortcodes-inline-css\">#default-btn-dd40a3f680486d848d1c1a37e086790f.ico-right-side > i {\n  margin-right: 0px;\n  margin-left: 8px;\n}\n#default-btn-dd40a3f680486d848d1c1a37e086790f > i {\n  margin-right: 8px;\n}<\/style><div class=\"btn-align-center\"><a href=\"https:\/\/www.dev.fundaciontal.org\/es\/portal-de-transparencia\/relacion-con-los-ciudadanos\/\" class=\"default-btn-shortcode dt-btn dt-btn-m link-hover-off ico-right-side full-width-btn \" id=\"default-btn-dd40a3f680486d848d1c1a37e086790f\" title=\"Relaci\u00f3n con los ciudadanos\"><span>Relaci\u00f3n con los ciudadanos<\/span><i class=\"Defaults-caret-right\"><\/i><\/a><\/div>[\/vc_column][\/vc_row][vc_row gap=\u00bb20&#8243; equal_height=\u00bbyes\u00bb][vc_column width=\u00bb1\/2&#8243; css=\u00bb.vc_custom_1572977288642{border-radius: 3px !important;}\u00bb el_class=\u00bbtransp-col-links-ppales\u00bb][vc_column_text]<\/p>\n<h4 style=\"text-align: center;\">INFORMACI\u00d3N ECON\u00d3MICA Y PRESUPUESTARIA<\/h4>\n<p>[\/vc_column_text]<style type=\"text\/css\" data-type=\"the7_shortcodes-inline-css\">#default-btn-8bd73628770248b074bb30725dcd5496.ico-right-side > i {\n  margin-right: 0px;\n  margin-left: 8px;\n}\n#default-btn-8bd73628770248b074bb30725dcd5496 > i {\n  margin-right: 8px;\n}<\/style><div class=\"btn-align-center\"><a href=\"https:\/\/www.dev.fundaciontal.org\/es\/portal-de-transparencia\/informacion-economica-y-presupuestaria\/\" class=\"default-btn-shortcode dt-btn dt-btn-m link-hover-off ico-right-side full-width-btn \" id=\"default-btn-8bd73628770248b074bb30725dcd5496\" title=\"Informaci\u00f3n econ\u00f3mica\"><span>Informaci\u00f3n econ\u00f3mica y presupuestaria<\/span><i class=\"Defaults-caret-right\"><\/i><\/a><\/div>[\/vc_column][vc_column width=\u00bb1\/2&#8243; css=\u00bb.vc_custom_1572977264842{border-radius: 3px !important;}\u00bb el_class=\u00bbtransp-col-links-ppales\u00bb][vc_column_text]<\/p>\n<h4 style=\"text-align: center;\">INFORMACI\u00d3N SOBRE CONTRATACI\u00d3N P\u00daBLICA<\/h4>\n<p>[\/vc_column_text]<style type=\"text\/css\" data-type=\"the7_shortcodes-inline-css\">#default-btn-3ae73d4ee69b2487ff441e86f8b0b3e5.ico-right-side > i {\n  margin-right: 0px;\n  margin-left: 8px;\n}\n#default-btn-3ae73d4ee69b2487ff441e86f8b0b3e5 > i {\n  margin-right: 8px;\n}<\/style><div class=\"btn-align-center\"><a href=\"https:\/\/www.dev.fundaciontal.org\/es\/perfil-del-contratante\/\" class=\"default-btn-shortcode dt-btn dt-btn-m link-hover-off ico-right-side full-width-btn \" id=\"default-btn-3ae73d4ee69b2487ff441e86f8b0b3e5\" title=\"Informaci\u00f3n Corporativa\"><span>Informaci\u00f3n sobre contrataci\u00f3n p\u00fablica<\/span><i class=\"Defaults-caret-right\"><\/i><\/a><\/div>[\/vc_column][\/vc_row]<\/p>\n<\/div>","protected":false},"excerpt":{"rendered":"<p>[vc_row full_width=\u00bbstretch_row_content_no_spaces\u00bb bg_type=\u00bbimage\u00bb parallax_style=\u00bbvcpb-vz-jquery\u00bb bg_image_new=\u00bbid^359|url^https:\/\/www.dev.fundaciontal.org\/wp-content\/uploads\/2019\/11\/header-portal-transparencia.jpg|caption^null|alt^null|title^header-portal-transparencia|description^null\u00bb bg_image_repeat=\u00bbno-repeat\u00bb parallax_sense=\u00bb20&#8243; type=\u00bbvc_default\u00bb css=\u00bb.vc_custom_1575117686224{margin-top: -50px !important;}\u00bb][vc_column][\/vc_column][\/vc_row][vc_row margin_top=\u00bb40&#8243; margin_bottom=\u00bb20&#8243;][vc_column][vc_column_text css=\u00bb.vc_custom_1705669898965{margin-bottom: 10px !important;}\u00bb] Transparencia &#8211; Fundaci\u00f3 TAL Oberta [\/vc_column_text][\/vc_column][\/vc_row][vc_row gap=\u00bb20&#8243; equal_height=\u00bbyes\u00bb][vc_column width=\u00bb1\/3&#8243; css=\u00bb.vc_custom_1572977264842{border-radius: 3px !important;}\u00bb el_class=\u00bbtransp-col-links-ppales\u00bb][vc_column_text] INFORMACI\u00d3N CORPORATIVA [\/vc_column_text][vc_empty_space height=\u00bb60px\u00bb][\/vc_column][vc_column width=\u00bb1\/3&#8243; el_class=\u00bbtransp-col-links-ppales\u00bb][vc_column_text css=\u00bb\u00bb] CANAL DENUNCIAS\u00a0 \/\u00a0 SISTEMA INTERNO DE INFORMACI\u00d3N (SII GVA) [\/vc_column_text][\/vc_column][vc_column width=\u00bb1\/3&#8243; css=\u00bb.vc_custom_1676200595963{padding: 0px !important;border-radius: 3px !important;}\u00bb el_class=\u00bbtransp-col-links-ppales\u00bb][vc_column_text] RELACI\u00d3N CON&hellip;<\/p>\n","protected":false},"author":2,"featured_media":0,"parent":0,"menu_order":0,"comment_status":"closed","ping_status":"closed","template":"","meta":{"footnotes":""},"class_list":["post-785","page","type-page","status-publish","hentry","description-off"],"yoast_head":"<!-- This site is optimized with the Yoast SEO plugin v26.2 - https:\/\/yoast.com\/wordpress\/plugins\/seo\/ -->\n<title>Transparencia - Fundaci\u00f3 TAL<\/title>\n<meta name=\"description\" content=\"Conoce toda la informaci\u00f3n relativa al Portal de Transparencia de la Fundaci\u00f3n Tribunal de Arbitraje Laboral de la Comunidad Valenciana.\" \/>\n<meta name=\"robots\" content=\"index, follow, max-snippet:-1, max-image-preview:large, max-video-preview:-1\" \/>\n<link rel=\"canonical\" href=\"https:\/\/www.dev.fundaciontal.org\/es\/portal-de-transparencia\/\" \/>\n<meta property=\"og:locale\" content=\"es_ES\" \/>\n<meta property=\"og:type\" content=\"article\" \/>\n<meta property=\"og:title\" content=\"Transparencia - Fundaci\u00f3 TAL\" \/>\n<meta property=\"og:description\" content=\"Conoce toda la informaci\u00f3n relativa al Portal de Transparencia de la Fundaci\u00f3n Tribunal de Arbitraje Laboral de la Comunidad Valenciana.\" \/>\n<meta property=\"og:url\" content=\"https:\/\/www.dev.fundaciontal.org\/es\/portal-de-transparencia\/\" \/>\n<meta property=\"og:site_name\" content=\"Fundaci\u00f3 TAL\" \/>\n<meta property=\"article:modified_time\" content=\"2024-04-18T10:08:21+00:00\" \/>\n<meta name=\"twitter:card\" content=\"summary_large_image\" \/>\n<meta name=\"twitter:label1\" content=\"Tiempo de lectura\" \/>\n\t<meta name=\"twitter:data1\" content=\"3 minutos\" \/>\n<script type=\"application\/ld+json\" class=\"yoast-schema-graph\">{\"@context\":\"https:\/\/schema.org\",\"@graph\":[{\"@type\":\"WebPage\",\"@id\":\"https:\/\/www.dev.fundaciontal.org\/es\/portal-de-transparencia\/\",\"url\":\"https:\/\/www.dev.fundaciontal.org\/es\/portal-de-transparencia\/\",\"name\":\"Transparencia - Fundaci\u00f3 TAL\",\"isPartOf\":{\"@id\":\"https:\/\/www.dev.fundaciontal.org\/#website\"},\"datePublished\":\"2019-01-06T08:36:47+00:00\",\"dateModified\":\"2024-04-18T10:08:21+00:00\",\"description\":\"Conoce toda la informaci\u00f3n relativa al Portal de Transparencia de la Fundaci\u00f3n Tribunal de Arbitraje Laboral de la Comunidad Valenciana.\",\"breadcrumb\":{\"@id\":\"https:\/\/www.dev.fundaciontal.org\/es\/portal-de-transparencia\/#breadcrumb\"},\"inLanguage\":\"es\",\"potentialAction\":[{\"@type\":\"ReadAction\",\"target\":[\"https:\/\/www.dev.fundaciontal.org\/es\/portal-de-transparencia\/\"]}]},{\"@type\":\"BreadcrumbList\",\"@id\":\"https:\/\/www.dev.fundaciontal.org\/es\/portal-de-transparencia\/#breadcrumb\",\"itemListElement\":[{\"@type\":\"ListItem\",\"position\":1,\"name\":\"Portada\",\"item\":\"https:\/\/www.dev.fundaciontal.org\/es\/\"},{\"@type\":\"ListItem\",\"position\":2,\"name\":\"Transparencia\"}]},{\"@type\":\"WebSite\",\"@id\":\"https:\/\/www.dev.fundaciontal.org\/#website\",\"url\":\"https:\/\/www.dev.fundaciontal.org\/\",\"name\":\"Fundaci\u00f3 TAL\",\"description\":\"Fundaci\u00f3 Tribunal d&#039;Arbitratge Laboral de la Comunitat Valenciana\",\"publisher\":{\"@id\":\"https:\/\/www.dev.fundaciontal.org\/#organization\"},\"potentialAction\":[{\"@type\":\"SearchAction\",\"target\":{\"@type\":\"EntryPoint\",\"urlTemplate\":\"https:\/\/www.dev.fundaciontal.org\/?s={search_term_string}\"},\"query-input\":{\"@type\":\"PropertyValueSpecification\",\"valueRequired\":true,\"valueName\":\"search_term_string\"}}],\"inLanguage\":\"es\"},{\"@type\":\"Organization\",\"@id\":\"https:\/\/www.dev.fundaciontal.org\/#organization\",\"name\":\"Fundaci\u00f3 Tribunal d'Arbitratge Laboral de la Comunitat Valenciana\",\"url\":\"https:\/\/www.dev.fundaciontal.org\/\",\"logo\":{\"@type\":\"ImageObject\",\"inLanguage\":\"es\",\"@id\":\"https:\/\/www.dev.fundaciontal.org\/#\/schema\/logo\/image\/\",\"url\":\"https:\/\/www.dev.fundaciontal.org\/wp-content\/uploads\/2019\/11\/logo-tal-header-std.png\",\"contentUrl\":\"https:\/\/www.dev.fundaciontal.org\/wp-content\/uploads\/2019\/11\/logo-tal-header-std.png\",\"width\":299,\"height\":70,\"caption\":\"Fundaci\u00f3 Tribunal d'Arbitratge Laboral de la Comunitat Valenciana\"},\"image\":{\"@id\":\"https:\/\/www.dev.fundaciontal.org\/#\/schema\/logo\/image\/\"}}]}<\/script>\n<!-- \/ Yoast SEO plugin. -->","yoast_head_json":{"title":"Transparencia - Fundaci\u00f3 TAL","description":"Conoce toda la informaci\u00f3n relativa al Portal de Transparencia de la Fundaci\u00f3n Tribunal de Arbitraje Laboral de la Comunidad Valenciana.","robots":{"index":"index","follow":"follow","max-snippet":"max-snippet:-1","max-image-preview":"max-image-preview:large","max-video-preview":"max-video-preview:-1"},"canonical":"https:\/\/www.dev.fundaciontal.org\/es\/portal-de-transparencia\/","og_locale":"es_ES","og_type":"article","og_title":"Transparencia - Fundaci\u00f3 TAL","og_description":"Conoce toda la informaci\u00f3n relativa al Portal de Transparencia de la Fundaci\u00f3n Tribunal de Arbitraje Laboral de la Comunidad Valenciana.","og_url":"https:\/\/www.dev.fundaciontal.org\/es\/portal-de-transparencia\/","og_site_name":"Fundaci\u00f3 TAL","article_modified_time":"2024-04-18T10:08:21+00:00","twitter_card":"summary_large_image","twitter_misc":{"Tiempo de lectura":"3 minutos"},"schema":{"@context":"https:\/\/schema.org","@graph":[{"@type":"WebPage","@id":"https:\/\/www.dev.fundaciontal.org\/es\/portal-de-transparencia\/","url":"https:\/\/www.dev.fundaciontal.org\/es\/portal-de-transparencia\/","name":"Transparencia - Fundaci\u00f3 TAL","isPartOf":{"@id":"https:\/\/www.dev.fundaciontal.org\/#website"},"datePublished":"2019-01-06T08:36:47+00:00","dateModified":"2024-04-18T10:08:21+00:00","description":"Conoce toda la informaci\u00f3n relativa al Portal de Transparencia de la Fundaci\u00f3n Tribunal de Arbitraje Laboral de la Comunidad Valenciana.","breadcrumb":{"@id":"https:\/\/www.dev.fundaciontal.org\/es\/portal-de-transparencia\/#breadcrumb"},"inLanguage":"es","potentialAction":[{"@type":"ReadAction","target":["https:\/\/www.dev.fundaciontal.org\/es\/portal-de-transparencia\/"]}]},{"@type":"BreadcrumbList","@id":"https:\/\/www.dev.fundaciontal.org\/es\/portal-de-transparencia\/#breadcrumb","itemListElement":[{"@type":"ListItem","position":1,"name":"Portada","item":"https:\/\/www.dev.fundaciontal.org\/es\/"},{"@type":"ListItem","position":2,"name":"Transparencia"}]},{"@type":"WebSite","@id":"https:\/\/www.dev.fundaciontal.org\/#website","url":"https:\/\/www.dev.fundaciontal.org\/","name":"Fundaci\u00f3 TAL","description":"Fundaci\u00f3 Tribunal d&#039;Arbitratge Laboral de la Comunitat Valenciana","publisher":{"@id":"https:\/\/www.dev.fundaciontal.org\/#organization"},"potentialAction":[{"@type":"SearchAction","target":{"@type":"EntryPoint","urlTemplate":"https:\/\/www.dev.fundaciontal.org\/?s={search_term_string}"},"query-input":{"@type":"PropertyValueSpecification","valueRequired":true,"valueName":"search_term_string"}}],"inLanguage":"es"},{"@type":"Organization","@id":"https:\/\/www.dev.fundaciontal.org\/#organization","name":"Fundaci\u00f3 Tribunal d'Arbitratge Laboral de la Comunitat Valenciana","url":"https:\/\/www.dev.fundaciontal.org\/","logo":{"@type":"ImageObject","inLanguage":"es","@id":"https:\/\/www.dev.fundaciontal.org\/#\/schema\/logo\/image\/","url":"https:\/\/www.dev.fundaciontal.org\/wp-content\/uploads\/2019\/11\/logo-tal-header-std.png","contentUrl":"https:\/\/www.dev.fundaciontal.org\/wp-content\/uploads\/2019\/11\/logo-tal-header-std.png","width":299,"height":70,"caption":"Fundaci\u00f3 Tribunal d'Arbitratge Laboral de la Comunitat Valenciana"},"image":{"@id":"https:\/\/www.dev.fundaciontal.org\/#\/schema\/logo\/image\/"}}]}},"_links":{"self":[{"href":"https:\/\/www.dev.fundaciontal.org\/es\/wp-json\/wp\/v2\/pages\/785","targetHints":{"allow":["GET"]}}],"collection":[{"href":"https:\/\/www.dev.fundaciontal.org\/es\/wp-json\/wp\/v2\/pages"}],"about":[{"href":"https:\/\/www.dev.fundaciontal.org\/es\/wp-json\/wp\/v2\/types\/page"}],"author":[{"embeddable":true,"href":"https:\/\/www.dev.fundaciontal.org\/es\/wp-json\/wp\/v2\/users\/2"}],"replies":[{"embeddable":true,"href":"https:\/\/www.dev.fundaciontal.org\/es\/wp-json\/wp\/v2\/comments?post=785"}],"version-history":[{"count":16,"href":"https:\/\/www.dev.fundaciontal.org\/es\/wp-json\/wp\/v2\/pages\/785\/revisions"}],"predecessor-version":[{"id":2204,"href":"https:\/\/www.dev.fundaciontal.org\/es\/wp-json\/wp\/v2\/pages\/785\/revisions\/2204"}],"wp:attachment":[{"href":"https:\/\/www.dev.fundaciontal.org\/es\/wp-json\/wp\/v2\/media?parent=785"}],"curies":[{"name":"wp","href":"https:\/\/api.w.org\/{rel}","templated":true}]}}